{"id":1047,"date":"2023-06-06T09:37:54","date_gmt":"2023-06-06T07:37:54","guid":{"rendered":"https:\/\/itldarmstadt.de\/?page_id=1047"},"modified":"2023-08-31T15:55:23","modified_gmt":"2023-08-31T13:55:23","slug":"anfahrt","status":"publish","type":"page","link":"https:\/\/itlgmbh.de\/en\/anfahrt\/","title":{"rendered":"Ihr Weg zu uns"},"content":{"rendered":"<div class=\"wp-block-cover alignfull is-light\" style=\"min-height:550px;aspect-ratio:unset;\"><span aria-hidden=\"true\" class=\"wp-block-cover__background has-ast-global-color-6-background-color has-background-dim-40 has-background-dim\"><\/span><img loading=\"lazy\" decoding=\"async\" width=\"2721\" height=\"858\" class=\"wp-block-cover__image-background wp-image-1051\" alt=\"\" src=\"https:\/\/itldarmstadt.de\/wp-content\/uploads\/2023\/05\/ITL.png\" data-object-fit=\"cover\" srcset=\"https:\/\/itlgmbh.de\/wp-content\/uploads\/2023\/05\/ITL.png 2721w, https:\/\/itlgmbh.de\/wp-content\/uploads\/2023\/05\/ITL-300x95.png 300w, https:\/\/itlgmbh.de\/wp-content\/uploads\/2023\/05\/ITL-1024x323.png 1024w, https:\/\/itlgmbh.de\/wp-content\/uploads\/2023\/05\/ITL-768x242.png 768w, https:\/\/itlgmbh.de\/wp-content\/uploads\/2023\/05\/ITL-1536x484.png 1536w, https:\/\/itlgmbh.de\/wp-content\/uploads\/2023\/05\/ITL-2048x646.png 2048w, https:\/\/itlgmbh.de\/wp-content\/uploads\/2023\/05\/ITL-18x6.png 18w\" sizes=\"auto, (max-width: 2721px) 100vw, 2721px\" \/><div class=\"wp-block-cover__inner-container is-layout-flow wp-block-cover-is-layout-flow\">\n<p class=\"has-text-align-center has-ast-global-color-7-color has-text-color\">Get in touch<\/p>\n\n\n\n<h1 class=\"wp-block-heading has-text-align-center has-ast-global-color-7-color has-text-color\">Ihr Weg zu uns<\/h1>\n\n\n\n<hr class=\"wp-block-separator has-text-color has-white-color has-css-opacity has-white-background-color has-background aligncenter\"\/>\n<\/div><\/div>\n\n\n\n<div style=\"height:40px\" aria-hidden=\"true\" class=\"wp-block-spacer\"><\/div>\n\n\n\n<h2 class=\"wp-block-heading has-text-align-center\"><strong>We are looking forward to your visit in Darmstadt!<\/strong><\/h2>\n\n\n\n<p class=\"has-text-align-center\">Thanks to the close proximity to the Darmstadt interchange and Darmstadt's main train station<br>ou can easily find your way to us - whether by car, train or bus.<\/p>\n\n\n\n<p class=\"has-text-align-center has-medium-font-size\"><strong>Mina-Rees-Str. 8, 64295 Darmstadt<\/strong><\/p>\n\n\n\n<div class=\"wp-block-uagb-container uagb-block-9cb7dfb7 default uagb-is-root-container\">\n<div class=\"wp-block-uagb-container uagb-block-a09c8042\">\n<div class=\"wp-block-uagb-container uagb-block-a6f5d3fb\">\n<div class=\"wp-block-uagb-container uagb-block-0435e6fb\">\n<div class=\"wp-block-uagb-container uagb-block-ccf26139\">\n<h4 class=\"wp-block-heading\">Arrival by car<\/h4>\n\n\n\n<p>You can reach us via the A5\/A67 freeway: Exit A672 in the direction of Darmstadt\/Stadtmitte\/Griesheim.<br><br>Current Notice:<br>Due to the new construction of the Rheinstra\u00dfe bridge, car traffic will be directed via one-way rings. Mina-Rees-Stra\u00dfe is also only passable in one direction during this time. Do NOT follow the detour on Rheinstra\u00dfe in the direction of the city center. Continue on Rheinstra\u00dfe and turn right onto \"Am Kavalleriesand\". Take the next right into \"Mina-Rees-Stra\u00dfe\". You will find us on the left side.<\/p>\n<\/div>\n\n\n\n<div class=\"wp-block-uagb-container uagb-block-a9097aa4\">\n<h4 class=\"wp-block-heading\">Parking<\/h4>\n\n\n\n<p>Park conveniently right next to the entrance door in one of the two parking spaces reserved for ITL.<\/p>\n\n\n\n<figure class=\"wp-block-image size-large is-resized\"><img loading=\"lazy\" decoding=\"async\" src=\"https:\/\/itldarmstadt.de\/wp-content\/uploads\/2023\/05\/ITL-Parkplaetze-1024x461.png\" alt=\"\" class=\"wp-image-1062\" style=\"width:395px;height:178px\" width=\"395\" height=\"178\" srcset=\"https:\/\/itlgmbh.de\/wp-content\/uploads\/2023\/05\/ITL-Parkplaetze-1024x461.png 1024w, https:\/\/itlgmbh.de\/wp-content\/uploads\/2023\/05\/ITL-Parkplaetze-300x135.png 300w, https:\/\/itlgmbh.de\/wp-content\/uploads\/2023\/05\/ITL-Parkplaetze-768x346.png 768w, https:\/\/itlgmbh.de\/wp-content\/uploads\/2023\/05\/ITL-Parkplaetze-1536x691.png 1536w, https:\/\/itlgmbh.de\/wp-content\/uploads\/2023\/05\/ITL-Parkplaetze-2048x922.png 2048w, https:\/\/itlgmbh.de\/wp-content\/uploads\/2023\/05\/ITL-Parkplaetze-18x8.png 18w\" sizes=\"auto, (max-width: 395px) 100vw, 395px\" \/><\/figure>\n\n\n\n<div style=\"height:109px\" aria-hidden=\"true\" class=\"wp-block-spacer\"><\/div>\n<\/div>\n<\/div>\n\n\n\n<hr class=\"wp-block-separator has-alpha-channel-opacity is-style-wide\"\/>\n\n\n\n<div class=\"wp-block-uagb-container uagb-block-d4297ef5\">\n<div class=\"wp-block-uagb-container uagb-block-ee33ed79\">\n<h4 class=\"wp-block-heading\">Arrival by train<\/h4>\n\n\n\n<p>From Darmstadt main station you can reach us on foot in about 10 relaxed minutes.<br><br>Alternatively, take bus line K to the \"Mina-Rees-Stra\u00dfe\" stop.<br><br><a href=\"https:\/\/heagmobilo.de\/de\/fahrplaene?term_node_tid_depth%5B%5D=57\" target=\"_blank\" rel=\"noreferrer noopener\"><mark>Linie K \u2013 Timetable<\/mark><\/a><\/p>\n<\/div>\n\n\n\n<div class=\"wp-block-uagb-container uagb-block-82f14ea1\">\n<h4 class=\"wp-block-heading\">Arrival by bus<\/h4>\n\n\n\n<p>The bus line K stops directly at the bus stop \"Mina-Rees-Stra\u00dfe\" - a stone's throw away from us.<br><br><a href=\"https:\/\/heagmobilo.de\/de\/fahrplaene?term_node_tid_depth%5B%5D=57\" target=\"_blank\" rel=\"noreferrer noopener\"><mark>Linie K \u2013 Timetable<\/mark><\/a><br><\/p>\n\n\n\n<div style=\"height:69px\" aria-hidden=\"true\" class=\"wp-block-spacer\"><\/div>\n<\/div>\n<\/div>\n<\/div>\n<\/div>\n<\/div>","protected":false},"excerpt":{"rendered":"<p>Wir freuen uns auf Ihren Besuch in Darmstadt! Dank unmittelbarer N\u00e4he zum Darmst\u00e4dter Kreuz und zum Darmst\u00e4dter Hauptbahnhoffinden Sie den Weg zu uns ganz einfach &#8211; egal ob mit Auto, Bahn oder Bus. Mina-Rees-Str. 8, 64295 Darmstadt Anfahrt mit dem Auto Sie erreichen uns \u00fcber die Autobahn A5\/A67: Abfahrt A672 Richtung Darmstadt\/Stadtmitte\/Griesheim. Aktueller Hinweis:Aufgrund des &hellip;<\/p>\n<p class=\"read-more\"> <a class=\"\" href=\"https:\/\/itlgmbh.de\/en\/anfahrt\/\"> <span class=\"screen-reader-text\">Ihr Weg zu uns<\/span> Read More &raquo;<\/a><\/p>","protected":false},"author":2,"featured_media":0,"parent":0,"menu_order":0,"comment_status":"closed","ping_status":"closed","template":"","meta":{"_uag_custom_page_level_css":"","site-sidebar-layout":"default","site-content-layout":"plain-container","ast-main-header-display":"","ast-hfb-above-header-display":"","ast-hfb-below-header-display":"","ast-hfb-mobile-header-display":"","site-post-title":"disabled","ast-breadcrumbs-content":"","ast-featured-img":"","footer-sml-layout":"","theme-transparent-header-meta":"","adv-header-id-meta":"","stick-header-meta":"","header-above-stick-meta":"","header-main-stick-meta":"","header-below-stick-meta":"","footnotes":""},"class_list":["post-1047","page","type-page","status-publish","hentry"],"yoast_head":"<!-- This site is optimized with the Yoast SEO plugin v26.4 - https:\/\/yoast.com\/wordpress\/plugins\/seo\/ -->\n<title>Ihr Weg zu uns - ITL GmbH<\/title>\n<meta name=\"robots\" content=\"index, follow, max-snippet:-1, max-image-preview:large, max-video-preview:-1\" \/>\n<link rel=\"canonical\" href=\"https:\/\/itlgmbh.de\/en\/anfahrt\/\" \/>\n<meta property=\"og:locale\" content=\"en_GB\" \/>\n<meta property=\"og:type\" content=\"article\" \/>\n<meta property=\"og:title\" content=\"Ihr Weg zu uns - ITL GmbH\" \/>\n<meta property=\"og:description\" content=\"Wir freuen uns auf Ihren Besuch in Darmstadt! Dank unmittelbarer N\u00e4he zum Darmst\u00e4dter Kreuz und zum Darmst\u00e4dter Hauptbahnhoffinden Sie den Weg zu uns ganz einfach &#8211; egal ob mit Auto, Bahn oder Bus. Mina-Rees-Str. 8, 64295 Darmstadt Anfahrt mit dem Auto Sie erreichen uns \u00fcber die Autobahn A5\/A67: Abfahrt A672 Richtung Darmstadt\/Stadtmitte\/Griesheim. Aktueller Hinweis:Aufgrund des &hellip; Ihr Weg zu uns Read More &raquo;\" \/>\n<meta property=\"og:url\" content=\"https:\/\/itlgmbh.de\/en\/anfahrt\/\" \/>\n<meta property=\"og:site_name\" content=\"ITL GmbH\" \/>\n<meta property=\"article:modified_time\" content=\"2023-08-31T13:55:23+00:00\" \/>\n<meta property=\"og:image\" content=\"https:\/\/itldarmstadt.de\/wp-content\/uploads\/2023\/05\/ITL.png\" \/>\n<meta name=\"twitter:card\" content=\"summary_large_image\" \/>\n<meta name=\"twitter:label1\" content=\"Estimated reading time\" \/>\n\t<meta name=\"twitter:data1\" content=\"1 minute\" \/>\n<script type=\"application\/ld+json\" class=\"yoast-schema-graph\">{\"@context\":\"https:\/\/schema.org\",\"@graph\":[{\"@type\":\"WebPage\",\"@id\":\"https:\/\/itlgmbh.de\/anfahrt\/\",\"url\":\"https:\/\/itlgmbh.de\/anfahrt\/\",\"name\":\"Ihr Weg zu uns - ITL GmbH\",\"isPartOf\":{\"@id\":\"https:\/\/itlgmbh.de\/#website\"},\"primaryImageOfPage\":{\"@id\":\"https:\/\/itlgmbh.de\/anfahrt\/#primaryimage\"},\"image\":{\"@id\":\"https:\/\/itlgmbh.de\/anfahrt\/#primaryimage\"},\"thumbnailUrl\":\"https:\/\/itldarmstadt.de\/wp-content\/uploads\/2023\/05\/ITL.png\",\"datePublished\":\"2023-06-06T07:37:54+00:00\",\"dateModified\":\"2023-08-31T13:55:23+00:00\",\"breadcrumb\":{\"@id\":\"https:\/\/itlgmbh.de\/anfahrt\/#breadcrumb\"},\"inLanguage\":\"en-GB\",\"potentialAction\":[{\"@type\":\"ReadAction\",\"target\":[\"https:\/\/itlgmbh.de\/anfahrt\/\"]}]},{\"@type\":\"ImageObject\",\"inLanguage\":\"en-GB\",\"@id\":\"https:\/\/itlgmbh.de\/anfahrt\/#primaryimage\",\"url\":\"https:\/\/itldarmstadt.de\/wp-content\/uploads\/2023\/05\/ITL.png\",\"contentUrl\":\"https:\/\/itldarmstadt.de\/wp-content\/uploads\/2023\/05\/ITL.png\"},{\"@type\":\"BreadcrumbList\",\"@id\":\"https:\/\/itlgmbh.de\/anfahrt\/#breadcrumb\",\"itemListElement\":[{\"@type\":\"ListItem\",\"position\":1,\"name\":\"Startseite\",\"item\":\"https:\/\/itlgmbh.de\/\"},{\"@type\":\"ListItem\",\"position\":2,\"name\":\"Ihr Weg zu uns\"}]},{\"@type\":\"WebSite\",\"@id\":\"https:\/\/itlgmbh.de\/#website\",\"url\":\"https:\/\/itlgmbh.de\/\",\"name\":\"ITL GmbH\",\"description\":\"Eine weitere WordPress-Website\",\"publisher\":{\"@id\":\"https:\/\/itlgmbh.de\/#organization\"},\"potentialAction\":[{\"@type\":\"SearchAction\",\"target\":{\"@type\":\"EntryPoint\",\"urlTemplate\":\"https:\/\/itlgmbh.de\/?s={search_term_string}\"},\"query-input\":{\"@type\":\"PropertyValueSpecification\",\"valueRequired\":true,\"valueName\":\"search_term_string\"}}],\"inLanguage\":\"en-GB\"},{\"@type\":\"Organization\",\"@id\":\"https:\/\/itlgmbh.de\/#organization\",\"name\":\"ITL GmbH\",\"url\":\"https:\/\/itlgmbh.de\/\",\"logo\":{\"@type\":\"ImageObject\",\"inLanguage\":\"en-GB\",\"@id\":\"https:\/\/itlgmbh.de\/#\/schema\/logo\/image\/\",\"url\":\"https:\/\/itlgmbh.de\/wp-content\/uploads\/2022\/06\/cropped-Logo.gif\",\"contentUrl\":\"https:\/\/itlgmbh.de\/wp-content\/uploads\/2022\/06\/cropped-Logo.gif\",\"width\":496,\"height\":289,\"caption\":\" ITL GmbH\"},\"image\":{\"@id\":\"https:\/\/itlgmbh.de\/#\/schema\/logo\/image\/\"}}]}<\/script>\n<!-- \/ Yoast SEO plugin. -->","yoast_head_json":{"title":"Ihr Weg zu uns - ITL GmbH","robots":{"index":"index","follow":"follow","max-snippet":"max-snippet:-1","max-image-preview":"max-image-preview:large","max-video-preview":"max-video-preview:-1"},"canonical":"https:\/\/itlgmbh.de\/en\/anfahrt\/","og_locale":"en_GB","og_type":"article","og_title":"Ihr Weg zu uns - ITL GmbH","og_description":"Wir freuen uns auf Ihren Besuch in Darmstadt! Dank unmittelbarer N\u00e4he zum Darmst\u00e4dter Kreuz und zum Darmst\u00e4dter Hauptbahnhoffinden Sie den Weg zu uns ganz einfach &#8211; egal ob mit Auto, Bahn oder Bus. Mina-Rees-Str. 8, 64295 Darmstadt Anfahrt mit dem Auto Sie erreichen uns \u00fcber die Autobahn A5\/A67: Abfahrt A672 Richtung Darmstadt\/Stadtmitte\/Griesheim. Aktueller Hinweis:Aufgrund des &hellip; Ihr Weg zu uns Read More &raquo;","og_url":"https:\/\/itlgmbh.de\/en\/anfahrt\/","og_site_name":"ITL GmbH","article_modified_time":"2023-08-31T13:55:23+00:00","og_image":[{"url":"https:\/\/itldarmstadt.de\/wp-content\/uploads\/2023\/05\/ITL.png","type":"","width":"","height":""}],"twitter_card":"summary_large_image","twitter_misc":{"Estimated reading time":"1 minute"},"schema":{"@context":"https:\/\/schema.org","@graph":[{"@type":"WebPage","@id":"https:\/\/itlgmbh.de\/anfahrt\/","url":"https:\/\/itlgmbh.de\/anfahrt\/","name":"Ihr Weg zu uns - ITL GmbH","isPartOf":{"@id":"https:\/\/itlgmbh.de\/#website"},"primaryImageOfPage":{"@id":"https:\/\/itlgmbh.de\/anfahrt\/#primaryimage"},"image":{"@id":"https:\/\/itlgmbh.de\/anfahrt\/#primaryimage"},"thumbnailUrl":"https:\/\/itldarmstadt.de\/wp-content\/uploads\/2023\/05\/ITL.png","datePublished":"2023-06-06T07:37:54+00:00","dateModified":"2023-08-31T13:55:23+00:00","breadcrumb":{"@id":"https:\/\/itlgmbh.de\/anfahrt\/#breadcrumb"},"inLanguage":"en-GB","potentialAction":[{"@type":"ReadAction","target":["https:\/\/itlgmbh.de\/anfahrt\/"]}]},{"@type":"ImageObject","inLanguage":"en-GB","@id":"https:\/\/itlgmbh.de\/anfahrt\/#primaryimage","url":"https:\/\/itldarmstadt.de\/wp-content\/uploads\/2023\/05\/ITL.png","contentUrl":"https:\/\/itldarmstadt.de\/wp-content\/uploads\/2023\/05\/ITL.png"},{"@type":"BreadcrumbList","@id":"https:\/\/itlgmbh.de\/anfahrt\/#breadcrumb","itemListElement":[{"@type":"ListItem","position":1,"name":"Startseite","item":"https:\/\/itlgmbh.de\/"},{"@type":"ListItem","position":2,"name":"Ihr Weg zu uns"}]},{"@type":"WebSite","@id":"https:\/\/itlgmbh.de\/#website","url":"https:\/\/itlgmbh.de\/","name":"ITL GmbH","description":"Eine weitere WordPress-Website","publisher":{"@id":"https:\/\/itlgmbh.de\/#organization"},"potentialAction":[{"@type":"SearchAction","target":{"@type":"EntryPoint","urlTemplate":"https:\/\/itlgmbh.de\/?s={search_term_string}"},"query-input":{"@type":"PropertyValueSpecification","valueRequired":true,"valueName":"search_term_string"}}],"inLanguage":"en-GB"},{"@type":"Organization","@id":"https:\/\/itlgmbh.de\/#organization","name":"ITL GmbH","url":"https:\/\/itlgmbh.de\/","logo":{"@type":"ImageObject","inLanguage":"en-GB","@id":"https:\/\/itlgmbh.de\/#\/schema\/logo\/image\/","url":"https:\/\/itlgmbh.de\/wp-content\/uploads\/2022\/06\/cropped-Logo.gif","contentUrl":"https:\/\/itlgmbh.de\/wp-content\/uploads\/2022\/06\/cropped-Logo.gif","width":496,"height":289,"caption":" ITL GmbH"},"image":{"@id":"https:\/\/itlgmbh.de\/#\/schema\/logo\/image\/"}}]}},"uagb_featured_image_src":{"full":false,"thumbnail":false,"medium":false,"medium_large":false,"large":false,"1536x1536":false,"2048x2048":false,"trp-custom-language-flag":false},"uagb_author_info":{"display_name":"Nina Tomini","author_link":"https:\/\/itlgmbh.de\/en\/author\/tominnina1\/"},"uagb_comment_info":0,"uagb_excerpt":"Wir freuen uns auf Ihren Besuch in Darmstadt! Dank unmittelbarer N\u00e4he zum Darmst\u00e4dter Kreuz und zum Darmst\u00e4dter Hauptbahnhoffinden Sie den Weg zu uns ganz einfach &#8211; egal ob mit Auto, Bahn oder Bus. Mina-Rees-Str. 8, 64295 Darmstadt Anfahrt mit dem Auto Sie erreichen uns \u00fcber die Autobahn A5\/A67: Abfahrt A672 Richtung Darmstadt\/Stadtmitte\/Griesheim. Aktueller Hinweis:Aufgrund des&hellip;","_links":{"self":[{"href":"https:\/\/itlgmbh.de\/en\/wp-json\/wp\/v2\/pages\/1047","targetHints":{"allow":["GET"]}}],"collection":[{"href":"https:\/\/itlgmbh.de\/en\/wp-json\/wp\/v2\/pages"}],"about":[{"href":"https:\/\/itlgmbh.de\/en\/wp-json\/wp\/v2\/types\/page"}],"author":[{"embeddable":true,"href":"https:\/\/itlgmbh.de\/en\/wp-json\/wp\/v2\/users\/2"}],"replies":[{"embeddable":true,"href":"https:\/\/itlgmbh.de\/en\/wp-json\/wp\/v2\/comments?post=1047"}],"version-history":[{"count":36,"href":"https:\/\/itlgmbh.de\/en\/wp-json\/wp\/v2\/pages\/1047\/revisions"}],"predecessor-version":[{"id":1631,"href":"https:\/\/itlgmbh.de\/en\/wp-json\/wp\/v2\/pages\/1047\/revisions\/1631"}],"wp:attachment":[{"href":"https:\/\/itlgmbh.de\/en\/wp-json\/wp\/v2\/media?parent=1047"}],"curies":[{"name":"wp","href":"https:\/\/api.w.org\/{rel}","templated":true}]}}