{"id":1183,"date":"2023-08-31T12:22:12","date_gmt":"2023-08-31T10:22:12","guid":{"rendered":"https:\/\/itldarmstadt.de\/?page_id=1183"},"modified":"2023-08-31T16:00:23","modified_gmt":"2023-08-31T14:00:23","slug":"standardloesungen","status":"publish","type":"page","link":"https:\/\/itlgmbh.de\/en\/standardloesungen\/","title":{"rendered":"Standardl\u00f6sungen"},"content":{"rendered":"<div class=\"wp-block-cover alignfull is-light\" style=\"min-height:550px;aspect-ratio:unset;\"><span aria-hidden=\"true\" class=\"wp-block-cover__background has-ast-global-color-6-background-color has-background-dim\"><\/span><img loading=\"lazy\" decoding=\"async\" width=\"2721\" height=\"858\" class=\"wp-block-cover__image-background wp-image-1051\" alt=\"\" src=\"https:\/\/itldarmstadt.de\/wp-content\/uploads\/2023\/05\/ITL.png\" data-object-fit=\"cover\" srcset=\"https:\/\/itlgmbh.de\/wp-content\/uploads\/2023\/05\/ITL.png 2721w, https:\/\/itlgmbh.de\/wp-content\/uploads\/2023\/05\/ITL-300x95.png 300w, https:\/\/itlgmbh.de\/wp-content\/uploads\/2023\/05\/ITL-1024x323.png 1024w, https:\/\/itlgmbh.de\/wp-content\/uploads\/2023\/05\/ITL-768x242.png 768w, https:\/\/itlgmbh.de\/wp-content\/uploads\/2023\/05\/ITL-1536x484.png 1536w, https:\/\/itlgmbh.de\/wp-content\/uploads\/2023\/05\/ITL-2048x646.png 2048w, https:\/\/itlgmbh.de\/wp-content\/uploads\/2023\/05\/ITL-18x6.png 18w\" sizes=\"auto, (max-width: 2721px) 100vw, 2721px\" \/><div class=\"wp-block-cover__inner-container is-layout-flow wp-block-cover-is-layout-flow\">\n<p class=\"has-text-align-center has-ast-global-color-7-color has-text-color\">Things we do for you<\/p>\n\n\n\n<h1 class=\"wp-block-heading has-text-align-center has-white-color has-text-color\">Flexible standard solutions<\/h1>\n\n\n\n<hr class=\"wp-block-separator has-text-color has-white-color has-alpha-channel-opacity has-white-background-color has-background aligncenter\"\/>\n<\/div><\/div>\n\n\n\n<div style=\"height:40px\" aria-hidden=\"true\" class=\"wp-block-spacer\"><\/div>\n\n\n\n<h2 class=\"wp-block-heading has-text-align-center\">One thing first: <br>Our standard solutions are highly flexible!<\/h2>\n\n\n\n<p class=\"has-text-align-center\" style=\"font-size:18px\"><strong>Our goal: The optimal solution for our customers.<\/strong><\/p>\n\n\n\n<div class=\"wp-block-columns alignwide is-layout-flex wp-container-core-columns-is-layout-9d6595d7 wp-block-columns-is-layout-flex\">\n<div class=\"wp-block-column has-ast-global-color-4-background-color has-background is-layout-flow wp-block-column-is-layout-flow\">\n<div style=\"height:20px\" aria-hidden=\"true\" class=\"wp-block-spacer\"><\/div>\n\n\n\n<h3 class=\"wp-block-heading has-text-align-center has-ast-global-color-2-color has-text-color\">HERA<\/h3>\n\n\n\n<h4 class=\"wp-block-heading has-text-align-center\">The analysis tool for <br>manufacturer discounts<\/h4>\n\n\n\n<p class=\"has-text-align-center has-ast-global-color-0-color has-text-color\"><strong>Comprehensive services with <\/strong><br><strong>high time and safety gains.<\/strong><\/p>\n\n\n\n<figure class=\"wp-block-image size-full\"><img loading=\"lazy\" decoding=\"async\" width=\"1001\" height=\"629\" src=\"https:\/\/itldarmstadt.de\/wp-content\/uploads\/2023\/06\/hera.png\" alt=\"\" class=\"wp-image-1203\" srcset=\"https:\/\/itlgmbh.de\/wp-content\/uploads\/2023\/06\/hera.png 1001w, https:\/\/itlgmbh.de\/wp-content\/uploads\/2023\/06\/hera-300x189.png 300w, https:\/\/itlgmbh.de\/wp-content\/uploads\/2023\/06\/hera-768x483.png 768w, https:\/\/itlgmbh.de\/wp-content\/uploads\/2023\/06\/hera-18x12.png 18w\" sizes=\"auto, (max-width: 1001px) 100vw, 1001px\" \/><\/figure>\n\n\n\n<p class=\"has-text-align-center has-ast-global-color-3-color has-text-color\">Import ARZ data, perform plausibility checks and report errors at the \"push of a button\".<br>Reduces the effort, gives security and even evaluations become \"a walk in the park\". <\/p>\n\n\n\n<div class=\"wp-block-buttons is-content-justification-center is-layout-flex wp-container-core-buttons-is-layout-16018d1d wp-block-buttons-is-layout-flex\">\n<div class=\"wp-block-button\"><a class=\"wp-block-button__link wp-element-button\" href=\"https:\/\/itlgmbh.de\/wp-content\/uploads\/2023\/08\/hera_flyer.pdf\" target=\"_blank\" rel=\"noreferrer noopener\">Learn more<\/a><\/div>\n<\/div>\n\n\n\n<div style=\"height:20px\" aria-hidden=\"true\" class=\"wp-block-spacer\"><\/div>\n<\/div>\n\n\n\n<div class=\"wp-block-column has-ast-global-color-4-background-color has-background is-layout-flow wp-block-column-is-layout-flow\">\n<div style=\"height:20px\" aria-hidden=\"true\" class=\"wp-block-spacer\"><\/div>\n\n\n\n<h3 class=\"wp-block-heading has-text-align-center has-ast-global-color-2-color has-text-color\">CARDEA<\/h3>\n\n\n\n<h4 class=\"wp-block-heading has-text-align-center\">The all-rounder for discount deals with health insurers<\/h4>\n\n\n\n<p class=\"has-text-align-center has-ast-global-color-0-color has-text-color\"><strong>Maintaining an overview, managing complexity, gaining security.<\/strong><\/p>\n\n\n\n<figure class=\"wp-block-image size-full\"><img loading=\"lazy\" decoding=\"async\" width=\"1001\" height=\"629\" src=\"https:\/\/itldarmstadt.de\/wp-content\/uploads\/2023\/06\/cardea-2.png\" alt=\"\" class=\"wp-image-1201\" srcset=\"https:\/\/itlgmbh.de\/wp-content\/uploads\/2023\/06\/cardea-2.png 1001w, https:\/\/itlgmbh.de\/wp-content\/uploads\/2023\/06\/cardea-2-300x189.png 300w, https:\/\/itlgmbh.de\/wp-content\/uploads\/2023\/06\/cardea-2-768x483.png 768w, https:\/\/itlgmbh.de\/wp-content\/uploads\/2023\/06\/cardea-2-18x12.png 18w\" sizes=\"auto, (max-width: 1001px) 100vw, 1001px\" \/><\/figure>\n\n\n\n<p class=\"has-text-align-center has-ast-global-color-3-color has-text-color\">Manage a multitude of data, complex processes and countless interdependencies with just one tool.<br>Keep track of information on health insurance companies, contracts and tenders at all times. <\/p>\n\n\n\n<div class=\"wp-block-buttons is-content-justification-center is-layout-flex wp-container-core-buttons-is-layout-16018d1d wp-block-buttons-is-layout-flex\">\n<div class=\"wp-block-button\"><a class=\"wp-block-button__link wp-element-button\" href=\"https:\/\/itlgmbh.de\/wp-content\/uploads\/2023\/08\/cardea_broschuere.pdf\" target=\"_blank\" rel=\"noreferrer noopener\">Learn more<\/a><\/div>\n<\/div>\n\n\n\n<div style=\"height:20px\" aria-hidden=\"true\" class=\"wp-block-spacer\"><\/div>\n<\/div>\n\n\n\n<div class=\"wp-block-column has-ast-global-color-4-background-color has-background is-layout-flow wp-block-column-is-layout-flow\">\n<div style=\"height:20px\" aria-hidden=\"true\" class=\"wp-block-spacer\"><\/div>\n\n\n\n<h3 class=\"wp-block-heading has-text-align-center has-ast-global-color-2-color has-text-color\">TABEA<\/h3>\n\n\n\n<h4 class=\"wp-block-heading has-text-align-center\">The all-in-one tablet solution for your sales force<\/h4>\n\n\n\n<p class=\"has-text-align-center has-ast-global-color-0-color has-text-color\"><strong>Innovative, convenient and <\/strong><br><strong>amazingly simple<\/strong><\/p>\n\n\n\n<figure class=\"wp-block-image size-full\"><img loading=\"lazy\" decoding=\"async\" width=\"1001\" height=\"629\" src=\"https:\/\/itldarmstadt.de\/wp-content\/uploads\/2023\/06\/tabea-1.png\" alt=\"\" class=\"wp-image-1195\" srcset=\"https:\/\/itlgmbh.de\/wp-content\/uploads\/2023\/06\/tabea-1.png 1001w, https:\/\/itlgmbh.de\/wp-content\/uploads\/2023\/06\/tabea-1-300x189.png 300w, https:\/\/itlgmbh.de\/wp-content\/uploads\/2023\/06\/tabea-1-768x483.png 768w, https:\/\/itlgmbh.de\/wp-content\/uploads\/2023\/06\/tabea-1-18x12.png 18w\" sizes=\"auto, (max-width: 1001px) 100vw, 1001px\" \/><\/figure>\n\n\n\n<p class=\"has-text-align-center\">Customer indes card, visit,, order entry, expense recording, sales folder, tour planning, presentation, communication.<br>Fast and easy with a charming, intuitive user interface that is also a lot of fun. All on just one tablet PC!<strong> <\/strong><br><\/p>\n\n\n\n<div class=\"wp-block-buttons is-content-justification-center is-layout-flex wp-container-core-buttons-is-layout-16018d1d wp-block-buttons-is-layout-flex\">\n<div class=\"wp-block-button\"><a class=\"wp-block-button__link wp-element-button\" href=\"https:\/\/itlgmbh.de\/wp-content\/uploads\/2023\/08\/tabea_broschuere.pdf\" target=\"_blank\" rel=\"noreferrer noopener\">Learn more<\/a><\/div>\n<\/div>\n\n\n\n<div style=\"height:20px\" aria-hidden=\"true\" class=\"wp-block-spacer\"><\/div>\n<\/div>\n<\/div>\n\n\n\n<div class=\"wp-block-columns alignwide is-layout-flex wp-container-core-columns-is-layout-9d6595d7 wp-block-columns-is-layout-flex\">\n<div class=\"wp-block-column has-ast-global-color-4-background-color has-background is-layout-flow wp-block-column-is-layout-flow\">\n<div style=\"height:20px\" aria-hidden=\"true\" class=\"wp-block-spacer\"><\/div>\n\n\n\n<h3 class=\"wp-block-heading has-text-align-center has-ast-global-color-2-color has-text-color\">PREFID<\/h3>\n\n\n\n<h4 class=\"wp-block-heading has-text-align-center\">The solution for relaxed price management<\/h4>\n\n\n\n<p class=\"has-text-align-center has-ast-global-color-0-color has-text-color\"><strong>Fast, simple and secure <\/strong><br><strong>processing of price changes.<\/strong><\/p>\n\n\n\n<figure class=\"wp-block-image size-full\"><img loading=\"lazy\" decoding=\"async\" width=\"1000\" height=\"629\" src=\"https:\/\/itlgmbh.de\/wp-content\/uploads\/2023\/08\/prefid.png\" alt=\"\" class=\"wp-image-1509\" srcset=\"https:\/\/itlgmbh.de\/wp-content\/uploads\/2023\/08\/prefid.png 1000w, https:\/\/itlgmbh.de\/wp-content\/uploads\/2023\/08\/prefid-300x189.png 300w, https:\/\/itlgmbh.de\/wp-content\/uploads\/2023\/08\/prefid-768x483.png 768w, https:\/\/itlgmbh.de\/wp-content\/uploads\/2023\/08\/prefid-18x12.png 18w\" sizes=\"auto, (max-width: 1000px) 100vw, 1000px\" \/><\/figure>\n\n\n\n<p class=\"has-text-align-center has-ast-global-color-3-color has-text-color\">From price entry &amp; price approval to IFA reporting and creation of new price lists: PREFID saves time and avoids errors. Highlights: Fast usability of competitor prices (IFA data) &amp; impact analysis.<br><\/p>\n\n\n\n<div class=\"wp-block-buttons is-content-justification-center is-layout-flex wp-container-core-buttons-is-layout-16018d1d wp-block-buttons-is-layout-flex\">\n<div class=\"wp-block-button\"><a class=\"wp-block-button__link wp-element-button\" href=\"https:\/\/itlgmbh.de\/wp-content\/uploads\/2023\/08\/prefid_broschuere.pdf\" target=\"_blank\" rel=\"noreferrer noopener\">Learn more<\/a><\/div>\n<\/div>\n\n\n\n<div style=\"height:20px\" aria-hidden=\"true\" class=\"wp-block-spacer\"><\/div>\n<\/div>\n\n\n\n<div class=\"wp-block-column has-ast-global-color-4-background-color has-background is-layout-flow wp-block-column-is-layout-flow\">\n<div style=\"height:20px\" aria-hidden=\"true\" class=\"wp-block-spacer\"><\/div>\n\n\n\n<h3 class=\"wp-block-heading has-text-align-center has-ast-global-color-2-color has-text-color\">LAWEA<\/h3>\n\n\n\n<h4 class=\"wp-block-heading has-text-align-center\">Efficient handling of inventory value loss notifications<\/h4>\n\n\n\n<p class=\"has-text-align-center has-ast-global-color-0-color has-text-color\"><strong>Process optimization minimizes <\/strong><br><strong>the use of resources.<\/strong><\/p>\n\n\n\n<figure class=\"wp-block-image size-full\"><img loading=\"lazy\" decoding=\"async\" width=\"1000\" height=\"629\" src=\"https:\/\/itlgmbh.de\/wp-content\/uploads\/2023\/08\/lawea.png\" alt=\"\" class=\"wp-image-1511\" srcset=\"https:\/\/itlgmbh.de\/wp-content\/uploads\/2023\/08\/lawea.png 1000w, https:\/\/itlgmbh.de\/wp-content\/uploads\/2023\/08\/lawea-300x189.png 300w, https:\/\/itlgmbh.de\/wp-content\/uploads\/2023\/08\/lawea-768x483.png 768w, https:\/\/itlgmbh.de\/wp-content\/uploads\/2023\/08\/lawea-18x12.png 18w\" sizes=\"auto, (max-width: 1000px) 100vw, 1000px\" \/><\/figure>\n\n\n\n<p class=\"has-text-align-center has-ast-global-color-3-color has-text-color\">Minimization of personnel costs due to high degree of automation: data import, plausibility checks, printing &amp; dispatch of credit notes. Advantage: Only non-plausible receivables need to be checked by specialists.<br><\/p>\n\n\n\n<div class=\"wp-block-buttons is-content-justification-center is-layout-flex wp-container-core-buttons-is-layout-16018d1d wp-block-buttons-is-layout-flex\">\n<div class=\"wp-block-button\"><a class=\"wp-block-button__link wp-element-button\" href=\"https:\/\/itlgmbh.de\/wp-content\/uploads\/2023\/08\/lawea_broschuere.pdf\" target=\"_blank\" rel=\"noreferrer noopener\">Learn more<\/a><\/div>\n<\/div>\n\n\n\n<div style=\"height:20px\" aria-hidden=\"true\" class=\"wp-block-spacer\"><\/div>\n<\/div>\n\n\n\n<div class=\"wp-block-column has-ast-global-color-4-background-color has-background is-layout-flow wp-block-column-is-layout-flow\">\n<div style=\"height:20px\" aria-hidden=\"true\" class=\"wp-block-spacer\"><\/div>\n\n\n\n<h3 class=\"wp-block-heading has-text-align-center has-ast-global-color-2-color has-text-color\">MARA<\/h3>\n\n\n\n<h4 class=\"wp-block-heading has-text-align-center\">Elegant handling of <br>Regulatory Affairs<\/h4>\n\n\n\n<p class=\"has-text-align-center has-ast-global-color-0-color has-text-color\"><strong>Central and clear <\/strong><br><strong>management of approvals.<\/strong><\/p>\n\n\n\n<figure class=\"wp-block-image size-full\"><img loading=\"lazy\" decoding=\"async\" width=\"1000\" height=\"629\" src=\"https:\/\/itlgmbh.de\/wp-content\/uploads\/2023\/08\/mara.png\" alt=\"\" class=\"wp-image-1512\" srcset=\"https:\/\/itlgmbh.de\/wp-content\/uploads\/2023\/08\/mara.png 1000w, https:\/\/itlgmbh.de\/wp-content\/uploads\/2023\/08\/mara-300x189.png 300w, https:\/\/itlgmbh.de\/wp-content\/uploads\/2023\/08\/mara-768x483.png 768w, https:\/\/itlgmbh.de\/wp-content\/uploads\/2023\/08\/mara-18x12.png 18w\" sizes=\"auto, (max-width: 1000px) 100vw, 1000px\" \/><\/figure>\n\n\n\n<p class=\"has-text-align-center has-ast-global-color-3-color has-text-color\">Data, documents, files, authority communication centrally in one database. <br>On top: user-friendly design, integrated task &amp; deadline management as well as numerous additional functions. <\/p>\n\n\n\n<div class=\"wp-block-buttons is-content-justification-center is-layout-flex wp-container-core-buttons-is-layout-16018d1d wp-block-buttons-is-layout-flex\">\n<div class=\"wp-block-button\"><a class=\"wp-block-button__link wp-element-button\" href=\"https:\/\/itlgmbh.de\/wp-content\/uploads\/2023\/08\/mara_broschuere.pdf\" target=\"_blank\" rel=\"noreferrer noopener\">Learn more<\/a><\/div>\n<\/div>\n\n\n\n<div style=\"height:20px\" aria-hidden=\"true\" class=\"wp-block-spacer\"><\/div>\n<\/div>\n<\/div>\n\n\n\n<div style=\"height:40px\" aria-hidden=\"true\" class=\"wp-block-spacer\"><\/div>","protected":false},"excerpt":{"rendered":"<p>Eines vorweg: Unsere Standardl\u00f6sungen sind hoch flexibel! Unser Ziel: Die optimale L\u00f6sung f\u00fcr unsere Kunden. HERA Das Analysetool f\u00fcr Herstellerrabatt-Daten Umfangreiche Leistungen mit hohem Zeit- und Sicherheitsgewinn. Per &#8222;Knopfdruck&#8220; ARZ-Daten importieren, Plausibilit\u00e4tspr\u00fcfungen durchf\u00fchren und Fehler ausweisen.Reduziert den Aufwand, gibt Sicherheit und selbst Auswertungen werden zum &#8222;Kinderspiel&#8220;. CARDEA Der Allrounder f\u00fcr Rabattgesch\u00e4fte mit den Krankenkassen \u00dcberblick &hellip;<\/p>\n<p class=\"read-more\"> <a class=\"\" href=\"https:\/\/itlgmbh.de\/en\/standardloesungen\/\"> <span class=\"screen-reader-text\">Standardl\u00f6sungen<\/span> Read More &raquo;<\/a><\/p>","protected":false},"author":2,"featured_media":0,"parent":0,"menu_order":0,"comment_status":"closed","ping_status":"closed","template":"","meta":{"_uag_custom_page_level_css":"","site-sidebar-layout":"default","site-content-layout":"plain-container","ast-main-header-display":"","ast-hfb-above-header-display":"","ast-hfb-below-header-display":"","ast-hfb-mobile-header-display":"","site-post-title":"disabled","ast-breadcrumbs-content":"","ast-featured-img":"","footer-sml-layout":"","theme-transparent-header-meta":"","adv-header-id-meta":"","stick-header-meta":"","header-above-stick-meta":"","header-main-stick-meta":"","header-below-stick-meta":"","footnotes":""},"class_list":["post-1183","page","type-page","status-publish","hentry"],"yoast_head":"<!-- This site is optimized with the Yoast SEO plugin v26.4 - https:\/\/yoast.com\/wordpress\/plugins\/seo\/ -->\n<title>Standardl\u00f6sungen - ITL GmbH<\/title>\n<meta name=\"robots\" content=\"index, follow, max-snippet:-1, max-image-preview:large, max-video-preview:-1\" \/>\n<link rel=\"canonical\" href=\"https:\/\/itlgmbh.de\/en\/standardloesungen\/\" \/>\n<meta property=\"og:locale\" content=\"en_GB\" \/>\n<meta property=\"og:type\" content=\"article\" \/>\n<meta property=\"og:title\" content=\"Standardl\u00f6sungen - ITL GmbH\" \/>\n<meta property=\"og:description\" content=\"Eines vorweg: Unsere Standardl\u00f6sungen sind hoch flexibel! Unser Ziel: Die optimale L\u00f6sung f\u00fcr unsere Kunden. HERA Das Analysetool f\u00fcr Herstellerrabatt-Daten Umfangreiche Leistungen mit hohem Zeit- und Sicherheitsgewinn. Per &#8222;Knopfdruck&#8220; ARZ-Daten importieren, Plausibilit\u00e4tspr\u00fcfungen durchf\u00fchren und Fehler ausweisen.Reduziert den Aufwand, gibt Sicherheit und selbst Auswertungen werden zum &#8222;Kinderspiel&#8220;. CARDEA Der Allrounder f\u00fcr Rabattgesch\u00e4fte mit den Krankenkassen \u00dcberblick &hellip; Standardl\u00f6sungen Read More &raquo;\" \/>\n<meta property=\"og:url\" content=\"https:\/\/itlgmbh.de\/en\/standardloesungen\/\" \/>\n<meta property=\"og:site_name\" content=\"ITL GmbH\" \/>\n<meta property=\"article:modified_time\" content=\"2023-08-31T14:00:23+00:00\" \/>\n<meta property=\"og:image\" content=\"https:\/\/itldarmstadt.de\/wp-content\/uploads\/2023\/05\/ITL.png\" \/>\n<meta name=\"twitter:card\" content=\"summary_large_image\" \/>\n<meta name=\"twitter:label1\" content=\"Estimated reading time\" \/>\n\t<meta name=\"twitter:data1\" content=\"1 minute\" \/>\n<script type=\"application\/ld+json\" class=\"yoast-schema-graph\">{\"@context\":\"https:\/\/schema.org\",\"@graph\":[{\"@type\":\"WebPage\",\"@id\":\"https:\/\/itlgmbh.de\/standardloesungen\/\",\"url\":\"https:\/\/itlgmbh.de\/standardloesungen\/\",\"name\":\"Standardl\u00f6sungen - ITL GmbH\",\"isPartOf\":{\"@id\":\"https:\/\/itlgmbh.de\/#website\"},\"primaryImageOfPage\":{\"@id\":\"https:\/\/itlgmbh.de\/standardloesungen\/#primaryimage\"},\"image\":{\"@id\":\"https:\/\/itlgmbh.de\/standardloesungen\/#primaryimage\"},\"thumbnailUrl\":\"https:\/\/itldarmstadt.de\/wp-content\/uploads\/2023\/05\/ITL.png\",\"datePublished\":\"2023-08-31T10:22:12+00:00\",\"dateModified\":\"2023-08-31T14:00:23+00:00\",\"breadcrumb\":{\"@id\":\"https:\/\/itlgmbh.de\/standardloesungen\/#breadcrumb\"},\"inLanguage\":\"en-GB\",\"potentialAction\":[{\"@type\":\"ReadAction\",\"target\":[\"https:\/\/itlgmbh.de\/standardloesungen\/\"]}]},{\"@type\":\"ImageObject\",\"inLanguage\":\"en-GB\",\"@id\":\"https:\/\/itlgmbh.de\/standardloesungen\/#primaryimage\",\"url\":\"https:\/\/itldarmstadt.de\/wp-content\/uploads\/2023\/05\/ITL.png\",\"contentUrl\":\"https:\/\/itldarmstadt.de\/wp-content\/uploads\/2023\/05\/ITL.png\"},{\"@type\":\"BreadcrumbList\",\"@id\":\"https:\/\/itlgmbh.de\/standardloesungen\/#breadcrumb\",\"itemListElement\":[{\"@type\":\"ListItem\",\"position\":1,\"name\":\"Startseite\",\"item\":\"https:\/\/itlgmbh.de\/\"},{\"@type\":\"ListItem\",\"position\":2,\"name\":\"Standardl\u00f6sungen\"}]},{\"@type\":\"WebSite\",\"@id\":\"https:\/\/itlgmbh.de\/#website\",\"url\":\"https:\/\/itlgmbh.de\/\",\"name\":\"ITL GmbH\",\"description\":\"Eine weitere WordPress-Website\",\"publisher\":{\"@id\":\"https:\/\/itlgmbh.de\/#organization\"},\"potentialAction\":[{\"@type\":\"SearchAction\",\"target\":{\"@type\":\"EntryPoint\",\"urlTemplate\":\"https:\/\/itlgmbh.de\/?s={search_term_string}\"},\"query-input\":{\"@type\":\"PropertyValueSpecification\",\"valueRequired\":true,\"valueName\":\"search_term_string\"}}],\"inLanguage\":\"en-GB\"},{\"@type\":\"Organization\",\"@id\":\"https:\/\/itlgmbh.de\/#organization\",\"name\":\"ITL GmbH\",\"url\":\"https:\/\/itlgmbh.de\/\",\"logo\":{\"@type\":\"ImageObject\",\"inLanguage\":\"en-GB\",\"@id\":\"https:\/\/itlgmbh.de\/#\/schema\/logo\/image\/\",\"url\":\"https:\/\/itlgmbh.de\/wp-content\/uploads\/2022\/06\/cropped-Logo.gif\",\"contentUrl\":\"https:\/\/itlgmbh.de\/wp-content\/uploads\/2022\/06\/cropped-Logo.gif\",\"width\":496,\"height\":289,\"caption\":\" ITL GmbH\"},\"image\":{\"@id\":\"https:\/\/itlgmbh.de\/#\/schema\/logo\/image\/\"}}]}<\/script>\n<!-- \/ Yoast SEO plugin. -->","yoast_head_json":{"title":"Standardl\u00f6sungen - ITL GmbH","robots":{"index":"index","follow":"follow","max-snippet":"max-snippet:-1","max-image-preview":"max-image-preview:large","max-video-preview":"max-video-preview:-1"},"canonical":"https:\/\/itlgmbh.de\/en\/standardloesungen\/","og_locale":"en_GB","og_type":"article","og_title":"Standardl\u00f6sungen - ITL GmbH","og_description":"Eines vorweg: Unsere Standardl\u00f6sungen sind hoch flexibel! Unser Ziel: Die optimale L\u00f6sung f\u00fcr unsere Kunden. HERA Das Analysetool f\u00fcr Herstellerrabatt-Daten Umfangreiche Leistungen mit hohem Zeit- und Sicherheitsgewinn. Per &#8222;Knopfdruck&#8220; ARZ-Daten importieren, Plausibilit\u00e4tspr\u00fcfungen durchf\u00fchren und Fehler ausweisen.Reduziert den Aufwand, gibt Sicherheit und selbst Auswertungen werden zum &#8222;Kinderspiel&#8220;. CARDEA Der Allrounder f\u00fcr Rabattgesch\u00e4fte mit den Krankenkassen \u00dcberblick &hellip; Standardl\u00f6sungen Read More &raquo;","og_url":"https:\/\/itlgmbh.de\/en\/standardloesungen\/","og_site_name":"ITL GmbH","article_modified_time":"2023-08-31T14:00:23+00:00","og_image":[{"url":"https:\/\/itldarmstadt.de\/wp-content\/uploads\/2023\/05\/ITL.png","type":"","width":"","height":""}],"twitter_card":"summary_large_image","twitter_misc":{"Estimated reading time":"1 minute"},"schema":{"@context":"https:\/\/schema.org","@graph":[{"@type":"WebPage","@id":"https:\/\/itlgmbh.de\/standardloesungen\/","url":"https:\/\/itlgmbh.de\/standardloesungen\/","name":"Standardl\u00f6sungen - ITL GmbH","isPartOf":{"@id":"https:\/\/itlgmbh.de\/#website"},"primaryImageOfPage":{"@id":"https:\/\/itlgmbh.de\/standardloesungen\/#primaryimage"},"image":{"@id":"https:\/\/itlgmbh.de\/standardloesungen\/#primaryimage"},"thumbnailUrl":"https:\/\/itldarmstadt.de\/wp-content\/uploads\/2023\/05\/ITL.png","datePublished":"2023-08-31T10:22:12+00:00","dateModified":"2023-08-31T14:00:23+00:00","breadcrumb":{"@id":"https:\/\/itlgmbh.de\/standardloesungen\/#breadcrumb"},"inLanguage":"en-GB","potentialAction":[{"@type":"ReadAction","target":["https:\/\/itlgmbh.de\/standardloesungen\/"]}]},{"@type":"ImageObject","inLanguage":"en-GB","@id":"https:\/\/itlgmbh.de\/standardloesungen\/#primaryimage","url":"https:\/\/itldarmstadt.de\/wp-content\/uploads\/2023\/05\/ITL.png","contentUrl":"https:\/\/itldarmstadt.de\/wp-content\/uploads\/2023\/05\/ITL.png"},{"@type":"BreadcrumbList","@id":"https:\/\/itlgmbh.de\/standardloesungen\/#breadcrumb","itemListElement":[{"@type":"ListItem","position":1,"name":"Startseite","item":"https:\/\/itlgmbh.de\/"},{"@type":"ListItem","position":2,"name":"Standardl\u00f6sungen"}]},{"@type":"WebSite","@id":"https:\/\/itlgmbh.de\/#website","url":"https:\/\/itlgmbh.de\/","name":"ITL GmbH","description":"Eine weitere WordPress-Website","publisher":{"@id":"https:\/\/itlgmbh.de\/#organization"},"potentialAction":[{"@type":"SearchAction","target":{"@type":"EntryPoint","urlTemplate":"https:\/\/itlgmbh.de\/?s={search_term_string}"},"query-input":{"@type":"PropertyValueSpecification","valueRequired":true,"valueName":"search_term_string"}}],"inLanguage":"en-GB"},{"@type":"Organization","@id":"https:\/\/itlgmbh.de\/#organization","name":"ITL GmbH","url":"https:\/\/itlgmbh.de\/","logo":{"@type":"ImageObject","inLanguage":"en-GB","@id":"https:\/\/itlgmbh.de\/#\/schema\/logo\/image\/","url":"https:\/\/itlgmbh.de\/wp-content\/uploads\/2022\/06\/cropped-Logo.gif","contentUrl":"https:\/\/itlgmbh.de\/wp-content\/uploads\/2022\/06\/cropped-Logo.gif","width":496,"height":289,"caption":" ITL GmbH"},"image":{"@id":"https:\/\/itlgmbh.de\/#\/schema\/logo\/image\/"}}]}},"uagb_featured_image_src":{"full":false,"thumbnail":false,"medium":false,"medium_large":false,"large":false,"1536x1536":false,"2048x2048":false,"trp-custom-language-flag":false},"uagb_author_info":{"display_name":"Nina Tomini","author_link":"https:\/\/itlgmbh.de\/en\/author\/tominnina1\/"},"uagb_comment_info":0,"uagb_excerpt":"Eines vorweg: Unsere Standardl\u00f6sungen sind hoch flexibel! Unser Ziel: Die optimale L\u00f6sung f\u00fcr unsere Kunden. HERA Das Analysetool f\u00fcr Herstellerrabatt-Daten Umfangreiche Leistungen mit hohem Zeit- und Sicherheitsgewinn. Per &#8222;Knopfdruck&#8220; ARZ-Daten importieren, Plausibilit\u00e4tspr\u00fcfungen durchf\u00fchren und Fehler ausweisen.Reduziert den Aufwand, gibt Sicherheit und selbst Auswertungen werden zum &#8222;Kinderspiel&#8220;. CARDEA Der Allrounder f\u00fcr Rabattgesch\u00e4fte mit den Krankenkassen \u00dcberblick&hellip;","_links":{"self":[{"href":"https:\/\/itlgmbh.de\/en\/wp-json\/wp\/v2\/pages\/1183","targetHints":{"allow":["GET"]}}],"collection":[{"href":"https:\/\/itlgmbh.de\/en\/wp-json\/wp\/v2\/pages"}],"about":[{"href":"https:\/\/itlgmbh.de\/en\/wp-json\/wp\/v2\/types\/page"}],"author":[{"embeddable":true,"href":"https:\/\/itlgmbh.de\/en\/wp-json\/wp\/v2\/users\/2"}],"replies":[{"embeddable":true,"href":"https:\/\/itlgmbh.de\/en\/wp-json\/wp\/v2\/comments?post=1183"}],"version-history":[{"count":38,"href":"https:\/\/itlgmbh.de\/en\/wp-json\/wp\/v2\/pages\/1183\/revisions"}],"predecessor-version":[{"id":1639,"href":"https:\/\/itlgmbh.de\/en\/wp-json\/wp\/v2\/pages\/1183\/revisions\/1639"}],"wp:attachment":[{"href":"https:\/\/itlgmbh.de\/en\/wp-json\/wp\/v2\/media?parent=1183"}],"curies":[{"name":"wp","href":"https:\/\/api.w.org\/{rel}","templated":true}]}}