{"id":19,"date":"2022-03-05T16:59:41","date_gmt":"2022-03-05T15:59:41","guid":{"rendered":"https:\/\/itldarmstadt.de\/?page_id=19"},"modified":"2023-09-29T08:48:02","modified_gmt":"2023-09-29T06:48:02","slug":"impressum","status":"publish","type":"page","link":"https:\/\/itlgmbh.de\/en\/impressum\/","title":{"rendered":"Imprint"},"content":{"rendered":"<div class=\"wp-block-cover alignfull is-light\" style=\"min-height:600px;aspect-ratio:unset;\"><span aria-hidden=\"true\" class=\"wp-block-cover__background has-ast-global-color-6-background-color has-background-dim-40 has-background-dim\"><\/span><img loading=\"lazy\" decoding=\"async\" width=\"2493\" height=\"1707\" class=\"wp-block-cover__image-background wp-image-524\" alt=\"\" src=\"https:\/\/itldarmstadt.de\/wp-content\/uploads\/2022\/06\/MRS.png\" style=\"object-position:52% 100%\" data-object-fit=\"cover\" data-object-position=\"52% 100%\" srcset=\"https:\/\/itlgmbh.de\/wp-content\/uploads\/2022\/06\/MRS.png 2493w, https:\/\/itlgmbh.de\/wp-content\/uploads\/2022\/06\/MRS-300x205.png 300w, https:\/\/itlgmbh.de\/wp-content\/uploads\/2022\/06\/MRS-1024x701.png 1024w, https:\/\/itlgmbh.de\/wp-content\/uploads\/2022\/06\/MRS-768x526.png 768w, https:\/\/itlgmbh.de\/wp-content\/uploads\/2022\/06\/MRS-1536x1052.png 1536w, https:\/\/itlgmbh.de\/wp-content\/uploads\/2022\/06\/MRS-2048x1402.png 2048w, https:\/\/itlgmbh.de\/wp-content\/uploads\/2022\/06\/MRS-18x12.png 18w\" sizes=\"auto, (max-width: 2493px) 100vw, 2493px\" \/><div class=\"wp-block-cover__inner-container is-layout-flow wp-block-cover-is-layout-flow\">\n<h1 class=\"wp-block-heading has-text-align-center has-white-color has-text-color\">Imprint<\/h1>\n\n\n\n<p class=\"has-text-align-center\"><\/p>\n<\/div><\/div>\n\n\n\n<div class=\"wp-block-group alignfull has-ast-global-color-5-background-color has-background is-layout-constrained wp-block-group-is-layout-constrained\"><div class=\"wp-block-group__inner-container\">\n<div class=\"wp-block-columns alignwide is-layout-flex wp-container-core-columns-is-layout-9d6595d7 wp-block-columns-is-layout-flex\">\n<div class=\"wp-block-column is-vertically-aligned-bottom is-layout-flow wp-block-column-is-layout-flow\">\n<h2 class=\"wp-block-heading\" style=\"font-size:16px\">ITL GmbH<\/h2>\n\n\n\n<p>Mina-Rees-Str. 8<br>64295 Darmstadt<\/p>\n<\/div>\n\n\n\n<div class=\"wp-block-column is-vertically-aligned-bottom is-layout-flow wp-block-column-is-layout-flow\">\n<p>Phone: +49 (0)6151 92 59-0&nbsp;<br>E-mail:&nbsp;<a href=\"mailto:kontakt@itlgmbh.de\">kontakt@itlgmbh.de<\/a>  <\/p>\n<\/div>\n\n\n\n<div class=\"wp-block-column is-vertically-aligned-bottom is-layout-flow wp-block-column-is-layout-flow\">\n<p class=\"has-ast-global-color-3-color has-text-color\">HR:\u00a0\u00a0Darmstadt, HRB\u00a0 7672<br>VAT ID No.: DE 206 445 426<\/p>\n<\/div>\n\n\n\n<div class=\"wp-block-column is-vertically-aligned-bottom is-layout-flow wp-block-column-is-layout-flow\">\n<p class=\"has-ast-global-color-3-color has-text-color\">Managing Director: <br>Dirk L\u00e4mmerhirt<\/p>\n<\/div>\n<\/div>\n<\/div><\/div>\n\n\n\n<p><\/p>","protected":false},"excerpt":{"rendered":"<p>ITL GmbH Mina-Rees-Str. 864295 Darmstadt Telefon: +49 (0)6151 92 59-0&nbsp;E-Mail:&nbsp;kontakt@itlgmbh.de HR:\u00a0\u00a0Darmstadt, HRB\u00a0 7672USt.-IdNr.: DE 206 445 426 Gesch\u00e4ftsf\u00fchrer: Dirk L\u00e4mmerhirt<\/p>","protected":false},"author":1,"featured_media":0,"parent":0,"menu_order":0,"comment_status":"closed","ping_status":"closed","template":"","meta":{"_uag_custom_page_level_css":"","site-sidebar-layout":"default","site-content-layout":"plain-container","ast-main-header-display":"","ast-hfb-above-header-display":"","ast-hfb-below-header-display":"","ast-hfb-mobile-header-display":"","site-post-title":"disabled","ast-breadcrumbs-content":"","ast-featured-img":"","footer-sml-layout":"","theme-transparent-header-meta":"","adv-header-id-meta":"","stick-header-meta":"","header-above-stick-meta":"","header-main-stick-meta":"","header-below-stick-meta":"","footnotes":""},"class_list":["post-19","page","type-page","status-publish","hentry"],"yoast_head":"<!-- This site is optimized with the Yoast SEO plugin v26.4 - https:\/\/yoast.com\/wordpress\/plugins\/seo\/ -->\n<title>Impressum - ITL GmbH<\/title>\n<meta name=\"robots\" content=\"index, follow, max-snippet:-1, max-image-preview:large, max-video-preview:-1\" \/>\n<link rel=\"canonical\" href=\"https:\/\/itlgmbh.de\/en\/impressum\/\" \/>\n<meta property=\"og:locale\" content=\"en_GB\" \/>\n<meta property=\"og:type\" content=\"article\" \/>\n<meta property=\"og:title\" content=\"Impressum - ITL GmbH\" \/>\n<meta property=\"og:description\" content=\"ITL GmbH Mina-Rees-Str. 864295 Darmstadt Telefon: +49 (0)6151 92 59-0&nbsp;E-Mail:&nbsp;kontakt@itlgmbh.de HR:\u00a0\u00a0Darmstadt, HRB\u00a0 7672USt.-IdNr.: DE 206 445 426 Gesch\u00e4ftsf\u00fchrer: Dirk L\u00e4mmerhirt\" \/>\n<meta property=\"og:url\" content=\"https:\/\/itlgmbh.de\/en\/impressum\/\" \/>\n<meta property=\"og:site_name\" content=\"ITL GmbH\" \/>\n<meta property=\"article:modified_time\" content=\"2023-09-29T06:48:02+00:00\" \/>\n<meta property=\"og:image\" content=\"https:\/\/itldarmstadt.de\/wp-content\/uploads\/2022\/06\/MRS.png\" \/>\n<meta name=\"twitter:card\" content=\"summary_large_image\" \/>\n<meta name=\"twitter:label1\" content=\"Estimated reading time\" \/>\n\t<meta name=\"twitter:data1\" content=\"1 minute\" \/>\n<script type=\"application\/ld+json\" class=\"yoast-schema-graph\">{\"@context\":\"https:\/\/schema.org\",\"@graph\":[{\"@type\":\"WebPage\",\"@id\":\"https:\/\/itlgmbh.de\/impressum\/\",\"url\":\"https:\/\/itlgmbh.de\/impressum\/\",\"name\":\"Impressum - ITL GmbH\",\"isPartOf\":{\"@id\":\"https:\/\/itlgmbh.de\/#website\"},\"primaryImageOfPage\":{\"@id\":\"https:\/\/itlgmbh.de\/impressum\/#primaryimage\"},\"image\":{\"@id\":\"https:\/\/itlgmbh.de\/impressum\/#primaryimage\"},\"thumbnailUrl\":\"https:\/\/itldarmstadt.de\/wp-content\/uploads\/2022\/06\/MRS.png\",\"datePublished\":\"2022-03-05T15:59:41+00:00\",\"dateModified\":\"2023-09-29T06:48:02+00:00\",\"breadcrumb\":{\"@id\":\"https:\/\/itlgmbh.de\/impressum\/#breadcrumb\"},\"inLanguage\":\"en-GB\",\"potentialAction\":[{\"@type\":\"ReadAction\",\"target\":[\"https:\/\/itlgmbh.de\/impressum\/\"]}]},{\"@type\":\"ImageObject\",\"inLanguage\":\"en-GB\",\"@id\":\"https:\/\/itlgmbh.de\/impressum\/#primaryimage\",\"url\":\"https:\/\/itldarmstadt.de\/wp-content\/uploads\/2022\/06\/MRS.png\",\"contentUrl\":\"https:\/\/itldarmstadt.de\/wp-content\/uploads\/2022\/06\/MRS.png\"},{\"@type\":\"BreadcrumbList\",\"@id\":\"https:\/\/itlgmbh.de\/impressum\/#breadcrumb\",\"itemListElement\":[{\"@type\":\"ListItem\",\"position\":1,\"name\":\"Startseite\",\"item\":\"https:\/\/itlgmbh.de\/\"},{\"@type\":\"ListItem\",\"position\":2,\"name\":\"Impressum\"}]},{\"@type\":\"WebSite\",\"@id\":\"https:\/\/itlgmbh.de\/#website\",\"url\":\"https:\/\/itlgmbh.de\/\",\"name\":\"ITL GmbH\",\"description\":\"Eine weitere WordPress-Website\",\"publisher\":{\"@id\":\"https:\/\/itlgmbh.de\/#organization\"},\"potentialAction\":[{\"@type\":\"SearchAction\",\"target\":{\"@type\":\"EntryPoint\",\"urlTemplate\":\"https:\/\/itlgmbh.de\/?s={search_term_string}\"},\"query-input\":{\"@type\":\"PropertyValueSpecification\",\"valueRequired\":true,\"valueName\":\"search_term_string\"}}],\"inLanguage\":\"en-GB\"},{\"@type\":\"Organization\",\"@id\":\"https:\/\/itlgmbh.de\/#organization\",\"name\":\"ITL GmbH\",\"url\":\"https:\/\/itlgmbh.de\/\",\"logo\":{\"@type\":\"ImageObject\",\"inLanguage\":\"en-GB\",\"@id\":\"https:\/\/itlgmbh.de\/#\/schema\/logo\/image\/\",\"url\":\"https:\/\/itlgmbh.de\/wp-content\/uploads\/2022\/06\/cropped-Logo.gif\",\"contentUrl\":\"https:\/\/itlgmbh.de\/wp-content\/uploads\/2022\/06\/cropped-Logo.gif\",\"width\":496,\"height\":289,\"caption\":\" ITL GmbH\"},\"image\":{\"@id\":\"https:\/\/itlgmbh.de\/#\/schema\/logo\/image\/\"}}]}<\/script>\n<!-- \/ Yoast SEO plugin. -->","yoast_head_json":{"title":"Impressum - ITL GmbH","robots":{"index":"index","follow":"follow","max-snippet":"max-snippet:-1","max-image-preview":"max-image-preview:large","max-video-preview":"max-video-preview:-1"},"canonical":"https:\/\/itlgmbh.de\/en\/impressum\/","og_locale":"en_GB","og_type":"article","og_title":"Impressum - ITL GmbH","og_description":"ITL GmbH Mina-Rees-Str. 864295 Darmstadt Telefon: +49 (0)6151 92 59-0&nbsp;E-Mail:&nbsp;kontakt@itlgmbh.de HR:\u00a0\u00a0Darmstadt, HRB\u00a0 7672USt.-IdNr.: DE 206 445 426 Gesch\u00e4ftsf\u00fchrer: Dirk L\u00e4mmerhirt","og_url":"https:\/\/itlgmbh.de\/en\/impressum\/","og_site_name":"ITL GmbH","article_modified_time":"2023-09-29T06:48:02+00:00","og_image":[{"url":"https:\/\/itldarmstadt.de\/wp-content\/uploads\/2022\/06\/MRS.png","type":"","width":"","height":""}],"twitter_card":"summary_large_image","twitter_misc":{"Estimated reading time":"1 minute"},"schema":{"@context":"https:\/\/schema.org","@graph":[{"@type":"WebPage","@id":"https:\/\/itlgmbh.de\/impressum\/","url":"https:\/\/itlgmbh.de\/impressum\/","name":"Impressum - ITL GmbH","isPartOf":{"@id":"https:\/\/itlgmbh.de\/#website"},"primaryImageOfPage":{"@id":"https:\/\/itlgmbh.de\/impressum\/#primaryimage"},"image":{"@id":"https:\/\/itlgmbh.de\/impressum\/#primaryimage"},"thumbnailUrl":"https:\/\/itldarmstadt.de\/wp-content\/uploads\/2022\/06\/MRS.png","datePublished":"2022-03-05T15:59:41+00:00","dateModified":"2023-09-29T06:48:02+00:00","breadcrumb":{"@id":"https:\/\/itlgmbh.de\/impressum\/#breadcrumb"},"inLanguage":"en-GB","potentialAction":[{"@type":"ReadAction","target":["https:\/\/itlgmbh.de\/impressum\/"]}]},{"@type":"ImageObject","inLanguage":"en-GB","@id":"https:\/\/itlgmbh.de\/impressum\/#primaryimage","url":"https:\/\/itldarmstadt.de\/wp-content\/uploads\/2022\/06\/MRS.png","contentUrl":"https:\/\/itldarmstadt.de\/wp-content\/uploads\/2022\/06\/MRS.png"},{"@type":"BreadcrumbList","@id":"https:\/\/itlgmbh.de\/impressum\/#breadcrumb","itemListElement":[{"@type":"ListItem","position":1,"name":"Startseite","item":"https:\/\/itlgmbh.de\/"},{"@type":"ListItem","position":2,"name":"Impressum"}]},{"@type":"WebSite","@id":"https:\/\/itlgmbh.de\/#website","url":"https:\/\/itlgmbh.de\/","name":"ITL GmbH","description":"Eine weitere WordPress-Website","publisher":{"@id":"https:\/\/itlgmbh.de\/#organization"},"potentialAction":[{"@type":"SearchAction","target":{"@type":"EntryPoint","urlTemplate":"https:\/\/itlgmbh.de\/?s={search_term_string}"},"query-input":{"@type":"PropertyValueSpecification","valueRequired":true,"valueName":"search_term_string"}}],"inLanguage":"en-GB"},{"@type":"Organization","@id":"https:\/\/itlgmbh.de\/#organization","name":"ITL GmbH","url":"https:\/\/itlgmbh.de\/","logo":{"@type":"ImageObject","inLanguage":"en-GB","@id":"https:\/\/itlgmbh.de\/#\/schema\/logo\/image\/","url":"https:\/\/itlgmbh.de\/wp-content\/uploads\/2022\/06\/cropped-Logo.gif","contentUrl":"https:\/\/itlgmbh.de\/wp-content\/uploads\/2022\/06\/cropped-Logo.gif","width":496,"height":289,"caption":" ITL GmbH"},"image":{"@id":"https:\/\/itlgmbh.de\/#\/schema\/logo\/image\/"}}]}},"uagb_featured_image_src":{"full":false,"thumbnail":false,"medium":false,"medium_large":false,"large":false,"1536x1536":false,"2048x2048":false,"trp-custom-language-flag":false},"uagb_author_info":{"display_name":"Marco Wolf","author_link":"https:\/\/itlgmbh.de\/en\/author\/wolfmarc1\/"},"uagb_comment_info":0,"uagb_excerpt":"ITL GmbH Mina-Rees-Str. 864295 Darmstadt Telefon: +49 (0)6151 92 59-0&nbsp;E-Mail:&nbsp;kontakt@itlgmbh.de HR:\u00a0\u00a0Darmstadt, HRB\u00a0 7672USt.-IdNr.: DE 206 445 426 Gesch\u00e4ftsf\u00fchrer: Dirk L\u00e4mmerhirt","_links":{"self":[{"href":"https:\/\/itlgmbh.de\/en\/wp-json\/wp\/v2\/pages\/19","targetHints":{"allow":["GET"]}}],"collection":[{"href":"https:\/\/itlgmbh.de\/en\/wp-json\/wp\/v2\/pages"}],"about":[{"href":"https:\/\/itlgmbh.de\/en\/wp-json\/wp\/v2\/types\/page"}],"author":[{"embeddable":true,"href":"https:\/\/itlgmbh.de\/en\/wp-json\/wp\/v2\/users\/1"}],"replies":[{"embeddable":true,"href":"https:\/\/itlgmbh.de\/en\/wp-json\/wp\/v2\/comments?post=19"}],"version-history":[{"count":7,"href":"https:\/\/itlgmbh.de\/en\/wp-json\/wp\/v2\/pages\/19\/revisions"}],"predecessor-version":[{"id":1753,"href":"https:\/\/itlgmbh.de\/en\/wp-json\/wp\/v2\/pages\/19\/revisions\/1753"}],"wp:attachment":[{"href":"https:\/\/itlgmbh.de\/en\/wp-json\/wp\/v2\/media?parent=19"}],"curies":[{"name":"wp","href":"https:\/\/api.w.org\/{rel}","templated":true}]}}