{"id":21,"date":"2022-03-05T17:00:39","date_gmt":"2022-03-05T16:00:39","guid":{"rendered":"https:\/\/itldarmstadt.de\/?page_id=21"},"modified":"2022-06-15T13:29:02","modified_gmt":"2022-06-15T11:29:02","slug":"haftungsausschluss","status":"publish","type":"page","link":"https:\/\/itlgmbh.de\/en\/haftungsausschluss\/","title":{"rendered":"Disclaimer"},"content":{"rendered":"<div class=\"wp-block-cover alignfull is-light\" style=\"min-height:550px;aspect-ratio:unset;\"><span aria-hidden=\"true\" class=\"wp-block-cover__background has-ast-global-color-6-background-color has-background-dim-40 has-background-dim\"><\/span><img loading=\"lazy\" decoding=\"async\" width=\"2493\" height=\"1707\" class=\"wp-block-cover__image-background wp-image-524\" alt=\"\" src=\"https:\/\/itldarmstadt.de\/wp-content\/uploads\/2022\/06\/MRS.png\" style=\"object-position:52% 100%\" data-object-fit=\"cover\" data-object-position=\"52% 100%\" srcset=\"https:\/\/itlgmbh.de\/wp-content\/uploads\/2022\/06\/MRS.png 2493w, https:\/\/itlgmbh.de\/wp-content\/uploads\/2022\/06\/MRS-300x205.png 300w, https:\/\/itlgmbh.de\/wp-content\/uploads\/2022\/06\/MRS-1024x701.png 1024w, https:\/\/itlgmbh.de\/wp-content\/uploads\/2022\/06\/MRS-768x526.png 768w, https:\/\/itlgmbh.de\/wp-content\/uploads\/2022\/06\/MRS-1536x1052.png 1536w, https:\/\/itlgmbh.de\/wp-content\/uploads\/2022\/06\/MRS-2048x1402.png 2048w, https:\/\/itlgmbh.de\/wp-content\/uploads\/2022\/06\/MRS-18x12.png 18w\" sizes=\"auto, (max-width: 2493px) 100vw, 2493px\" \/><div class=\"wp-block-cover__inner-container is-layout-flow wp-block-cover-is-layout-flow\">\n<h1 class=\"has-text-align-center has-white-color has-text-color wp-block-heading\">Disclaimer<\/h1>\n\n\n\n<p class=\"has-text-align-center\"><\/p>\n<\/div><\/div>\n\n\n\n<p><\/p>\n\n\n\n<div class=\"wp-block-group alignfull has-ast-global-color-5-background-color has-background is-layout-constrained wp-block-group-is-layout-constrained\"><div class=\"wp-block-group__inner-container\">\n<div class=\"wp-block-columns alignwide is-layout-flex wp-container-core-columns-is-layout-9d6595d7 wp-block-columns-is-layout-flex\">\n<div class=\"wp-block-column has-ast-global-color-4-background-color has-background is-layout-flow wp-block-column-is-layout-flow\">\n<h2 class=\"has-ast-global-color-2-color has-text-color wp-block-heading\"><strong>1. Content of the online offer<\/strong><\/h2>\n\n\n\n<p class=\"has-ast-global-color-3-color has-text-color\"><\/p>\n\n\n\n<p><\/p>\n<\/div>\n\n\n\n<div class=\"wp-block-column is-layout-flow wp-block-column-is-layout-flow\">\n<p><\/p>\n\n\n\n<p class=\"has-ast-global-color-3-color has-text-color\">ITL GmbH does not assume any liability for the topicality, correctness, completeness or quality of the information provided. Liability claims against ITL GmbH relating to material or immaterial damage caused by the use or non-use of the information provided or by the use of incorrect or incomplete information are excluded in principle, unless there is evidence of wilful intent or gross negligence on the part of ITL GmbH. ITL GmbH reserves the right to change, supplement, delete or temporarily or permanently cease publication of the contents of the Internet pages without prior notice.<\/p>\n\n\n\n<p class=\"has-ast-global-color-3-color has-text-color\">The content of these Internet pages is protected by copyright. The reproduction, modification, distribution or storage of information or data, in particular of texts, parts of texts, applications and image material - also in extracts - requires the prior written consent of ITL GmbH. The Internet pages as well as source text and software may not be changed, copied, republished, transmitted, distributed or stored.<\/p>\n\n\n\n<p><\/p>\n<\/div>\n<\/div>\n\n\n\n<div class=\"wp-block-columns alignwide is-layout-flex wp-container-core-columns-is-layout-9d6595d7 wp-block-columns-is-layout-flex\">\n<div class=\"wp-block-column has-ast-global-color-4-background-color has-background is-layout-flow wp-block-column-is-layout-flow\">\n<h2 class=\"has-ast-global-color-2-color has-text-color wp-block-heading\"><strong>2. References and links<\/strong><\/h2>\n\n\n\n<p class=\"has-ast-global-color-3-color has-text-color\"><\/p>\n<\/div>\n\n\n\n<div class=\"wp-block-column is-layout-flow wp-block-column-is-layout-flow\">\n<p><\/p>\n\n\n\n<p class=\"has-ast-global-color-3-color has-text-color\">Insofar as reference is made by means of hyperlinks to Internet pages of third parties, this is for information purposes only, without the user being able to invoke or rely on the topicality, correctness or completeness of the information.<\/p>\n\n\n\n<p class=\"has-ast-global-color-3-color has-text-color\">In its decision of May 12, 1998, the Hamburg Regional Court ruled that the inclusion of links also leads to co-responsibility of the material offered via these links. According to the court, this can only be prevented by expressly distancing oneself from these contents. Links to other pages on the Internet have been placed on the ITL GmbH website.<\/p>\n\n\n\n<p>The following applies to all these links: ITL GmbH expressly declares that it has no influence whatsoever on the design and content of the linked pages. Therefore, it hereby expressly distances itself from all contents of all linked pages on this homepage and does NOT adopt these contents as its own. This declaration applies to all links displayed on this website and to all contents of the pages to which banners, buttons and links visible here lead.<\/p>\n\n\n\n<p><\/p>\n<\/div>\n<\/div>\n\n\n\n<div class=\"wp-block-columns alignwide is-layout-flex wp-container-core-columns-is-layout-9d6595d7 wp-block-columns-is-layout-flex\">\n<div class=\"wp-block-column has-ast-global-color-4-background-color has-background is-layout-flow wp-block-column-is-layout-flow\">\n<h2 class=\"has-ast-global-color-2-color has-text-color wp-block-heading\"><strong>3. Copyright and trademark law<\/strong><\/h2>\n\n\n\n<p class=\"has-ast-global-color-3-color has-text-color\"><\/p>\n\n\n\n<p><\/p>\n<\/div>\n\n\n\n<div class=\"wp-block-column is-layout-flow wp-block-column-is-layout-flow\">\n<p><\/p>\n\n\n\n<p>The author endeavors to observe the copyrights of the graphics, sound documents, video sequences and texts used in all publications, to use graphics, sound documents, video sequences and texts created by himself or to use license-free graphics, sound documents, video sequences and texts. All brand names and trademarks mentioned on the website and possibly protected by third parties are subject without restriction to the provisions of the applicable trademark law and the ownership rights of the respective registered owners. The mere mention of a trademark does not imply that it is not protected by the rights of third parties! The copyright for published objects created by the author himself remains solely with the author of the pages. Any duplication or use of objects such as diagrams, sounds or texts in other electronic or printed publications is not permitted without the author's agreement.<br><br><a href=\"http:\/\/192.168.21.6\/index.php\/br\" target=\"_blank\" rel=\"noreferrer noopener\"><strong>&gt;&gt;&gt; to the copyrights<\/strong><\/a><\/p>\n\n\n\n<p><\/p>\n<\/div>\n<\/div>\n\n\n\n<div class=\"wp-block-columns alignwide is-layout-flex wp-container-core-columns-is-layout-9d6595d7 wp-block-columns-is-layout-flex\">\n<div class=\"wp-block-column has-ast-global-color-4-background-color has-background is-layout-flow wp-block-column-is-layout-flow\">\n<h2 class=\"has-ast-global-color-2-color has-text-color wp-block-heading\"><strong>4. Legal validity of this disclaimer<\/strong><\/h2>\n\n\n\n<p class=\"has-ast-global-color-3-color has-text-color\"><\/p>\n<\/div>\n\n\n\n<div class=\"wp-block-column is-layout-flow wp-block-column-is-layout-flow\">\n<p><\/p>\n\n\n\n<p>This disclaimer is to be regarded as part of the internet publication which you were referred from. If sections or individual terms of this statement are not legal or correct, the content or validity of the other parts remain uninfluenced by this fact.\u00a0\u00a0<\/p>\n\n\n\n<p><\/p>\n<\/div>\n<\/div>\n<\/div><\/div>","protected":false},"excerpt":{"rendered":"<p>1. Inhalt des Online-Angebotes Die ITL GmbH \u00fcbernimmt keinerlei Gew\u00e4hr f\u00fcr die Aktualit\u00e4t, Korrektheit, Vollst\u00e4ndigkeit oder Qualit\u00e4t der bereitgestellten Informationen. Haftungsanspr\u00fcche gegen die ITL GmbH, die sich auf Sch\u00e4den materieller oder ideeller Art beziehen, die durch die Nutzung oder Nichtnutzung der dargebotenen Informationen bzw. durch die Nutzung fehlerhafter und unvollst\u00e4ndiger Informationen verursacht wurden, sind grunds\u00e4tzlich &hellip;<\/p>\n<p class=\"read-more\"> <a class=\"\" href=\"https:\/\/itlgmbh.de\/en\/haftungsausschluss\/\"> <span class=\"screen-reader-text\">Disclaimer<\/span> Read More &raquo;<\/a><\/p>","protected":false},"author":1,"featured_media":0,"parent":0,"menu_order":0,"comment_status":"closed","ping_status":"closed","template":"","meta":{"_uag_custom_page_level_css":"","site-sidebar-layout":"default","site-content-layout":"plain-container","ast-main-header-display":"","ast-hfb-above-header-display":"","ast-hfb-below-header-display":"","ast-hfb-mobile-header-display":"","site-post-title":"disabled","ast-breadcrumbs-content":"","ast-featured-img":"","footer-sml-layout":"","theme-transparent-header-meta":"enabled","adv-header-id-meta":"","stick-header-meta":"","header-above-stick-meta":"","header-main-stick-meta":"","header-below-stick-meta":"","footnotes":""},"class_list":["post-21","page","type-page","status-publish","hentry"],"yoast_head":"<!-- This site is optimized with the Yoast SEO plugin v26.4 - https:\/\/yoast.com\/wordpress\/plugins\/seo\/ -->\n<title>Haftungsausschluss - ITL GmbH<\/title>\n<meta name=\"robots\" content=\"index, follow, max-snippet:-1, max-image-preview:large, max-video-preview:-1\" \/>\n<link rel=\"canonical\" href=\"https:\/\/itlgmbh.de\/en\/haftungsausschluss\/\" \/>\n<meta property=\"og:locale\" content=\"en_GB\" \/>\n<meta property=\"og:type\" content=\"article\" \/>\n<meta property=\"og:title\" content=\"Haftungsausschluss - ITL GmbH\" \/>\n<meta property=\"og:description\" content=\"1. Inhalt des Online-Angebotes Die ITL GmbH \u00fcbernimmt keinerlei Gew\u00e4hr f\u00fcr die Aktualit\u00e4t, Korrektheit, Vollst\u00e4ndigkeit oder Qualit\u00e4t der bereitgestellten Informationen. Haftungsanspr\u00fcche gegen die ITL GmbH, die sich auf Sch\u00e4den materieller oder ideeller Art beziehen, die durch die Nutzung oder Nichtnutzung der dargebotenen Informationen bzw. durch die Nutzung fehlerhafter und unvollst\u00e4ndiger Informationen verursacht wurden, sind grunds\u00e4tzlich &hellip; Haftungsausschluss Read More &raquo;\" \/>\n<meta property=\"og:url\" content=\"https:\/\/itlgmbh.de\/en\/haftungsausschluss\/\" \/>\n<meta property=\"og:site_name\" content=\"ITL GmbH\" \/>\n<meta property=\"article:modified_time\" content=\"2022-06-15T11:29:02+00:00\" \/>\n<meta property=\"og:image\" content=\"https:\/\/itldarmstadt.de\/wp-content\/uploads\/2022\/06\/MRS.png\" \/>\n<meta name=\"twitter:card\" content=\"summary_large_image\" \/>\n<meta name=\"twitter:label1\" content=\"Estimated reading time\" \/>\n\t<meta name=\"twitter:data1\" content=\"3 minutes\" \/>\n<script type=\"application\/ld+json\" class=\"yoast-schema-graph\">{\"@context\":\"https:\/\/schema.org\",\"@graph\":[{\"@type\":\"WebPage\",\"@id\":\"https:\/\/itlgmbh.de\/haftungsausschluss\/\",\"url\":\"https:\/\/itlgmbh.de\/haftungsausschluss\/\",\"name\":\"Haftungsausschluss - ITL GmbH\",\"isPartOf\":{\"@id\":\"https:\/\/itlgmbh.de\/#website\"},\"primaryImageOfPage\":{\"@id\":\"https:\/\/itlgmbh.de\/haftungsausschluss\/#primaryimage\"},\"image\":{\"@id\":\"https:\/\/itlgmbh.de\/haftungsausschluss\/#primaryimage\"},\"thumbnailUrl\":\"https:\/\/itldarmstadt.de\/wp-content\/uploads\/2022\/06\/MRS.png\",\"datePublished\":\"2022-03-05T16:00:39+00:00\",\"dateModified\":\"2022-06-15T11:29:02+00:00\",\"breadcrumb\":{\"@id\":\"https:\/\/itlgmbh.de\/haftungsausschluss\/#breadcrumb\"},\"inLanguage\":\"en-GB\",\"potentialAction\":[{\"@type\":\"ReadAction\",\"target\":[\"https:\/\/itlgmbh.de\/haftungsausschluss\/\"]}]},{\"@type\":\"ImageObject\",\"inLanguage\":\"en-GB\",\"@id\":\"https:\/\/itlgmbh.de\/haftungsausschluss\/#primaryimage\",\"url\":\"https:\/\/itldarmstadt.de\/wp-content\/uploads\/2022\/06\/MRS.png\",\"contentUrl\":\"https:\/\/itldarmstadt.de\/wp-content\/uploads\/2022\/06\/MRS.png\"},{\"@type\":\"BreadcrumbList\",\"@id\":\"https:\/\/itlgmbh.de\/haftungsausschluss\/#breadcrumb\",\"itemListElement\":[{\"@type\":\"ListItem\",\"position\":1,\"name\":\"Startseite\",\"item\":\"https:\/\/itlgmbh.de\/\"},{\"@type\":\"ListItem\",\"position\":2,\"name\":\"Haftungsausschluss\"}]},{\"@type\":\"WebSite\",\"@id\":\"https:\/\/itlgmbh.de\/#website\",\"url\":\"https:\/\/itlgmbh.de\/\",\"name\":\"ITL GmbH\",\"description\":\"Eine weitere WordPress-Website\",\"publisher\":{\"@id\":\"https:\/\/itlgmbh.de\/#organization\"},\"potentialAction\":[{\"@type\":\"SearchAction\",\"target\":{\"@type\":\"EntryPoint\",\"urlTemplate\":\"https:\/\/itlgmbh.de\/?s={search_term_string}\"},\"query-input\":{\"@type\":\"PropertyValueSpecification\",\"valueRequired\":true,\"valueName\":\"search_term_string\"}}],\"inLanguage\":\"en-GB\"},{\"@type\":\"Organization\",\"@id\":\"https:\/\/itlgmbh.de\/#organization\",\"name\":\"ITL GmbH\",\"url\":\"https:\/\/itlgmbh.de\/\",\"logo\":{\"@type\":\"ImageObject\",\"inLanguage\":\"en-GB\",\"@id\":\"https:\/\/itlgmbh.de\/#\/schema\/logo\/image\/\",\"url\":\"https:\/\/itlgmbh.de\/wp-content\/uploads\/2022\/06\/cropped-Logo.gif\",\"contentUrl\":\"https:\/\/itlgmbh.de\/wp-content\/uploads\/2022\/06\/cropped-Logo.gif\",\"width\":496,\"height\":289,\"caption\":\" ITL GmbH\"},\"image\":{\"@id\":\"https:\/\/itlgmbh.de\/#\/schema\/logo\/image\/\"}}]}<\/script>\n<!-- \/ Yoast SEO plugin. -->","yoast_head_json":{"title":"Haftungsausschluss - ITL GmbH","robots":{"index":"index","follow":"follow","max-snippet":"max-snippet:-1","max-image-preview":"max-image-preview:large","max-video-preview":"max-video-preview:-1"},"canonical":"https:\/\/itlgmbh.de\/en\/haftungsausschluss\/","og_locale":"en_GB","og_type":"article","og_title":"Haftungsausschluss - ITL GmbH","og_description":"1. Inhalt des Online-Angebotes Die ITL GmbH \u00fcbernimmt keinerlei Gew\u00e4hr f\u00fcr die Aktualit\u00e4t, Korrektheit, Vollst\u00e4ndigkeit oder Qualit\u00e4t der bereitgestellten Informationen. Haftungsanspr\u00fcche gegen die ITL GmbH, die sich auf Sch\u00e4den materieller oder ideeller Art beziehen, die durch die Nutzung oder Nichtnutzung der dargebotenen Informationen bzw. durch die Nutzung fehlerhafter und unvollst\u00e4ndiger Informationen verursacht wurden, sind grunds\u00e4tzlich &hellip; Haftungsausschluss Read More &raquo;","og_url":"https:\/\/itlgmbh.de\/en\/haftungsausschluss\/","og_site_name":"ITL GmbH","article_modified_time":"2022-06-15T11:29:02+00:00","og_image":[{"url":"https:\/\/itldarmstadt.de\/wp-content\/uploads\/2022\/06\/MRS.png","type":"","width":"","height":""}],"twitter_card":"summary_large_image","twitter_misc":{"Estimated reading time":"3 minutes"},"schema":{"@context":"https:\/\/schema.org","@graph":[{"@type":"WebPage","@id":"https:\/\/itlgmbh.de\/haftungsausschluss\/","url":"https:\/\/itlgmbh.de\/haftungsausschluss\/","name":"Haftungsausschluss - ITL GmbH","isPartOf":{"@id":"https:\/\/itlgmbh.de\/#website"},"primaryImageOfPage":{"@id":"https:\/\/itlgmbh.de\/haftungsausschluss\/#primaryimage"},"image":{"@id":"https:\/\/itlgmbh.de\/haftungsausschluss\/#primaryimage"},"thumbnailUrl":"https:\/\/itldarmstadt.de\/wp-content\/uploads\/2022\/06\/MRS.png","datePublished":"2022-03-05T16:00:39+00:00","dateModified":"2022-06-15T11:29:02+00:00","breadcrumb":{"@id":"https:\/\/itlgmbh.de\/haftungsausschluss\/#breadcrumb"},"inLanguage":"en-GB","potentialAction":[{"@type":"ReadAction","target":["https:\/\/itlgmbh.de\/haftungsausschluss\/"]}]},{"@type":"ImageObject","inLanguage":"en-GB","@id":"https:\/\/itlgmbh.de\/haftungsausschluss\/#primaryimage","url":"https:\/\/itldarmstadt.de\/wp-content\/uploads\/2022\/06\/MRS.png","contentUrl":"https:\/\/itldarmstadt.de\/wp-content\/uploads\/2022\/06\/MRS.png"},{"@type":"BreadcrumbList","@id":"https:\/\/itlgmbh.de\/haftungsausschluss\/#breadcrumb","itemListElement":[{"@type":"ListItem","position":1,"name":"Startseite","item":"https:\/\/itlgmbh.de\/"},{"@type":"ListItem","position":2,"name":"Haftungsausschluss"}]},{"@type":"WebSite","@id":"https:\/\/itlgmbh.de\/#website","url":"https:\/\/itlgmbh.de\/","name":"ITL GmbH","description":"Eine weitere WordPress-Website","publisher":{"@id":"https:\/\/itlgmbh.de\/#organization"},"potentialAction":[{"@type":"SearchAction","target":{"@type":"EntryPoint","urlTemplate":"https:\/\/itlgmbh.de\/?s={search_term_string}"},"query-input":{"@type":"PropertyValueSpecification","valueRequired":true,"valueName":"search_term_string"}}],"inLanguage":"en-GB"},{"@type":"Organization","@id":"https:\/\/itlgmbh.de\/#organization","name":"ITL GmbH","url":"https:\/\/itlgmbh.de\/","logo":{"@type":"ImageObject","inLanguage":"en-GB","@id":"https:\/\/itlgmbh.de\/#\/schema\/logo\/image\/","url":"https:\/\/itlgmbh.de\/wp-content\/uploads\/2022\/06\/cropped-Logo.gif","contentUrl":"https:\/\/itlgmbh.de\/wp-content\/uploads\/2022\/06\/cropped-Logo.gif","width":496,"height":289,"caption":" ITL GmbH"},"image":{"@id":"https:\/\/itlgmbh.de\/#\/schema\/logo\/image\/"}}]}},"uagb_featured_image_src":{"full":false,"thumbnail":false,"medium":false,"medium_large":false,"large":false,"1536x1536":false,"2048x2048":false,"trp-custom-language-flag":false},"uagb_author_info":{"display_name":"Marco Wolf","author_link":"https:\/\/itlgmbh.de\/en\/author\/wolfmarc1\/"},"uagb_comment_info":0,"uagb_excerpt":"1. Inhalt des Online-Angebotes Die ITL GmbH \u00fcbernimmt keinerlei Gew\u00e4hr f\u00fcr die Aktualit\u00e4t, Korrektheit, Vollst\u00e4ndigkeit oder Qualit\u00e4t der bereitgestellten Informationen. Haftungsanspr\u00fcche gegen die ITL GmbH, die sich auf Sch\u00e4den materieller oder ideeller Art beziehen, die durch die Nutzung oder Nichtnutzung der dargebotenen Informationen bzw. durch die Nutzung fehlerhafter und unvollst\u00e4ndiger Informationen verursacht wurden, sind grunds\u00e4tzlich&hellip;","_links":{"self":[{"href":"https:\/\/itlgmbh.de\/en\/wp-json\/wp\/v2\/pages\/21","targetHints":{"allow":["GET"]}}],"collection":[{"href":"https:\/\/itlgmbh.de\/en\/wp-json\/wp\/v2\/pages"}],"about":[{"href":"https:\/\/itlgmbh.de\/en\/wp-json\/wp\/v2\/types\/page"}],"author":[{"embeddable":true,"href":"https:\/\/itlgmbh.de\/en\/wp-json\/wp\/v2\/users\/1"}],"replies":[{"embeddable":true,"href":"https:\/\/itlgmbh.de\/en\/wp-json\/wp\/v2\/comments?post=21"}],"version-history":[{"count":10,"href":"https:\/\/itlgmbh.de\/en\/wp-json\/wp\/v2\/pages\/21\/revisions"}],"predecessor-version":[{"id":657,"href":"https:\/\/itlgmbh.de\/en\/wp-json\/wp\/v2\/pages\/21\/revisions\/657"}],"wp:attachment":[{"href":"https:\/\/itlgmbh.de\/en\/wp-json\/wp\/v2\/media?parent=21"}],"curies":[{"name":"wp","href":"https:\/\/api.w.org\/{rel}","templated":true}]}}