{"id":2188,"date":"2024-10-16T14:19:58","date_gmt":"2024-10-16T12:19:58","guid":{"rendered":"https:\/\/itlgmbh.de\/?page_id=2188"},"modified":"2024-10-16T14:19:58","modified_gmt":"2024-10-16T12:19:58","slug":"react-developer","status":"publish","type":"page","link":"https:\/\/itlgmbh.de\/en\/react-developer\/","title":{"rendered":"React developer \/ Frontend developer (m\/w\/d)"},"content":{"rendered":"<div class=\"wp-block-cover alignfull\" style=\"min-height:550px;aspect-ratio:unset;\"><span aria-hidden=\"true\" class=\"wp-block-cover__background has-ast-global-color-6-background-color has-background-dim-60 has-background-dim\"><\/span><img loading=\"lazy\" decoding=\"async\" width=\"892\" height=\"538\" class=\"wp-block-cover__image-background wp-image-617\" alt=\"\" src=\"https:\/\/itldarmstadt.de\/wp-content\/uploads\/2022\/06\/stellenanzeigen.jpg\" style=\"object-position:35% 36%\" data-object-fit=\"cover\" data-object-position=\"35% 36%\" srcset=\"https:\/\/itlgmbh.de\/wp-content\/uploads\/2022\/06\/stellenanzeigen.jpg 892w, https:\/\/itlgmbh.de\/wp-content\/uploads\/2022\/06\/stellenanzeigen-300x181.jpg 300w, https:\/\/itlgmbh.de\/wp-content\/uploads\/2022\/06\/stellenanzeigen-768x463.jpg 768w, https:\/\/itlgmbh.de\/wp-content\/uploads\/2022\/06\/stellenanzeigen-18x12.jpg 18w\" sizes=\"auto, (max-width: 892px) 100vw, 892px\" \/><div class=\"wp-block-cover__inner-container is-layout-flow wp-block-cover-is-layout-flow\">\n<h1 class=\"wp-block-heading has-text-align-center has-white-color has-text-color\"><\/h1>\n<\/div><\/div>\n\n\n\n<div style=\"height:40px\" aria-hidden=\"true\" class=\"wp-block-spacer\"><\/div>\n\n\n\n<p class=\"has-text-align-center\">To join our team we are looking for:<\/p>\n\n\n\n<h2 class=\"wp-block-heading has-text-align-center\"><strong>React developer \/ Frontend developer (m\/w\/d)<\/strong><\/h2>\n\n\n\n<p class=\"has-text-align-center\"><strong>Do you love programming? Nothing is too tricky for you and you master every challenge?<br>Independence and responsibility are not foreign words for you?<br>Welcome to our team!<\/strong><\/p>\n\n\n\n<p class=\"has-text-align-center has-ast-global-color-4-background-color has-background\">ITL has been developing individual &amp; innovative software solutions for customers in the pharmaceutical industry for over 20 years.<br>With a lot of passion &amp; joy we work for and with our customers on solutions with real added value.<\/p>\n\n\n\n<div class=\"wp-block-columns alignwide is-layout-flex wp-container-core-columns-is-layout-9d6595d7 wp-block-columns-is-layout-flex\">\n<div class=\"wp-block-column has-ast-global-color-4-background-color has-background is-layout-flow wp-block-column-is-layout-flow\">\n<div style=\"height:20px\" aria-hidden=\"true\" class=\"wp-block-spacer\"><\/div>\n\n\n\n<h3 class=\"wp-block-heading has-text-align-center has-ast-global-color-2-color has-text-color\">Deine Aufgaben:<\/h3>\n\n\n\n<ul class=\"wp-block-list\">\n<li>Entwicklung und Wartung von modernen Webanwendungen mit React mit Next.js<\/li>\n\n\n\n<li>\u2060Umsetzung von UI\/UX-Designs in ansprechende und performante Benutzeroberfl\u00e4chen<\/li>\n\n\n\n<li>Zusammenarbeit mit dem Backend-Team zur Integration von APIs und Datenbanken<\/li>\n\n\n\n<li>Optional: Unterst\u00fctzung bei Backend-Aufgaben mit Node.js und Express<\/li>\n\n\n\n<li>Optional: Arbeiten mit SQL-Servern und Schreiben von T-SQL-Abfragen<\/li>\n<\/ul>\n<\/div>\n\n\n\n<div class=\"wp-block-column has-ast-global-color-4-background-color has-background is-layout-flow wp-block-column-is-layout-flow\">\n<div style=\"height:20px\" aria-hidden=\"true\" class=\"wp-block-spacer\"><\/div>\n\n\n\n<h3 class=\"wp-block-heading has-text-align-center has-ast-global-color-2-color has-text-color\">Du bringst mit:<\/h3>\n\n\n\n<ul class=\"wp-block-list\">\n<li>Freude an der Programmierung<\/li>\n\n\n\n<li>Fundierte Erfahrung in der Frontend-Entwicklung mit React<\/li>\n\n\n\n<li>Sicherer Umgang mit HTML, CSS, und JavaScript\/TypeScript<\/li>\n\n\n\n<li>\u2060Kenntnisse in der Umsetzung von responsive Designs und cross-browser Kompatibilit\u00e4t<\/li>\n\n\n\n<li>\u2060Optional: Erfahrung in der Backend-Entwicklung mit Node.js oder anderen relevanten Technologien<\/li>\n\n\n\n<li>\u2060Optional: Grundlegende Kenntnisse in SQL und T-SQL sind von Vorteil, aber nicht zwingend erforderlich<\/li>\n\n\n\n<li>Teamf\u00e4higkeit, Kommunikationsst\u00e4rke und eigenst\u00e4ndige Arbeitsweise<\/li>\n<\/ul>\n<\/div>\n\n\n\n<div class=\"wp-block-column has-ast-global-color-4-background-color has-background is-layout-flow wp-block-column-is-layout-flow\">\n<div style=\"height:20px\" aria-hidden=\"true\" class=\"wp-block-spacer\"><\/div>\n\n\n\n<h3 class=\"wp-block-heading has-text-align-center has-ast-global-color-2-color has-text-color\">Das bieten wir:<\/h3>\n\n\n\n<ul class=\"wp-block-list\">\n<li>Festanstellung in einem wachsenden Unternehmen, das seit mehr als 25 Jahren am Markt etabliert ist<\/li>\n\n\n\n<li>Ein dynamisches, internationales Team, in das Du Deine Ideen einbringen kannst\u202f<\/li>\n\n\n\n<li>Anspruchsvolle und abwechslungsreiche Aufgaben in einem modernen Umfeld<\/li>\n\n\n\n<li>Spannende internationale Projekte in einem zukunftsorientierten Sektor<\/li>\n\n\n\n<li>Selbst\u00e4ndige, teamorientierte und konstruktive Mitarbeit<\/li>\n\n\n\n<li>Entwicklungsm\u00f6glichkeiten innerhalb des Software-Engineering Teams<\/li>\n\n\n\n<li>Betriebliche Weiterbildung<\/li>\n<\/ul>\n<\/div>\n<\/div>\n\n\n\n<div style=\"height:45px\" aria-hidden=\"true\" class=\"wp-block-spacer\"><\/div>\n\n\n\n<div class=\"wp-block-uagb-container uagb-block-cba642e2 alignfull uagb-is-root-container\"><div class=\"uagb-container-inner-blocks-wrap\">\n<div class=\"wp-block-uagb-container uagb-block-18da708a\"><\/div>\n\n\n\n<div class=\"wp-block-uagb-container uagb-block-cdbe6621\">\n<h3 class=\"wp-block-heading has-text-align-center\">Das gibt\u00b4s on top:<\/h3>\n\n\n\n<ul class=\"wp-block-list\">\n<li>sehr gute Verkehrsanbindung<\/li>\n\n\n\n<li>kostenlose Firmenparkpl\u00e4tze<\/li>\n\n\n\n<li>B\u00fcros mit max. 2er-Belegung<\/li>\n\n\n\n<li>Homeoffice-M\u00f6glichkeit<\/li>\n\n\n\n<li>flexible Arbeitszeiten<\/li>\n\n\n\n<li>kostenlose Getr\u00e4nke<\/li>\n\n\n\n<li>Firmenevents, Cook &amp; Eat&#8230;<\/li>\n\n\n\n<li>Gesundheitsf\u00f6rderung<\/li>\n\n\n\n<li>Weihnachtsgeld<\/li>\n<\/ul>\n<\/div>\n\n\n\n<div class=\"wp-block-uagb-container uagb-block-1baac8fa\"><\/div>\n<\/div><\/div>\n\n\n\n<div style=\"height:45px\" aria-hidden=\"true\" class=\"wp-block-spacer\"><\/div>\n\n\n\n<p class=\"has-text-align-center\">Wenn Du Dich in dieser Beschreibung wiederfindest und Lust hast unser Team zu verst\u00e4rken, <br>freuen wir uns auf Deine Bewerbung!<\/p>\n\n\n\n<p class=\"has-text-align-center\">Bitte bewirb Dich mit Lebenslauf, relevanten Zeugnissen, Gehaltsvorstellungen und <br>Angabe des fr\u00fchestm\u00f6glichen Eintrittszeitpunktes per E-Mail an <a href=\"mailto:bewerbung@itlgmbh.de\" target=\"_blank\" rel=\"noreferrer noopener\">bewerbung@itlgmbh.de<\/a><\/p>\n\n\n\n<div class=\"wp-block-buttons is-content-justification-center is-layout-flex wp-container-core-buttons-is-layout-16018d1d wp-block-buttons-is-layout-flex\">\n<div class=\"wp-block-button\"><a class=\"wp-block-button__link wp-element-button\" href=\"mailto:bewerbung@itlgmbh.de\" target=\"_blank\" rel=\"noreferrer noopener\">Apply now!<\/a><\/div>\n<\/div>\n\n\n\n<div style=\"height:40px\" aria-hidden=\"true\" class=\"wp-block-spacer\"><\/div>\n\n\n\n<p><\/p>","protected":false},"excerpt":{"rendered":"<p>Zur Erg\u00e4nzung unseres Teams suchen wir: React developer \/ Frontend developer (m\/w\/d) Du liebst die Programmierung? Dir ist nichts zu knifflig und Du meisterst jede Herausforderung?Selbst\u00e4ndigkeit und Verantwortung sind keine Fremdw\u00f6rter f\u00fcr Dich?Herzlich willkommen in unserem Team! ITL entwickelt seit \u00fcber 20 Jahren individuelle &amp; innovative Softwarel\u00f6sungen f\u00fcr Kunden aus der Pharmabranche.Mit viel Leidenschaft &amp; &hellip;<\/p>\n<p class=\"read-more\"> <a class=\"\" href=\"https:\/\/itlgmbh.de\/en\/react-developer\/\"> <span class=\"screen-reader-text\">React developer \/ Frontend developer (m\/w\/d)<\/span> Read More &raquo;<\/a><\/p>","protected":false},"author":2,"featured_media":0,"parent":0,"menu_order":0,"comment_status":"closed","ping_status":"closed","template":"","meta":{"_uag_custom_page_level_css":"","site-sidebar-layout":"default","site-content-layout":"plain-container","ast-main-header-display":"","ast-hfb-above-header-display":"","ast-hfb-below-header-display":"","ast-hfb-mobile-header-display":"","site-post-title":"disabled","ast-breadcrumbs-content":"","ast-featured-img":"","footer-sml-layout":"","theme-transparent-header-meta":"","adv-header-id-meta":"","stick-header-meta":"","header-above-stick-meta":"","header-main-stick-meta":"","header-below-stick-meta":"","footnotes":""},"class_list":["post-2188","page","type-page","status-publish","hentry"],"yoast_head":"<!-- This site is optimized with the Yoast SEO plugin v26.4 - https:\/\/yoast.com\/wordpress\/plugins\/seo\/ -->\n<title>React developer \/ Frontend developer (m\/w\/d) - ITL GmbH<\/title>\n<meta name=\"robots\" content=\"index, follow, max-snippet:-1, max-image-preview:large, max-video-preview:-1\" \/>\n<link rel=\"canonical\" href=\"https:\/\/itlgmbh.de\/en\/react-developer\/\" \/>\n<meta property=\"og:locale\" content=\"en_GB\" \/>\n<meta property=\"og:type\" content=\"article\" \/>\n<meta property=\"og:title\" content=\"React developer \/ Frontend developer (m\/w\/d) - ITL GmbH\" \/>\n<meta property=\"og:description\" content=\"Zur Erg\u00e4nzung unseres Teams suchen wir: React developer \/ Frontend developer (m\/w\/d) Du liebst die Programmierung? Dir ist nichts zu knifflig und Du meisterst jede Herausforderung?Selbst\u00e4ndigkeit und Verantwortung sind keine Fremdw\u00f6rter f\u00fcr Dich?Herzlich willkommen in unserem Team! ITL entwickelt seit \u00fcber 20 Jahren individuelle &amp; innovative Softwarel\u00f6sungen f\u00fcr Kunden aus der Pharmabranche.Mit viel Leidenschaft &amp; &hellip; React developer \/ Frontend developer (m\/w\/d) Read More &raquo;\" \/>\n<meta property=\"og:url\" content=\"https:\/\/itlgmbh.de\/en\/react-developer\/\" \/>\n<meta property=\"og:site_name\" content=\"ITL GmbH\" \/>\n<meta property=\"og:image\" content=\"https:\/\/itldarmstadt.de\/wp-content\/uploads\/2022\/06\/stellenanzeigen.jpg\" \/>\n<meta name=\"twitter:card\" content=\"summary_large_image\" \/>\n<meta name=\"twitter:label1\" content=\"Estimated reading time\" \/>\n\t<meta name=\"twitter:data1\" content=\"2 minutes\" \/>\n<script type=\"application\/ld+json\" class=\"yoast-schema-graph\">{\"@context\":\"https:\/\/schema.org\",\"@graph\":[{\"@type\":\"WebPage\",\"@id\":\"https:\/\/itlgmbh.de\/react-developer\/\",\"url\":\"https:\/\/itlgmbh.de\/react-developer\/\",\"name\":\"React developer \/ Frontend developer (m\/w\/d) - ITL GmbH\",\"isPartOf\":{\"@id\":\"https:\/\/itlgmbh.de\/#website\"},\"primaryImageOfPage\":{\"@id\":\"https:\/\/itlgmbh.de\/react-developer\/#primaryimage\"},\"image\":{\"@id\":\"https:\/\/itlgmbh.de\/react-developer\/#primaryimage\"},\"thumbnailUrl\":\"https:\/\/itldarmstadt.de\/wp-content\/uploads\/2022\/06\/stellenanzeigen.jpg\",\"datePublished\":\"2024-10-16T12:19:58+00:00\",\"breadcrumb\":{\"@id\":\"https:\/\/itlgmbh.de\/react-developer\/#breadcrumb\"},\"inLanguage\":\"en-GB\",\"potentialAction\":[{\"@type\":\"ReadAction\",\"target\":[\"https:\/\/itlgmbh.de\/react-developer\/\"]}]},{\"@type\":\"ImageObject\",\"inLanguage\":\"en-GB\",\"@id\":\"https:\/\/itlgmbh.de\/react-developer\/#primaryimage\",\"url\":\"https:\/\/itldarmstadt.de\/wp-content\/uploads\/2022\/06\/stellenanzeigen.jpg\",\"contentUrl\":\"https:\/\/itldarmstadt.de\/wp-content\/uploads\/2022\/06\/stellenanzeigen.jpg\"},{\"@type\":\"BreadcrumbList\",\"@id\":\"https:\/\/itlgmbh.de\/react-developer\/#breadcrumb\",\"itemListElement\":[{\"@type\":\"ListItem\",\"position\":1,\"name\":\"Startseite\",\"item\":\"https:\/\/itlgmbh.de\/\"},{\"@type\":\"ListItem\",\"position\":2,\"name\":\"React developer \/ Frontend developer (m\/w\/d)\"}]},{\"@type\":\"WebSite\",\"@id\":\"https:\/\/itlgmbh.de\/#website\",\"url\":\"https:\/\/itlgmbh.de\/\",\"name\":\"ITL GmbH\",\"description\":\"Eine weitere WordPress-Website\",\"publisher\":{\"@id\":\"https:\/\/itlgmbh.de\/#organization\"},\"potentialAction\":[{\"@type\":\"SearchAction\",\"target\":{\"@type\":\"EntryPoint\",\"urlTemplate\":\"https:\/\/itlgmbh.de\/?s={search_term_string}\"},\"query-input\":{\"@type\":\"PropertyValueSpecification\",\"valueRequired\":true,\"valueName\":\"search_term_string\"}}],\"inLanguage\":\"en-GB\"},{\"@type\":\"Organization\",\"@id\":\"https:\/\/itlgmbh.de\/#organization\",\"name\":\"ITL GmbH\",\"url\":\"https:\/\/itlgmbh.de\/\",\"logo\":{\"@type\":\"ImageObject\",\"inLanguage\":\"en-GB\",\"@id\":\"https:\/\/itlgmbh.de\/#\/schema\/logo\/image\/\",\"url\":\"https:\/\/itlgmbh.de\/wp-content\/uploads\/2022\/06\/cropped-Logo.gif\",\"contentUrl\":\"https:\/\/itlgmbh.de\/wp-content\/uploads\/2022\/06\/cropped-Logo.gif\",\"width\":496,\"height\":289,\"caption\":\" ITL GmbH\"},\"image\":{\"@id\":\"https:\/\/itlgmbh.de\/#\/schema\/logo\/image\/\"}}]}<\/script>\n<!-- \/ Yoast SEO plugin. -->","yoast_head_json":{"title":"React developer \/ Frontend developer (m\/w\/d) - ITL GmbH","robots":{"index":"index","follow":"follow","max-snippet":"max-snippet:-1","max-image-preview":"max-image-preview:large","max-video-preview":"max-video-preview:-1"},"canonical":"https:\/\/itlgmbh.de\/en\/react-developer\/","og_locale":"en_GB","og_type":"article","og_title":"React developer \/ Frontend developer (m\/w\/d) - ITL GmbH","og_description":"Zur Erg\u00e4nzung unseres Teams suchen wir: React developer \/ Frontend developer (m\/w\/d) Du liebst die Programmierung? Dir ist nichts zu knifflig und Du meisterst jede Herausforderung?Selbst\u00e4ndigkeit und Verantwortung sind keine Fremdw\u00f6rter f\u00fcr Dich?Herzlich willkommen in unserem Team! ITL entwickelt seit \u00fcber 20 Jahren individuelle &amp; innovative Softwarel\u00f6sungen f\u00fcr Kunden aus der Pharmabranche.Mit viel Leidenschaft &amp; &hellip; React developer \/ Frontend developer (m\/w\/d) Read More &raquo;","og_url":"https:\/\/itlgmbh.de\/en\/react-developer\/","og_site_name":"ITL GmbH","og_image":[{"url":"https:\/\/itldarmstadt.de\/wp-content\/uploads\/2022\/06\/stellenanzeigen.jpg","type":"","width":"","height":""}],"twitter_card":"summary_large_image","twitter_misc":{"Estimated reading time":"2 minutes"},"schema":{"@context":"https:\/\/schema.org","@graph":[{"@type":"WebPage","@id":"https:\/\/itlgmbh.de\/react-developer\/","url":"https:\/\/itlgmbh.de\/react-developer\/","name":"React developer \/ Frontend developer (m\/w\/d) - ITL GmbH","isPartOf":{"@id":"https:\/\/itlgmbh.de\/#website"},"primaryImageOfPage":{"@id":"https:\/\/itlgmbh.de\/react-developer\/#primaryimage"},"image":{"@id":"https:\/\/itlgmbh.de\/react-developer\/#primaryimage"},"thumbnailUrl":"https:\/\/itldarmstadt.de\/wp-content\/uploads\/2022\/06\/stellenanzeigen.jpg","datePublished":"2024-10-16T12:19:58+00:00","breadcrumb":{"@id":"https:\/\/itlgmbh.de\/react-developer\/#breadcrumb"},"inLanguage":"en-GB","potentialAction":[{"@type":"ReadAction","target":["https:\/\/itlgmbh.de\/react-developer\/"]}]},{"@type":"ImageObject","inLanguage":"en-GB","@id":"https:\/\/itlgmbh.de\/react-developer\/#primaryimage","url":"https:\/\/itldarmstadt.de\/wp-content\/uploads\/2022\/06\/stellenanzeigen.jpg","contentUrl":"https:\/\/itldarmstadt.de\/wp-content\/uploads\/2022\/06\/stellenanzeigen.jpg"},{"@type":"BreadcrumbList","@id":"https:\/\/itlgmbh.de\/react-developer\/#breadcrumb","itemListElement":[{"@type":"ListItem","position":1,"name":"Startseite","item":"https:\/\/itlgmbh.de\/"},{"@type":"ListItem","position":2,"name":"React developer \/ Frontend developer (m\/w\/d)"}]},{"@type":"WebSite","@id":"https:\/\/itlgmbh.de\/#website","url":"https:\/\/itlgmbh.de\/","name":"ITL GmbH","description":"Eine weitere WordPress-Website","publisher":{"@id":"https:\/\/itlgmbh.de\/#organization"},"potentialAction":[{"@type":"SearchAction","target":{"@type":"EntryPoint","urlTemplate":"https:\/\/itlgmbh.de\/?s={search_term_string}"},"query-input":{"@type":"PropertyValueSpecification","valueRequired":true,"valueName":"search_term_string"}}],"inLanguage":"en-GB"},{"@type":"Organization","@id":"https:\/\/itlgmbh.de\/#organization","name":"ITL GmbH","url":"https:\/\/itlgmbh.de\/","logo":{"@type":"ImageObject","inLanguage":"en-GB","@id":"https:\/\/itlgmbh.de\/#\/schema\/logo\/image\/","url":"https:\/\/itlgmbh.de\/wp-content\/uploads\/2022\/06\/cropped-Logo.gif","contentUrl":"https:\/\/itlgmbh.de\/wp-content\/uploads\/2022\/06\/cropped-Logo.gif","width":496,"height":289,"caption":" ITL GmbH"},"image":{"@id":"https:\/\/itlgmbh.de\/#\/schema\/logo\/image\/"}}]}},"uagb_featured_image_src":{"full":false,"thumbnail":false,"medium":false,"medium_large":false,"large":false,"1536x1536":false,"2048x2048":false,"trp-custom-language-flag":false},"uagb_author_info":{"display_name":"Nina Tomini","author_link":"https:\/\/itlgmbh.de\/en\/author\/tominnina1\/"},"uagb_comment_info":0,"uagb_excerpt":"Zur Erg\u00e4nzung unseres Teams suchen wir: React developer \/ Frontend developer (m\/w\/d) Du liebst die Programmierung? Dir ist nichts zu knifflig und Du meisterst jede Herausforderung?Selbst\u00e4ndigkeit und Verantwortung sind keine Fremdw\u00f6rter f\u00fcr Dich?Herzlich willkommen in unserem Team! ITL entwickelt seit \u00fcber 20 Jahren individuelle &amp; innovative Softwarel\u00f6sungen f\u00fcr Kunden aus der Pharmabranche.Mit viel Leidenschaft &amp;&hellip;","_links":{"self":[{"href":"https:\/\/itlgmbh.de\/en\/wp-json\/wp\/v2\/pages\/2188","targetHints":{"allow":["GET"]}}],"collection":[{"href":"https:\/\/itlgmbh.de\/en\/wp-json\/wp\/v2\/pages"}],"about":[{"href":"https:\/\/itlgmbh.de\/en\/wp-json\/wp\/v2\/types\/page"}],"author":[{"embeddable":true,"href":"https:\/\/itlgmbh.de\/en\/wp-json\/wp\/v2\/users\/2"}],"replies":[{"embeddable":true,"href":"https:\/\/itlgmbh.de\/en\/wp-json\/wp\/v2\/comments?post=2188"}],"version-history":[{"count":8,"href":"https:\/\/itlgmbh.de\/en\/wp-json\/wp\/v2\/pages\/2188\/revisions"}],"predecessor-version":[{"id":2196,"href":"https:\/\/itlgmbh.de\/en\/wp-json\/wp\/v2\/pages\/2188\/revisions\/2196"}],"wp:attachment":[{"href":"https:\/\/itlgmbh.de\/en\/wp-json\/wp\/v2\/media?parent=2188"}],"curies":[{"name":"wp","href":"https:\/\/api.w.org\/{rel}","templated":true}]}}