{"id":2363,"date":"2025-11-18T14:04:28","date_gmt":"2025-11-18T13:04:28","guid":{"rendered":"https:\/\/itlgmbh.de\/?page_id=2363"},"modified":"2025-11-18T14:27:32","modified_gmt":"2025-11-18T13:27:32","slug":"dm","status":"publish","type":"page","link":"https:\/\/itlgmbh.de\/en\/dm\/","title":{"rendered":"Stellenanzeige Data Management"},"content":{"rendered":"<div class=\"wp-block-cover alignfull\" style=\"min-height:550px;aspect-ratio:unset;\"><img loading=\"lazy\" decoding=\"async\" width=\"892\" height=\"538\" class=\"wp-block-cover__image-background wp-image-617\" alt=\"\" src=\"https:\/\/itldarmstadt.de\/wp-content\/uploads\/2022\/06\/stellenanzeigen.jpg\" style=\"object-position:35% 36%\" data-object-fit=\"cover\" data-object-position=\"35% 36%\" srcset=\"https:\/\/itlgmbh.de\/wp-content\/uploads\/2022\/06\/stellenanzeigen.jpg 892w, https:\/\/itlgmbh.de\/wp-content\/uploads\/2022\/06\/stellenanzeigen-300x181.jpg 300w, https:\/\/itlgmbh.de\/wp-content\/uploads\/2022\/06\/stellenanzeigen-768x463.jpg 768w, https:\/\/itlgmbh.de\/wp-content\/uploads\/2022\/06\/stellenanzeigen-18x12.jpg 18w\" sizes=\"auto, (max-width: 892px) 100vw, 892px\" \/><span aria-hidden=\"true\" class=\"wp-block-cover__background has-ast-global-color-6-background-color has-background-dim-60 has-background-dim\"><\/span><div class=\"wp-block-cover__inner-container is-layout-flow wp-block-cover-is-layout-flow\">\n<h1 class=\"wp-block-heading has-text-align-center has-white-color has-text-color\"><\/h1>\n<\/div><\/div>\n\n\n\n<div style=\"height:40px\" aria-hidden=\"true\" class=\"wp-block-spacer\"><\/div>\n\n\n\n<p class=\"has-text-align-center\">To join our team we are looking for:<\/p>\n\n\n\n<h2 class=\"wp-block-heading has-text-align-center\">Kaufm\u00e4nnische\/r Angestellte\/r im Bereich Data Management <br>for Tenders &amp; Contracts (m\/w\/d)<\/h2>\n\n\n\n<p class=\"has-text-align-center\"><strong><strong>Deine neue Herausforderung: Kaufm\u00e4nnische\/r Angestellte\/r im Bereich Data Management for Tenders &amp; Contracts (m\/w\/d)<\/strong><\/strong><\/p>\n\n\n\n<p class=\"has-text-align-center has-ast-global-color-4-background-color has-background\">Die&nbsp;<strong>ITL GmbH<\/strong>&nbsp;entwickelt seit \u00fcber 30 Jahren individuelle Softwaresysteme in unterschiedlichen Technologien \u2013 prim\u00e4r f\u00fcr die pharmazeutische Industrie. Namhafte Unternehmen vertrauen auf unsere Projekte und Module, sodass unser Team inzwischen auf rund 35 Mitarbeiter:innen gewachsen ist. Im Bereich&nbsp;<strong>Data Management for Tenders &amp; Contracts<\/strong>&nbsp;unterst\u00fctzen wir unsere Kunden mit Dienstleistungen wie Angebotsvorbereitung, Vertragspflege, Rechnungspr\u00fcfung und weiterem Service rund um unsere Anwendersoftware.<\/p>\n\n\n\n<p class=\"has-text-align-center has-ast-global-color-4-background-color has-background\"><strong>Unsere Unternehmenskultur:<\/strong><br>Eine offene, herzliche Unternehmenskultur mit kurzen Entscheidungswegen.<br>&nbsp;Ein wertsch\u00e4tzendes, unterst\u00fctzendes Team, das zusammenh\u00e4lt und gemeinsam w\u00e4chst.<\/p>\n\n\n\n<p class=\"has-text-align-center has-ast-global-color-4-background-color has-background\"><strong>Hast Du Lust, Teil eines jungen, motivierten und internationalen Teams zu werden? Dann bist Du bei uns genau richtig!<\/strong><\/p>\n\n\n\n<div class=\"wp-block-columns alignwide is-layout-flex wp-container-core-columns-is-layout-9d6595d7 wp-block-columns-is-layout-flex\">\n<div class=\"wp-block-column has-ast-global-color-4-background-color has-background is-layout-flow wp-block-column-is-layout-flow\">\n<div style=\"height:20px\" aria-hidden=\"true\" class=\"wp-block-spacer\"><\/div>\n\n\n\n<h3 class=\"wp-block-heading has-text-align-center has-ast-global-color-2-color has-text-color\">Deine Aufgaben<\/h3>\n\n\n\n<p class=\"has-text-align-center\">In Deiner Rolle als Data Manager (m\/w\/d) for Tenders &amp; Contracts bist Du f\u00fcr die Pflege der Kundensysteme verantwortlich. Mit Deiner kommunikativen und kundenorientierten Art stellst Du sicher, dass alle Prozesse reibungslos ablaufen.<\/p>\n\n\n\n<p>Deine Aufgaben umfassen:<\/p>\n\n\n\n<h6 class=\"wp-block-heading\">Schnittstellenmanagement<\/h6>\n\n\n\n<ul class=\"wp-block-list\">\n<li>Sicherstellung eines reibungslosen Informations- und Datenflusses zwischen Gesch\u00e4ftsf\u00fchrung, Projektmanagern, Softwareentwicklern und Customer Service.<\/li>\n<\/ul>\n\n\n\n<h6 class=\"wp-block-heading\">Vertragspflege und Rechnungsbearbeitung<\/h6>\n\n\n\n<ul class=\"wp-block-list\">\n<li>Datenverarbeitung und Datenmanagement im Tendermanagement.<\/li>\n\n\n\n<li>Pr\u00fcfung von Ausschreibungsunterlagen im Pharma-Bereich und Pflege der Daten in unserem System.<\/li>\n\n\n\n<li>Organisation und Pflege des gesamten Vertragsmanagements.<\/li>\n\n\n\n<li>Abwicklung der Krankenkassenabrechnung bis hin zur finalen Rabattabrechnungspr\u00fcfung.<\/li>\n<\/ul>\n\n\n\n<h6 class=\"wp-block-heading\">Controlling &amp; Optimierung<\/h6>\n\n\n\n<ul class=\"wp-block-list\">\n<li>Unterst\u00fctzung bei der Projektkontrolle und Rechnungstellung sowie Identifikation von Optimierungspotenzialen.<\/li>\n<\/ul>\n\n\n\n<h6 class=\"wp-block-heading\"><strong>Unterst\u00fctzung der Entwickler<\/strong><\/h6>\n\n\n\n<ul class=\"wp-block-list\">\n<li>Beitrag zur Weiterentwicklung unserer l\u00f6sungsorientierten Software.<\/li>\n<\/ul>\n<\/div>\n\n\n\n<div class=\"wp-block-column has-ast-global-color-4-background-color has-background is-layout-flow wp-block-column-is-layout-flow\">\n<div style=\"height:20px\" aria-hidden=\"true\" class=\"wp-block-spacer\"><\/div>\n\n\n\n<h3 class=\"wp-block-heading has-text-align-center has-ast-global-color-2-color has-text-color\">Dein  Profil<\/h3>\n\n\n\n<p class=\"has-text-align-center\">Wir suchen eine engagierte Pers\u00f6nlichkeit mit einem guten Verst\u00e4ndnis f\u00fcr kaufm\u00e4nnische Prozesse und einem Faible f\u00fcr Datenmanagement.<br><br><\/p>\n\n\n\n<p>Das bringst Du mit:<\/p>\n\n\n\n<ul class=\"wp-block-list\">\n<li>Erfolgreich abgeschlossene kaufm\u00e4nnische Ausbildung, idealerweise im medizinischen Bereich (z. B. MFA) oder eine vergleichbare Qualifikation.<\/li>\n\n\n\n<li>Erste Ber\u00fchrungspunkte mit der Pharmabranche sind von Vorteil.<\/li>\n\n\n\n<li>Gute Kenntnisse in&nbsp;<strong>Microsoft Office<\/strong>; Kenntnisse in&nbsp;<strong>SharePoint<\/strong>&nbsp;sind w\u00fcnschenswert<\/li>\n\n\n\n<li>Sehr gute Deutschkenntnisse in Wort und Schrift, Englischkenntnisse sind on Vorteil.<\/li>\n\n\n\n<li>Hohe Zahlenaffinit\u00e4t und die F\u00e4higkeit, komplexe Daten zu analysieren und zu interpretieren.<\/li>\n\n\n\n<li>Sympathische, kommunikative Pers\u00f6nlichkeit und Freude an der Arbeit im Team.<\/li>\n\n\n\n<li>Selbstst\u00e4ndige, strukturierte und l\u00f6sungsorientierte Arbeitsweise.<\/li>\n\n\n\n<li>Anpassungsf\u00e4higkeit und Motivation, in einem dynamischen Umfeld zu arbeiten.<\/li>\n<\/ul>\n<\/div>\n<\/div>\n\n\n\n<p class=\"has-text-align-center\"><strong>Passen wir zu Dir?<\/strong><br>Als kleines, familienfreundliches Unternehmen legen wir gro\u00dfen Wert darauf, dass Du Dich in unserer&nbsp;<strong>ITL-Family<\/strong>&nbsp;wohlf\u00fchlst. Wir bieten Dir ein Arbeitsumfeld, in dem Beruf und Familie optimal vereinbart werden k\u00f6nnen \u2013 und noch einiges mehr<\/p>\n\n\n\n<div class=\"wp-block-columns is-layout-flex wp-container-core-columns-is-layout-9d6595d7 wp-block-columns-is-layout-flex\">\n<div class=\"wp-block-column has-ast-global-color-4-background-color has-background is-layout-flow wp-block-column-is-layout-flow\">\n<div style=\"height:20px\" aria-hidden=\"true\" class=\"wp-block-spacer\"><\/div>\n\n\n\n<h3 class=\"wp-block-heading has-text-align-center\">Dein Arbeitsplatz<\/h3>\n\n\n\n<ul class=\"wp-block-list\">\n<li>Ein modernes und gem\u00fctliches Arbeitsumfeld in unseren B\u00fcrogeb\u00e4uden.<\/li>\n\n\n\n<li>Flexibler Arbeitsort: Bei uns gilt die 50% Homeoffice-Regelung.<\/li>\n\n\n\n<li>Mittwochs einen ITL B\u00fcrotag \u2013 Gerne treffen wir uns auch zum regen Austausch beim Brunch in unserer gro\u00dfen K\u00fcche.<\/li>\n\n\n\n<li>Mitarbeiterparkpl\u00e4tze f\u00fcr einen stressfreien Start in den Tag.<\/li>\n<\/ul>\n<\/div>\n\n\n\n<div class=\"wp-block-column has-ast-global-color-4-background-color has-background is-layout-flow wp-block-column-is-layout-flow\">\n<div style=\"height:20px\" aria-hidden=\"true\" class=\"wp-block-spacer\"><\/div>\n\n\n\n<h3 class=\"wp-block-heading has-text-align-center\">Deine Entwicklung<\/h3>\n\n\n\n<ul class=\"wp-block-list\">\n<li>Eine interessante und abwechslungsreiche T\u00e4tigkeit mit spannenden Einblicken in die Pharmabranche.<\/li>\n<\/ul>\n<\/div>\n\n\n\n<div class=\"wp-block-column has-ast-global-color-4-background-color has-background is-layout-flow wp-block-column-is-layout-flow\">\n<div style=\"height:20px\" aria-hidden=\"true\" class=\"wp-block-spacer\"><\/div>\n\n\n\n<h3 class=\"wp-block-heading has-text-align-center\">Deine Benefits<\/h3>\n\n\n\n<ul class=\"wp-block-list\">\n<li>Betriebliche Altersvorsorge<\/li>\n\n\n\n<li>Firmenevents<\/li>\n\n\n\n<li>Flexible Arbeitszeiten<\/li>\n\n\n\n<li>Homeoffice-M\u00f6glichkeit<\/li>\n\n\n\n<li>Kostenlose Getr\u00e4nke<\/li>\n\n\n\n<li>Kostenloser Parkplatz<\/li>\n<\/ul>\n<\/div>\n<\/div>\n\n\n\n<div style=\"height:45px\" aria-hidden=\"true\" class=\"wp-block-spacer\"><\/div>\n\n\n\n<p class=\"has-text-align-center\"><strong>Kling nach Deinem Traumjob? <\/strong><br>Dann melde Dich mit Deinen Bewerbungsunterlagen und ein paar S\u00e4tze dar\u00fcber, <br>warum Du Lust hast, mit uns zu arbeiten bei bewerbung@itlgmbh.de.<\/p>\n\n\n\n<div class=\"wp-block-buttons is-content-justification-center is-layout-flex wp-container-core-buttons-is-layout-16018d1d wp-block-buttons-is-layout-flex\">\n<div class=\"wp-block-button\"><a class=\"wp-block-button__link wp-element-button\" href=\"mailto:bewerbung@itlgmbh.de\" target=\"_blank\" rel=\"noreferrer noopener\">Apply now!<\/a><\/div>\n<\/div>\n\n\n\n<div style=\"height:40px\" aria-hidden=\"true\" class=\"wp-block-spacer\"><\/div>\n\n\n\n<p class=\"has-text-align-center has-small-font-size\">Unsere Datenschutzhinweise f\u00fcr Bewerber findest Du <a href=\"https:\/\/itlgmbh.de\/en\/informationspflicht-bewerber\/\">hier<\/a>.<\/p>\n\n\n\n<p><\/p>","protected":false},"excerpt":{"rendered":"<p>Zur Erg\u00e4nzung unseres Teams suchen wir: Kaufm\u00e4nnische\/r Angestellte\/r im Bereich Data Management for Tenders &amp; Contracts (m\/w\/d) Deine neue Herausforderung: Kaufm\u00e4nnische\/r Angestellte\/r im Bereich Data Management for Tenders &amp; Contracts (m\/w\/d) Die&nbsp;ITL GmbH&nbsp;entwickelt seit \u00fcber 30 Jahren individuelle Softwaresysteme in unterschiedlichen Technologien \u2013 prim\u00e4r f\u00fcr die pharmazeutische Industrie. Namhafte Unternehmen vertrauen auf unsere Projekte und &hellip;<\/p>\n<p class=\"read-more\"> <a class=\"\" href=\"https:\/\/itlgmbh.de\/en\/dm\/\"> <span class=\"screen-reader-text\">Stellenanzeige Data Management<\/span> Read More &raquo;<\/a><\/p>","protected":false},"author":2,"featured_media":0,"parent":0,"menu_order":0,"comment_status":"closed","ping_status":"closed","template":"","meta":{"_uag_custom_page_level_css":"","site-sidebar-layout":"default","site-content-layout":"plain-container","ast-main-header-display":"","ast-hfb-above-header-display":"","ast-hfb-below-header-display":"","ast-hfb-mobile-header-display":"","site-post-title":"disabled","ast-breadcrumbs-content":"","ast-featured-img":"","footer-sml-layout":"","theme-transparent-header-meta":"","adv-header-id-meta":"","stick-header-meta":"","header-above-stick-meta":"","header-main-stick-meta":"","header-below-stick-meta":"","footnotes":""},"class_list":["post-2363","page","type-page","status-publish","hentry"],"yoast_head":"<!-- This site is optimized with the Yoast SEO plugin v26.4 - https:\/\/yoast.com\/wordpress\/plugins\/seo\/ -->\n<title>Stellenanzeige Data Management - ITL GmbH<\/title>\n<meta name=\"robots\" content=\"index, follow, max-snippet:-1, max-image-preview:large, max-video-preview:-1\" \/>\n<link rel=\"canonical\" href=\"https:\/\/itlgmbh.de\/en\/dm\/\" \/>\n<meta property=\"og:locale\" content=\"en_GB\" \/>\n<meta property=\"og:type\" content=\"article\" \/>\n<meta property=\"og:title\" content=\"Stellenanzeige Data Management - ITL GmbH\" \/>\n<meta property=\"og:description\" content=\"Zur Erg\u00e4nzung unseres Teams suchen wir: Kaufm\u00e4nnische\/r Angestellte\/r im Bereich Data Management for Tenders &amp; Contracts (m\/w\/d) Deine neue Herausforderung: Kaufm\u00e4nnische\/r Angestellte\/r im Bereich Data Management for Tenders &amp; Contracts (m\/w\/d) Die&nbsp;ITL GmbH&nbsp;entwickelt seit \u00fcber 30 Jahren individuelle Softwaresysteme in unterschiedlichen Technologien \u2013 prim\u00e4r f\u00fcr die pharmazeutische Industrie. Namhafte Unternehmen vertrauen auf unsere Projekte und &hellip; Stellenanzeige Data Management Read More &raquo;\" \/>\n<meta property=\"og:url\" content=\"https:\/\/itlgmbh.de\/en\/dm\/\" \/>\n<meta property=\"og:site_name\" content=\"ITL GmbH\" \/>\n<meta property=\"article:modified_time\" content=\"2025-11-18T13:27:32+00:00\" \/>\n<meta property=\"og:image\" content=\"https:\/\/itldarmstadt.de\/wp-content\/uploads\/2022\/06\/stellenanzeigen.jpg\" \/>\n<meta name=\"twitter:card\" content=\"summary_large_image\" \/>\n<meta name=\"twitter:label1\" content=\"Estimated reading time\" \/>\n\t<meta name=\"twitter:data1\" content=\"3 minutes\" \/>\n<script type=\"application\/ld+json\" class=\"yoast-schema-graph\">{\"@context\":\"https:\/\/schema.org\",\"@graph\":[{\"@type\":\"WebPage\",\"@id\":\"https:\/\/itlgmbh.de\/dm\/\",\"url\":\"https:\/\/itlgmbh.de\/dm\/\",\"name\":\"Stellenanzeige Data Management - ITL GmbH\",\"isPartOf\":{\"@id\":\"https:\/\/itlgmbh.de\/#website\"},\"primaryImageOfPage\":{\"@id\":\"https:\/\/itlgmbh.de\/dm\/#primaryimage\"},\"image\":{\"@id\":\"https:\/\/itlgmbh.de\/dm\/#primaryimage\"},\"thumbnailUrl\":\"https:\/\/itldarmstadt.de\/wp-content\/uploads\/2022\/06\/stellenanzeigen.jpg\",\"datePublished\":\"2025-11-18T13:04:28+00:00\",\"dateModified\":\"2025-11-18T13:27:32+00:00\",\"breadcrumb\":{\"@id\":\"https:\/\/itlgmbh.de\/dm\/#breadcrumb\"},\"inLanguage\":\"en-GB\",\"potentialAction\":[{\"@type\":\"ReadAction\",\"target\":[\"https:\/\/itlgmbh.de\/dm\/\"]}]},{\"@type\":\"ImageObject\",\"inLanguage\":\"en-GB\",\"@id\":\"https:\/\/itlgmbh.de\/dm\/#primaryimage\",\"url\":\"https:\/\/itldarmstadt.de\/wp-content\/uploads\/2022\/06\/stellenanzeigen.jpg\",\"contentUrl\":\"https:\/\/itldarmstadt.de\/wp-content\/uploads\/2022\/06\/stellenanzeigen.jpg\"},{\"@type\":\"BreadcrumbList\",\"@id\":\"https:\/\/itlgmbh.de\/dm\/#breadcrumb\",\"itemListElement\":[{\"@type\":\"ListItem\",\"position\":1,\"name\":\"Startseite\",\"item\":\"https:\/\/itlgmbh.de\/\"},{\"@type\":\"ListItem\",\"position\":2,\"name\":\"Stellenanzeige Data Management\"}]},{\"@type\":\"WebSite\",\"@id\":\"https:\/\/itlgmbh.de\/#website\",\"url\":\"https:\/\/itlgmbh.de\/\",\"name\":\"ITL GmbH\",\"description\":\"Eine weitere WordPress-Website\",\"publisher\":{\"@id\":\"https:\/\/itlgmbh.de\/#organization\"},\"potentialAction\":[{\"@type\":\"SearchAction\",\"target\":{\"@type\":\"EntryPoint\",\"urlTemplate\":\"https:\/\/itlgmbh.de\/?s={search_term_string}\"},\"query-input\":{\"@type\":\"PropertyValueSpecification\",\"valueRequired\":true,\"valueName\":\"search_term_string\"}}],\"inLanguage\":\"en-GB\"},{\"@type\":\"Organization\",\"@id\":\"https:\/\/itlgmbh.de\/#organization\",\"name\":\"ITL GmbH\",\"url\":\"https:\/\/itlgmbh.de\/\",\"logo\":{\"@type\":\"ImageObject\",\"inLanguage\":\"en-GB\",\"@id\":\"https:\/\/itlgmbh.de\/#\/schema\/logo\/image\/\",\"url\":\"https:\/\/itlgmbh.de\/wp-content\/uploads\/2022\/06\/cropped-Logo.gif\",\"contentUrl\":\"https:\/\/itlgmbh.de\/wp-content\/uploads\/2022\/06\/cropped-Logo.gif\",\"width\":496,\"height\":289,\"caption\":\" ITL GmbH\"},\"image\":{\"@id\":\"https:\/\/itlgmbh.de\/#\/schema\/logo\/image\/\"}}]}<\/script>\n<!-- \/ Yoast SEO plugin. -->","yoast_head_json":{"title":"Stellenanzeige Data Management - ITL GmbH","robots":{"index":"index","follow":"follow","max-snippet":"max-snippet:-1","max-image-preview":"max-image-preview:large","max-video-preview":"max-video-preview:-1"},"canonical":"https:\/\/itlgmbh.de\/en\/dm\/","og_locale":"en_GB","og_type":"article","og_title":"Stellenanzeige Data Management - ITL GmbH","og_description":"Zur Erg\u00e4nzung unseres Teams suchen wir: Kaufm\u00e4nnische\/r Angestellte\/r im Bereich Data Management for Tenders &amp; Contracts (m\/w\/d) Deine neue Herausforderung: Kaufm\u00e4nnische\/r Angestellte\/r im Bereich Data Management for Tenders &amp; Contracts (m\/w\/d) Die&nbsp;ITL GmbH&nbsp;entwickelt seit \u00fcber 30 Jahren individuelle Softwaresysteme in unterschiedlichen Technologien \u2013 prim\u00e4r f\u00fcr die pharmazeutische Industrie. Namhafte Unternehmen vertrauen auf unsere Projekte und &hellip; Stellenanzeige Data Management Read More &raquo;","og_url":"https:\/\/itlgmbh.de\/en\/dm\/","og_site_name":"ITL GmbH","article_modified_time":"2025-11-18T13:27:32+00:00","og_image":[{"url":"https:\/\/itldarmstadt.de\/wp-content\/uploads\/2022\/06\/stellenanzeigen.jpg","type":"","width":"","height":""}],"twitter_card":"summary_large_image","twitter_misc":{"Estimated reading time":"3 minutes"},"schema":{"@context":"https:\/\/schema.org","@graph":[{"@type":"WebPage","@id":"https:\/\/itlgmbh.de\/dm\/","url":"https:\/\/itlgmbh.de\/dm\/","name":"Stellenanzeige Data Management - ITL GmbH","isPartOf":{"@id":"https:\/\/itlgmbh.de\/#website"},"primaryImageOfPage":{"@id":"https:\/\/itlgmbh.de\/dm\/#primaryimage"},"image":{"@id":"https:\/\/itlgmbh.de\/dm\/#primaryimage"},"thumbnailUrl":"https:\/\/itldarmstadt.de\/wp-content\/uploads\/2022\/06\/stellenanzeigen.jpg","datePublished":"2025-11-18T13:04:28+00:00","dateModified":"2025-11-18T13:27:32+00:00","breadcrumb":{"@id":"https:\/\/itlgmbh.de\/dm\/#breadcrumb"},"inLanguage":"en-GB","potentialAction":[{"@type":"ReadAction","target":["https:\/\/itlgmbh.de\/dm\/"]}]},{"@type":"ImageObject","inLanguage":"en-GB","@id":"https:\/\/itlgmbh.de\/dm\/#primaryimage","url":"https:\/\/itldarmstadt.de\/wp-content\/uploads\/2022\/06\/stellenanzeigen.jpg","contentUrl":"https:\/\/itldarmstadt.de\/wp-content\/uploads\/2022\/06\/stellenanzeigen.jpg"},{"@type":"BreadcrumbList","@id":"https:\/\/itlgmbh.de\/dm\/#breadcrumb","itemListElement":[{"@type":"ListItem","position":1,"name":"Startseite","item":"https:\/\/itlgmbh.de\/"},{"@type":"ListItem","position":2,"name":"Stellenanzeige Data Management"}]},{"@type":"WebSite","@id":"https:\/\/itlgmbh.de\/#website","url":"https:\/\/itlgmbh.de\/","name":"ITL GmbH","description":"Eine weitere WordPress-Website","publisher":{"@id":"https:\/\/itlgmbh.de\/#organization"},"potentialAction":[{"@type":"SearchAction","target":{"@type":"EntryPoint","urlTemplate":"https:\/\/itlgmbh.de\/?s={search_term_string}"},"query-input":{"@type":"PropertyValueSpecification","valueRequired":true,"valueName":"search_term_string"}}],"inLanguage":"en-GB"},{"@type":"Organization","@id":"https:\/\/itlgmbh.de\/#organization","name":"ITL GmbH","url":"https:\/\/itlgmbh.de\/","logo":{"@type":"ImageObject","inLanguage":"en-GB","@id":"https:\/\/itlgmbh.de\/#\/schema\/logo\/image\/","url":"https:\/\/itlgmbh.de\/wp-content\/uploads\/2022\/06\/cropped-Logo.gif","contentUrl":"https:\/\/itlgmbh.de\/wp-content\/uploads\/2022\/06\/cropped-Logo.gif","width":496,"height":289,"caption":" ITL GmbH"},"image":{"@id":"https:\/\/itlgmbh.de\/#\/schema\/logo\/image\/"}}]}},"uagb_featured_image_src":{"full":false,"thumbnail":false,"medium":false,"medium_large":false,"large":false,"1536x1536":false,"2048x2048":false,"trp-custom-language-flag":false},"uagb_author_info":{"display_name":"Nina Tomini","author_link":"https:\/\/itlgmbh.de\/en\/author\/tominnina1\/"},"uagb_comment_info":0,"uagb_excerpt":"Zur Erg\u00e4nzung unseres Teams suchen wir: Kaufm\u00e4nnische\/r Angestellte\/r im Bereich Data Management for Tenders &amp; Contracts (m\/w\/d) Deine neue Herausforderung: Kaufm\u00e4nnische\/r Angestellte\/r im Bereich Data Management for Tenders &amp; Contracts (m\/w\/d) Die&nbsp;ITL GmbH&nbsp;entwickelt seit \u00fcber 30 Jahren individuelle Softwaresysteme in unterschiedlichen Technologien \u2013 prim\u00e4r f\u00fcr die pharmazeutische Industrie. Namhafte Unternehmen vertrauen auf unsere Projekte und&hellip;","_links":{"self":[{"href":"https:\/\/itlgmbh.de\/en\/wp-json\/wp\/v2\/pages\/2363","targetHints":{"allow":["GET"]}}],"collection":[{"href":"https:\/\/itlgmbh.de\/en\/wp-json\/wp\/v2\/pages"}],"about":[{"href":"https:\/\/itlgmbh.de\/en\/wp-json\/wp\/v2\/types\/page"}],"author":[{"embeddable":true,"href":"https:\/\/itlgmbh.de\/en\/wp-json\/wp\/v2\/users\/2"}],"replies":[{"embeddable":true,"href":"https:\/\/itlgmbh.de\/en\/wp-json\/wp\/v2\/comments?post=2363"}],"version-history":[{"count":9,"href":"https:\/\/itlgmbh.de\/en\/wp-json\/wp\/v2\/pages\/2363\/revisions"}],"predecessor-version":[{"id":2380,"href":"https:\/\/itlgmbh.de\/en\/wp-json\/wp\/v2\/pages\/2363\/revisions\/2380"}],"wp:attachment":[{"href":"https:\/\/itlgmbh.de\/en\/wp-json\/wp\/v2\/media?parent=2363"}],"curies":[{"name":"wp","href":"https:\/\/api.w.org\/{rel}","templated":true}]}}