{"id":647,"date":"2022-06-15T13:32:55","date_gmt":"2022-06-15T11:32:55","guid":{"rendered":"https:\/\/itldarmstadt.de\/?page_id=647"},"modified":"2024-04-04T13:47:58","modified_gmt":"2024-04-04T11:47:58","slug":"ausbildung","status":"publish","type":"page","link":"https:\/\/itlgmbh.de\/en\/ausbildung\/","title":{"rendered":"Ausbildung &#8211; aktuell keine Pl\u00e4tze"},"content":{"rendered":"<div class=\"wp-block-cover alignfull\" style=\"min-height:550px;aspect-ratio:unset;\"><span aria-hidden=\"true\" class=\"wp-block-cover__background has-ast-global-color-6-background-color has-background-dim-60 has-background-dim\"><\/span><img loading=\"lazy\" decoding=\"async\" width=\"892\" height=\"538\" class=\"wp-block-cover__image-background wp-image-617\" alt=\"\" src=\"https:\/\/itldarmstadt.de\/wp-content\/uploads\/2022\/06\/stellenanzeigen.jpg\" style=\"object-position:97% 35%\" data-object-fit=\"cover\" data-object-position=\"97% 35%\" srcset=\"https:\/\/itlgmbh.de\/wp-content\/uploads\/2022\/06\/stellenanzeigen.jpg 892w, https:\/\/itlgmbh.de\/wp-content\/uploads\/2022\/06\/stellenanzeigen-300x181.jpg 300w, https:\/\/itlgmbh.de\/wp-content\/uploads\/2022\/06\/stellenanzeigen-768x463.jpg 768w, https:\/\/itlgmbh.de\/wp-content\/uploads\/2022\/06\/stellenanzeigen-18x12.jpg 18w\" sizes=\"auto, (max-width: 892px) 100vw, 892px\" \/><div class=\"wp-block-cover__inner-container is-layout-flow wp-block-cover-is-layout-flow\">\n<h1 class=\"wp-block-heading has-text-align-right has-white-color has-text-color\"><\/h1>\n\n\n\n<p class=\"has-text-align-center\"> <\/p>\n\n\n\n<p><\/p>\n<\/div><\/div>\n\n\n\n<div class=\"wp-block-group alignfull has-white-background-color has-background is-layout-constrained wp-block-group-is-layout-constrained\"><div class=\"wp-block-group__inner-container\">\n<h2 class=\"wp-block-heading has-text-align-center has-ast-global-color-2-color has-text-color\">Aktuell haben wir keine Ausbildungspl\u00e4tze zu vergeben.<\/h2>\n\n\n\n<p class=\"has-text-align-center has-ast-global-color-3-color has-text-color\">Wenn Sie gerne Teil unseres Teams werden m\u00f6chten, <br>dann besuchen Sie regelm\u00e4\u00dfig unsere Homepage.<\/p>\n<\/div><\/div>\n\n\n\n<div class=\"wp-block-group alignfull has-ast-global-color-5-background-color has-background is-layout-flow wp-block-group-is-layout-flow\"><div class=\"wp-block-group__inner-container\"><\/div><\/div>\n\n\n\n<div class=\"wp-block-columns is-layout-flex wp-container-core-columns-is-layout-9d6595d7 wp-block-columns-is-layout-flex\">\n<div class=\"wp-block-column is-layout-flow wp-block-column-is-layout-flow\" style=\"flex-basis:100%\">\n<div class=\"wp-block-columns is-layout-flex wp-container-core-columns-is-layout-9d6595d7 wp-block-columns-is-layout-flex\">\n<div class=\"wp-block-column is-layout-flow wp-block-column-is-layout-flow\" style=\"flex-basis:66.66%\"><\/div>\n\n\n\n<div class=\"wp-block-column is-layout-flow wp-block-column-is-layout-flow\" style=\"flex-basis:33.33%\"><\/div>\n<\/div>\n<\/div>\n<\/div>","protected":false},"excerpt":{"rendered":"<p>Aktuell haben wir keine Ausbildungspl\u00e4tze zu vergeben. Wenn Sie gerne Teil unseres Teams werden m\u00f6chten, dann besuchen Sie regelm\u00e4\u00dfig unsere Homepage.<\/p>","protected":false},"author":2,"featured_media":0,"parent":0,"menu_order":0,"comment_status":"closed","ping_status":"closed","template":"","meta":{"_uag_custom_page_level_css":"","site-sidebar-layout":"default","site-content-layout":"plain-container","ast-main-header-display":"","ast-hfb-above-header-display":"","ast-hfb-below-header-display":"","ast-hfb-mobile-header-display":"","site-post-title":"disabled","ast-breadcrumbs-content":"","ast-featured-img":"","footer-sml-layout":"","theme-transparent-header-meta":"","adv-header-id-meta":"","stick-header-meta":"","header-above-stick-meta":"","header-main-stick-meta":"","header-below-stick-meta":"","footnotes":""},"class_list":["post-647","page","type-page","status-publish","hentry"],"yoast_head":"<!-- This site is optimized with the Yoast SEO plugin v26.4 - https:\/\/yoast.com\/wordpress\/plugins\/seo\/ -->\n<title>Ausbildung - aktuell keine Pl\u00e4tze - ITL GmbH<\/title>\n<meta name=\"robots\" content=\"index, follow, max-snippet:-1, max-image-preview:large, max-video-preview:-1\" \/>\n<link rel=\"canonical\" href=\"https:\/\/itlgmbh.de\/en\/ausbildung\/\" \/>\n<meta property=\"og:locale\" content=\"en_GB\" \/>\n<meta property=\"og:type\" content=\"article\" \/>\n<meta property=\"og:title\" content=\"Ausbildung - aktuell keine Pl\u00e4tze - ITL GmbH\" \/>\n<meta property=\"og:description\" content=\"Aktuell haben wir keine Ausbildungspl\u00e4tze zu vergeben. Wenn Sie gerne Teil unseres Teams werden m\u00f6chten, dann besuchen Sie regelm\u00e4\u00dfig unsere Homepage.\" \/>\n<meta property=\"og:url\" content=\"https:\/\/itlgmbh.de\/en\/ausbildung\/\" \/>\n<meta property=\"og:site_name\" content=\"ITL GmbH\" \/>\n<meta property=\"article:modified_time\" content=\"2024-04-04T11:47:58+00:00\" \/>\n<meta property=\"og:image\" content=\"https:\/\/itldarmstadt.de\/wp-content\/uploads\/2022\/06\/stellenanzeigen.jpg\" \/>\n<meta name=\"twitter:card\" content=\"summary_large_image\" \/>\n<meta name=\"twitter:label1\" content=\"Estimated reading time\" \/>\n\t<meta name=\"twitter:data1\" content=\"1 minute\" \/>\n<script type=\"application\/ld+json\" class=\"yoast-schema-graph\">{\"@context\":\"https:\/\/schema.org\",\"@graph\":[{\"@type\":\"WebPage\",\"@id\":\"https:\/\/itlgmbh.de\/ausbildung\/\",\"url\":\"https:\/\/itlgmbh.de\/ausbildung\/\",\"name\":\"Ausbildung - aktuell keine Pl\u00e4tze - ITL GmbH\",\"isPartOf\":{\"@id\":\"https:\/\/itlgmbh.de\/#website\"},\"primaryImageOfPage\":{\"@id\":\"https:\/\/itlgmbh.de\/ausbildung\/#primaryimage\"},\"image\":{\"@id\":\"https:\/\/itlgmbh.de\/ausbildung\/#primaryimage\"},\"thumbnailUrl\":\"https:\/\/itldarmstadt.de\/wp-content\/uploads\/2022\/06\/stellenanzeigen.jpg\",\"datePublished\":\"2022-06-15T11:32:55+00:00\",\"dateModified\":\"2024-04-04T11:47:58+00:00\",\"breadcrumb\":{\"@id\":\"https:\/\/itlgmbh.de\/ausbildung\/#breadcrumb\"},\"inLanguage\":\"en-GB\",\"potentialAction\":[{\"@type\":\"ReadAction\",\"target\":[\"https:\/\/itlgmbh.de\/ausbildung\/\"]}]},{\"@type\":\"ImageObject\",\"inLanguage\":\"en-GB\",\"@id\":\"https:\/\/itlgmbh.de\/ausbildung\/#primaryimage\",\"url\":\"https:\/\/itldarmstadt.de\/wp-content\/uploads\/2022\/06\/stellenanzeigen.jpg\",\"contentUrl\":\"https:\/\/itldarmstadt.de\/wp-content\/uploads\/2022\/06\/stellenanzeigen.jpg\"},{\"@type\":\"BreadcrumbList\",\"@id\":\"https:\/\/itlgmbh.de\/ausbildung\/#breadcrumb\",\"itemListElement\":[{\"@type\":\"ListItem\",\"position\":1,\"name\":\"Startseite\",\"item\":\"https:\/\/itlgmbh.de\/\"},{\"@type\":\"ListItem\",\"position\":2,\"name\":\"Ausbildung &#8211; aktuell keine Pl\u00e4tze\"}]},{\"@type\":\"WebSite\",\"@id\":\"https:\/\/itlgmbh.de\/#website\",\"url\":\"https:\/\/itlgmbh.de\/\",\"name\":\"ITL GmbH\",\"description\":\"Eine weitere WordPress-Website\",\"publisher\":{\"@id\":\"https:\/\/itlgmbh.de\/#organization\"},\"potentialAction\":[{\"@type\":\"SearchAction\",\"target\":{\"@type\":\"EntryPoint\",\"urlTemplate\":\"https:\/\/itlgmbh.de\/?s={search_term_string}\"},\"query-input\":{\"@type\":\"PropertyValueSpecification\",\"valueRequired\":true,\"valueName\":\"search_term_string\"}}],\"inLanguage\":\"en-GB\"},{\"@type\":\"Organization\",\"@id\":\"https:\/\/itlgmbh.de\/#organization\",\"name\":\"ITL GmbH\",\"url\":\"https:\/\/itlgmbh.de\/\",\"logo\":{\"@type\":\"ImageObject\",\"inLanguage\":\"en-GB\",\"@id\":\"https:\/\/itlgmbh.de\/#\/schema\/logo\/image\/\",\"url\":\"https:\/\/itlgmbh.de\/wp-content\/uploads\/2022\/06\/cropped-Logo.gif\",\"contentUrl\":\"https:\/\/itlgmbh.de\/wp-content\/uploads\/2022\/06\/cropped-Logo.gif\",\"width\":496,\"height\":289,\"caption\":\" ITL GmbH\"},\"image\":{\"@id\":\"https:\/\/itlgmbh.de\/#\/schema\/logo\/image\/\"}}]}<\/script>\n<!-- \/ Yoast SEO plugin. -->","yoast_head_json":{"title":"Ausbildung - aktuell keine Pl\u00e4tze - ITL GmbH","robots":{"index":"index","follow":"follow","max-snippet":"max-snippet:-1","max-image-preview":"max-image-preview:large","max-video-preview":"max-video-preview:-1"},"canonical":"https:\/\/itlgmbh.de\/en\/ausbildung\/","og_locale":"en_GB","og_type":"article","og_title":"Ausbildung - aktuell keine Pl\u00e4tze - ITL GmbH","og_description":"Aktuell haben wir keine Ausbildungspl\u00e4tze zu vergeben. Wenn Sie gerne Teil unseres Teams werden m\u00f6chten, dann besuchen Sie regelm\u00e4\u00dfig unsere Homepage.","og_url":"https:\/\/itlgmbh.de\/en\/ausbildung\/","og_site_name":"ITL GmbH","article_modified_time":"2024-04-04T11:47:58+00:00","og_image":[{"url":"https:\/\/itldarmstadt.de\/wp-content\/uploads\/2022\/06\/stellenanzeigen.jpg","type":"","width":"","height":""}],"twitter_card":"summary_large_image","twitter_misc":{"Estimated reading time":"1 minute"},"schema":{"@context":"https:\/\/schema.org","@graph":[{"@type":"WebPage","@id":"https:\/\/itlgmbh.de\/ausbildung\/","url":"https:\/\/itlgmbh.de\/ausbildung\/","name":"Ausbildung - aktuell keine Pl\u00e4tze - ITL GmbH","isPartOf":{"@id":"https:\/\/itlgmbh.de\/#website"},"primaryImageOfPage":{"@id":"https:\/\/itlgmbh.de\/ausbildung\/#primaryimage"},"image":{"@id":"https:\/\/itlgmbh.de\/ausbildung\/#primaryimage"},"thumbnailUrl":"https:\/\/itldarmstadt.de\/wp-content\/uploads\/2022\/06\/stellenanzeigen.jpg","datePublished":"2022-06-15T11:32:55+00:00","dateModified":"2024-04-04T11:47:58+00:00","breadcrumb":{"@id":"https:\/\/itlgmbh.de\/ausbildung\/#breadcrumb"},"inLanguage":"en-GB","potentialAction":[{"@type":"ReadAction","target":["https:\/\/itlgmbh.de\/ausbildung\/"]}]},{"@type":"ImageObject","inLanguage":"en-GB","@id":"https:\/\/itlgmbh.de\/ausbildung\/#primaryimage","url":"https:\/\/itldarmstadt.de\/wp-content\/uploads\/2022\/06\/stellenanzeigen.jpg","contentUrl":"https:\/\/itldarmstadt.de\/wp-content\/uploads\/2022\/06\/stellenanzeigen.jpg"},{"@type":"BreadcrumbList","@id":"https:\/\/itlgmbh.de\/ausbildung\/#breadcrumb","itemListElement":[{"@type":"ListItem","position":1,"name":"Startseite","item":"https:\/\/itlgmbh.de\/"},{"@type":"ListItem","position":2,"name":"Ausbildung &#8211; aktuell keine Pl\u00e4tze"}]},{"@type":"WebSite","@id":"https:\/\/itlgmbh.de\/#website","url":"https:\/\/itlgmbh.de\/","name":"ITL GmbH","description":"Eine weitere WordPress-Website","publisher":{"@id":"https:\/\/itlgmbh.de\/#organization"},"potentialAction":[{"@type":"SearchAction","target":{"@type":"EntryPoint","urlTemplate":"https:\/\/itlgmbh.de\/?s={search_term_string}"},"query-input":{"@type":"PropertyValueSpecification","valueRequired":true,"valueName":"search_term_string"}}],"inLanguage":"en-GB"},{"@type":"Organization","@id":"https:\/\/itlgmbh.de\/#organization","name":"ITL GmbH","url":"https:\/\/itlgmbh.de\/","logo":{"@type":"ImageObject","inLanguage":"en-GB","@id":"https:\/\/itlgmbh.de\/#\/schema\/logo\/image\/","url":"https:\/\/itlgmbh.de\/wp-content\/uploads\/2022\/06\/cropped-Logo.gif","contentUrl":"https:\/\/itlgmbh.de\/wp-content\/uploads\/2022\/06\/cropped-Logo.gif","width":496,"height":289,"caption":" ITL GmbH"},"image":{"@id":"https:\/\/itlgmbh.de\/#\/schema\/logo\/image\/"}}]}},"uagb_featured_image_src":{"full":false,"thumbnail":false,"medium":false,"medium_large":false,"large":false,"1536x1536":false,"2048x2048":false,"trp-custom-language-flag":false},"uagb_author_info":{"display_name":"Nina Tomini","author_link":"https:\/\/itlgmbh.de\/en\/author\/tominnina1\/"},"uagb_comment_info":0,"uagb_excerpt":"Aktuell haben wir keine Ausbildungspl\u00e4tze zu vergeben. Wenn Sie gerne Teil unseres Teams werden m\u00f6chten, dann besuchen Sie regelm\u00e4\u00dfig unsere Homepage.","_links":{"self":[{"href":"https:\/\/itlgmbh.de\/en\/wp-json\/wp\/v2\/pages\/647","targetHints":{"allow":["GET"]}}],"collection":[{"href":"https:\/\/itlgmbh.de\/en\/wp-json\/wp\/v2\/pages"}],"about":[{"href":"https:\/\/itlgmbh.de\/en\/wp-json\/wp\/v2\/types\/page"}],"author":[{"embeddable":true,"href":"https:\/\/itlgmbh.de\/en\/wp-json\/wp\/v2\/users\/2"}],"replies":[{"embeddable":true,"href":"https:\/\/itlgmbh.de\/en\/wp-json\/wp\/v2\/comments?post=647"}],"version-history":[{"count":4,"href":"https:\/\/itlgmbh.de\/en\/wp-json\/wp\/v2\/pages\/647\/revisions"}],"predecessor-version":[{"id":1559,"href":"https:\/\/itlgmbh.de\/en\/wp-json\/wp\/v2\/pages\/647\/revisions\/1559"}],"wp:attachment":[{"href":"https:\/\/itlgmbh.de\/en\/wp-json\/wp\/v2\/media?parent=647"}],"curies":[{"name":"wp","href":"https:\/\/api.w.org\/{rel}","templated":true}]}}