{"id":658,"date":"2022-06-22T13:35:46","date_gmt":"2022-06-22T11:35:46","guid":{"rendered":"https:\/\/itldarmstadt.de\/?page_id=658"},"modified":"2023-09-01T11:44:29","modified_gmt":"2023-09-01T09:44:29","slug":"beratung","status":"publish","type":"page","link":"https:\/\/itlgmbh.de\/en\/beratung\/","title":{"rendered":"Consulting"},"content":{"rendered":"<div class=\"wp-block-cover alignfull\" style=\"min-height:550px;aspect-ratio:unset;\"><span aria-hidden=\"true\" class=\"wp-block-cover__background has-ast-global-color-6-background-color has-background-dim\"><\/span><img loading=\"lazy\" decoding=\"async\" width=\"2480\" height=\"1721\" class=\"wp-block-cover__image-background wp-image-1664\" alt=\"\" src=\"https:\/\/itlgmbh.de\/wp-content\/uploads\/2023\/09\/beratung-1.png\" style=\"object-position:11% 7%\" data-object-fit=\"cover\" data-object-position=\"11% 7%\" srcset=\"https:\/\/itlgmbh.de\/wp-content\/uploads\/2023\/09\/beratung-1.png 2480w, https:\/\/itlgmbh.de\/wp-content\/uploads\/2023\/09\/beratung-1-300x208.png 300w, https:\/\/itlgmbh.de\/wp-content\/uploads\/2023\/09\/beratung-1-1024x711.png 1024w, https:\/\/itlgmbh.de\/wp-content\/uploads\/2023\/09\/beratung-1-768x533.png 768w, https:\/\/itlgmbh.de\/wp-content\/uploads\/2023\/09\/beratung-1-1536x1066.png 1536w, https:\/\/itlgmbh.de\/wp-content\/uploads\/2023\/09\/beratung-1-2048x1421.png 2048w, https:\/\/itlgmbh.de\/wp-content\/uploads\/2023\/09\/beratung-1-18x12.png 18w\" sizes=\"auto, (max-width: 2480px) 100vw, 2480px\" \/><div class=\"wp-block-cover__inner-container is-layout-flow wp-block-cover-is-layout-flow\">\n<p class=\"has-text-align-center has-ast-global-color-7-color has-text-color\">Things we do for you<\/p>\n\n\n\n<h1 class=\"wp-block-heading has-text-align-center has-ast-global-color-7-color has-text-color\">Consulting<\/h1>\n\n\n\n<hr class=\"wp-block-separator has-text-color has-white-color has-alpha-channel-opacity has-white-background-color has-background aligncenter\"\/>\n<\/div><\/div>\n\n\n\n<div style=\"height:40px\" aria-hidden=\"true\" class=\"wp-block-spacer\"><\/div>\n\n\n\n<h2 class=\"wp-block-heading has-text-align-center\"><strong>Competent, objective and independent.<\/strong><\/h2>\n\n\n\n<p class=\"has-text-align-center\" style=\"font-size:18px\"><strong>We look after your IT projects<\/strong>:<strong>  For software solutions that get you there!<\/strong><\/p>\n\n\n\n<div class=\"wp-block-columns alignwide is-layout-flex wp-container-core-columns-is-layout-9d6595d7 wp-block-columns-is-layout-flex\">\n<div class=\"wp-block-column has-ast-global-color-4-background-color has-background is-layout-flow wp-block-column-is-layout-flow\">\n<div style=\"height:20px\" aria-hidden=\"true\" class=\"wp-block-spacer\"><\/div>\n\n\n\n<h3 class=\"wp-block-heading has-text-align-center has-ast-global-color-2-color has-text-color\"><strong>Our know-how for your project:<\/strong><\/h3>\n\n\n\n<p class=\"has-text-align-center has-ast-global-color-3-color has-text-color\">Regardless of whether you are using software from ITL, a third-party vendor or your own solution: <\/p>\n\n\n\n<p class=\"has-text-align-center has-ast-global-color-3-color has-text-color\">We are at your side with our experience from the analysis, through the planning to the realization of your project.<\/p>\n<\/div>\n\n\n\n<div class=\"wp-block-column has-ast-global-color-4-background-color has-background is-layout-flow wp-block-column-is-layout-flow\">\n<div style=\"height:20px\" aria-hidden=\"true\" class=\"wp-block-spacer\"><\/div>\n\n\n\n<h3 class=\"wp-block-heading has-text-align-center has-ast-global-color-2-color has-text-color\"><strong>Good from experience<\/strong><br><\/h3>\n\n\n\n<p class=\"has-text-align-center has-ast-global-color-3-color has-text-color\">As a long-standing partner of pharmaceutical companies, we are very familiar with the special requirements, structures and processes as well as the current developments in the business. <\/p>\n\n\n\n<p class=\"has-text-align-center has-ast-global-color-3-color has-text-color\">This specific knowledge and practical experience in software development and implementation is what makes our consulting so valuable.<\/p>\n<\/div>\n\n\n\n<div class=\"wp-block-column has-ast-global-color-4-background-color has-background is-layout-flow wp-block-column-is-layout-flow\">\n<div style=\"height:20px\" aria-hidden=\"true\" class=\"wp-block-spacer\"><\/div>\n\n\n\n<h3 class=\"wp-block-heading has-text-align-center has-ast-global-color-2-color has-text-color\"><strong>With the view of an external<\/strong><\/h3>\n\n\n\n<p class=\"has-text-align-center\">Objectively, independent of software providers and without a prefabricated concept. Because no company is like the other. <\/p>\n\n\n\n<p class=\"has-text-align-center\">Every company has its own individual characteristics and needs. Every company needs \"its\" very individual solution. <\/p>\n<\/div>\n<\/div>\n\n\n\n<div style=\"height:45px\" aria-hidden=\"true\" class=\"wp-block-spacer\"><\/div>\n\n\n\n<p class=\"has-text-align-center\"><strong>You can be sure with us:<br>You get a solution that optimally supports your business processes.<\/strong><\/p>\n\n\n\n<p class=\"has-text-align-center translation-block\">In close cooperation with our customers, we analyze existing processes and specify the requirements.<br>We identify optimization potential and develop solutions - taking into account all influencing factors, <br>such as existing structures, processes and IT systems.<\/p>\n\n\n\n<p class=\"has-text-align-center\">And very important: the involvement of all employees.<\/p>\n\n\n\n<div style=\"height:40px\" aria-hidden=\"true\" class=\"wp-block-spacer\"><\/div>","protected":false},"excerpt":{"rendered":"<p>Kompetent, objektiv und unabh\u00e4ngig. Wir betreuen Ihre IT-Projekte: F\u00fcr Software-L\u00f6sungen, die Sie ans Ziel bringen! Unser Know how f\u00fcr Ihr Projekt Ganz unabh\u00e4ngig davon, ob es um den Einsatz einer Software von ITL, von einem Drittanbieter oder Ihrer eigenen L\u00f6sung geht: Wir stehen Ihnen mit unserer Erfahrung von der Analyse, \u00fcber die Planung bis hin &hellip;<\/p>\n<p class=\"read-more\"> <a class=\"\" href=\"https:\/\/itlgmbh.de\/en\/beratung\/\"> <span class=\"screen-reader-text\">Consulting<\/span> Read More &raquo;<\/a><\/p>","protected":false},"author":2,"featured_media":0,"parent":0,"menu_order":0,"comment_status":"closed","ping_status":"closed","template":"","meta":{"_uag_custom_page_level_css":"","site-sidebar-layout":"default","site-content-layout":"plain-container","ast-main-header-display":"","ast-hfb-above-header-display":"","ast-hfb-below-header-display":"","ast-hfb-mobile-header-display":"","site-post-title":"disabled","ast-breadcrumbs-content":"","ast-featured-img":"","footer-sml-layout":"","theme-transparent-header-meta":"enabled","adv-header-id-meta":"","stick-header-meta":"","header-above-stick-meta":"","header-main-stick-meta":"","header-below-stick-meta":"","footnotes":""},"class_list":["post-658","page","type-page","status-publish","hentry"],"yoast_head":"<!-- This site is optimized with the Yoast SEO plugin v26.4 - https:\/\/yoast.com\/wordpress\/plugins\/seo\/ -->\n<title>Beratung - ITL GmbH<\/title>\n<meta name=\"robots\" content=\"index, follow, max-snippet:-1, max-image-preview:large, max-video-preview:-1\" \/>\n<link rel=\"canonical\" href=\"https:\/\/itlgmbh.de\/en\/beratung\/\" \/>\n<meta property=\"og:locale\" content=\"en_GB\" \/>\n<meta property=\"og:type\" content=\"article\" \/>\n<meta property=\"og:title\" content=\"Beratung - ITL GmbH\" \/>\n<meta property=\"og:description\" content=\"Kompetent, objektiv und unabh\u00e4ngig. Wir betreuen Ihre IT-Projekte: F\u00fcr Software-L\u00f6sungen, die Sie ans Ziel bringen! Unser Know how f\u00fcr Ihr Projekt Ganz unabh\u00e4ngig davon, ob es um den Einsatz einer Software von ITL, von einem Drittanbieter oder Ihrer eigenen L\u00f6sung geht: Wir stehen Ihnen mit unserer Erfahrung von der Analyse, \u00fcber die Planung bis hin &hellip; Beratung Read More &raquo;\" \/>\n<meta property=\"og:url\" content=\"https:\/\/itlgmbh.de\/en\/beratung\/\" \/>\n<meta property=\"og:site_name\" content=\"ITL GmbH\" \/>\n<meta property=\"article:modified_time\" content=\"2023-09-01T09:44:29+00:00\" \/>\n<meta property=\"og:image\" content=\"https:\/\/itlgmbh.de\/wp-content\/uploads\/2023\/09\/beratung-1.png\" \/>\n<meta name=\"twitter:card\" content=\"summary_large_image\" \/>\n<meta name=\"twitter:label1\" content=\"Estimated reading time\" \/>\n\t<meta name=\"twitter:data1\" content=\"2 minutes\" \/>\n<script type=\"application\/ld+json\" class=\"yoast-schema-graph\">{\"@context\":\"https:\/\/schema.org\",\"@graph\":[{\"@type\":\"WebPage\",\"@id\":\"https:\/\/itlgmbh.de\/beratung\/\",\"url\":\"https:\/\/itlgmbh.de\/beratung\/\",\"name\":\"Beratung - ITL GmbH\",\"isPartOf\":{\"@id\":\"https:\/\/itlgmbh.de\/#website\"},\"primaryImageOfPage\":{\"@id\":\"https:\/\/itlgmbh.de\/beratung\/#primaryimage\"},\"image\":{\"@id\":\"https:\/\/itlgmbh.de\/beratung\/#primaryimage\"},\"thumbnailUrl\":\"https:\/\/itlgmbh.de\/wp-content\/uploads\/2023\/09\/beratung-1.png\",\"datePublished\":\"2022-06-22T11:35:46+00:00\",\"dateModified\":\"2023-09-01T09:44:29+00:00\",\"breadcrumb\":{\"@id\":\"https:\/\/itlgmbh.de\/beratung\/#breadcrumb\"},\"inLanguage\":\"en-GB\",\"potentialAction\":[{\"@type\":\"ReadAction\",\"target\":[\"https:\/\/itlgmbh.de\/beratung\/\"]}]},{\"@type\":\"ImageObject\",\"inLanguage\":\"en-GB\",\"@id\":\"https:\/\/itlgmbh.de\/beratung\/#primaryimage\",\"url\":\"https:\/\/itlgmbh.de\/wp-content\/uploads\/2023\/09\/beratung-1.png\",\"contentUrl\":\"https:\/\/itlgmbh.de\/wp-content\/uploads\/2023\/09\/beratung-1.png\"},{\"@type\":\"BreadcrumbList\",\"@id\":\"https:\/\/itlgmbh.de\/beratung\/#breadcrumb\",\"itemListElement\":[{\"@type\":\"ListItem\",\"position\":1,\"name\":\"Startseite\",\"item\":\"https:\/\/itlgmbh.de\/\"},{\"@type\":\"ListItem\",\"position\":2,\"name\":\"Beratung\"}]},{\"@type\":\"WebSite\",\"@id\":\"https:\/\/itlgmbh.de\/#website\",\"url\":\"https:\/\/itlgmbh.de\/\",\"name\":\"ITL GmbH\",\"description\":\"Eine weitere WordPress-Website\",\"publisher\":{\"@id\":\"https:\/\/itlgmbh.de\/#organization\"},\"potentialAction\":[{\"@type\":\"SearchAction\",\"target\":{\"@type\":\"EntryPoint\",\"urlTemplate\":\"https:\/\/itlgmbh.de\/?s={search_term_string}\"},\"query-input\":{\"@type\":\"PropertyValueSpecification\",\"valueRequired\":true,\"valueName\":\"search_term_string\"}}],\"inLanguage\":\"en-GB\"},{\"@type\":\"Organization\",\"@id\":\"https:\/\/itlgmbh.de\/#organization\",\"name\":\"ITL GmbH\",\"url\":\"https:\/\/itlgmbh.de\/\",\"logo\":{\"@type\":\"ImageObject\",\"inLanguage\":\"en-GB\",\"@id\":\"https:\/\/itlgmbh.de\/#\/schema\/logo\/image\/\",\"url\":\"https:\/\/itlgmbh.de\/wp-content\/uploads\/2022\/06\/cropped-Logo.gif\",\"contentUrl\":\"https:\/\/itlgmbh.de\/wp-content\/uploads\/2022\/06\/cropped-Logo.gif\",\"width\":496,\"height\":289,\"caption\":\" ITL GmbH\"},\"image\":{\"@id\":\"https:\/\/itlgmbh.de\/#\/schema\/logo\/image\/\"}}]}<\/script>\n<!-- \/ Yoast SEO plugin. -->","yoast_head_json":{"title":"Beratung - ITL GmbH","robots":{"index":"index","follow":"follow","max-snippet":"max-snippet:-1","max-image-preview":"max-image-preview:large","max-video-preview":"max-video-preview:-1"},"canonical":"https:\/\/itlgmbh.de\/en\/beratung\/","og_locale":"en_GB","og_type":"article","og_title":"Beratung - ITL GmbH","og_description":"Kompetent, objektiv und unabh\u00e4ngig. Wir betreuen Ihre IT-Projekte: F\u00fcr Software-L\u00f6sungen, die Sie ans Ziel bringen! Unser Know how f\u00fcr Ihr Projekt Ganz unabh\u00e4ngig davon, ob es um den Einsatz einer Software von ITL, von einem Drittanbieter oder Ihrer eigenen L\u00f6sung geht: Wir stehen Ihnen mit unserer Erfahrung von der Analyse, \u00fcber die Planung bis hin &hellip; Beratung Read More &raquo;","og_url":"https:\/\/itlgmbh.de\/en\/beratung\/","og_site_name":"ITL GmbH","article_modified_time":"2023-09-01T09:44:29+00:00","og_image":[{"url":"https:\/\/itlgmbh.de\/wp-content\/uploads\/2023\/09\/beratung-1.png","type":"","width":"","height":""}],"twitter_card":"summary_large_image","twitter_misc":{"Estimated reading time":"2 minutes"},"schema":{"@context":"https:\/\/schema.org","@graph":[{"@type":"WebPage","@id":"https:\/\/itlgmbh.de\/beratung\/","url":"https:\/\/itlgmbh.de\/beratung\/","name":"Beratung - ITL GmbH","isPartOf":{"@id":"https:\/\/itlgmbh.de\/#website"},"primaryImageOfPage":{"@id":"https:\/\/itlgmbh.de\/beratung\/#primaryimage"},"image":{"@id":"https:\/\/itlgmbh.de\/beratung\/#primaryimage"},"thumbnailUrl":"https:\/\/itlgmbh.de\/wp-content\/uploads\/2023\/09\/beratung-1.png","datePublished":"2022-06-22T11:35:46+00:00","dateModified":"2023-09-01T09:44:29+00:00","breadcrumb":{"@id":"https:\/\/itlgmbh.de\/beratung\/#breadcrumb"},"inLanguage":"en-GB","potentialAction":[{"@type":"ReadAction","target":["https:\/\/itlgmbh.de\/beratung\/"]}]},{"@type":"ImageObject","inLanguage":"en-GB","@id":"https:\/\/itlgmbh.de\/beratung\/#primaryimage","url":"https:\/\/itlgmbh.de\/wp-content\/uploads\/2023\/09\/beratung-1.png","contentUrl":"https:\/\/itlgmbh.de\/wp-content\/uploads\/2023\/09\/beratung-1.png"},{"@type":"BreadcrumbList","@id":"https:\/\/itlgmbh.de\/beratung\/#breadcrumb","itemListElement":[{"@type":"ListItem","position":1,"name":"Startseite","item":"https:\/\/itlgmbh.de\/"},{"@type":"ListItem","position":2,"name":"Beratung"}]},{"@type":"WebSite","@id":"https:\/\/itlgmbh.de\/#website","url":"https:\/\/itlgmbh.de\/","name":"ITL GmbH","description":"Eine weitere WordPress-Website","publisher":{"@id":"https:\/\/itlgmbh.de\/#organization"},"potentialAction":[{"@type":"SearchAction","target":{"@type":"EntryPoint","urlTemplate":"https:\/\/itlgmbh.de\/?s={search_term_string}"},"query-input":{"@type":"PropertyValueSpecification","valueRequired":true,"valueName":"search_term_string"}}],"inLanguage":"en-GB"},{"@type":"Organization","@id":"https:\/\/itlgmbh.de\/#organization","name":"ITL GmbH","url":"https:\/\/itlgmbh.de\/","logo":{"@type":"ImageObject","inLanguage":"en-GB","@id":"https:\/\/itlgmbh.de\/#\/schema\/logo\/image\/","url":"https:\/\/itlgmbh.de\/wp-content\/uploads\/2022\/06\/cropped-Logo.gif","contentUrl":"https:\/\/itlgmbh.de\/wp-content\/uploads\/2022\/06\/cropped-Logo.gif","width":496,"height":289,"caption":" ITL GmbH"},"image":{"@id":"https:\/\/itlgmbh.de\/#\/schema\/logo\/image\/"}}]}},"uagb_featured_image_src":{"full":false,"thumbnail":false,"medium":false,"medium_large":false,"large":false,"1536x1536":false,"2048x2048":false,"trp-custom-language-flag":false},"uagb_author_info":{"display_name":"Nina Tomini","author_link":"https:\/\/itlgmbh.de\/en\/author\/tominnina1\/"},"uagb_comment_info":0,"uagb_excerpt":"Kompetent, objektiv und unabh\u00e4ngig. Wir betreuen Ihre IT-Projekte: F\u00fcr Software-L\u00f6sungen, die Sie ans Ziel bringen! Unser Know how f\u00fcr Ihr Projekt Ganz unabh\u00e4ngig davon, ob es um den Einsatz einer Software von ITL, von einem Drittanbieter oder Ihrer eigenen L\u00f6sung geht: Wir stehen Ihnen mit unserer Erfahrung von der Analyse, \u00fcber die Planung bis hin&hellip;","_links":{"self":[{"href":"https:\/\/itlgmbh.de\/en\/wp-json\/wp\/v2\/pages\/658","targetHints":{"allow":["GET"]}}],"collection":[{"href":"https:\/\/itlgmbh.de\/en\/wp-json\/wp\/v2\/pages"}],"about":[{"href":"https:\/\/itlgmbh.de\/en\/wp-json\/wp\/v2\/types\/page"}],"author":[{"embeddable":true,"href":"https:\/\/itlgmbh.de\/en\/wp-json\/wp\/v2\/users\/2"}],"replies":[{"embeddable":true,"href":"https:\/\/itlgmbh.de\/en\/wp-json\/wp\/v2\/comments?post=658"}],"version-history":[{"count":27,"href":"https:\/\/itlgmbh.de\/en\/wp-json\/wp\/v2\/pages\/658\/revisions"}],"predecessor-version":[{"id":1666,"href":"https:\/\/itlgmbh.de\/en\/wp-json\/wp\/v2\/pages\/658\/revisions\/1666"}],"wp:attachment":[{"href":"https:\/\/itlgmbh.de\/en\/wp-json\/wp\/v2\/media?parent=658"}],"curies":[{"name":"wp","href":"https:\/\/api.w.org\/{rel}","templated":true}]}}