{"id":676,"date":"2022-06-22T14:18:52","date_gmt":"2022-06-22T12:18:52","guid":{"rendered":"https:\/\/itldarmstadt.de\/?page_id=676"},"modified":"2023-08-31T15:59:26","modified_gmt":"2023-08-31T13:59:26","slug":"standardsoftware-individualisiert","status":"publish","type":"page","link":"https:\/\/itlgmbh.de\/en\/standardsoftware-individualisiert\/","title":{"rendered":"Customized standard software"},"content":{"rendered":"<div class=\"wp-block-cover alignfull is-light\" style=\"min-height:550px;aspect-ratio:unset;\"><span aria-hidden=\"true\" class=\"wp-block-cover__background has-ast-global-color-6-background-color has-background-dim\"><\/span><img loading=\"lazy\" decoding=\"async\" width=\"2721\" height=\"858\" class=\"wp-block-cover__image-background wp-image-1051\" alt=\"\" src=\"https:\/\/itldarmstadt.de\/wp-content\/uploads\/2023\/05\/ITL.png\" data-object-fit=\"cover\" srcset=\"https:\/\/itlgmbh.de\/wp-content\/uploads\/2023\/05\/ITL.png 2721w, https:\/\/itlgmbh.de\/wp-content\/uploads\/2023\/05\/ITL-300x95.png 300w, https:\/\/itlgmbh.de\/wp-content\/uploads\/2023\/05\/ITL-1024x323.png 1024w, https:\/\/itlgmbh.de\/wp-content\/uploads\/2023\/05\/ITL-768x242.png 768w, https:\/\/itlgmbh.de\/wp-content\/uploads\/2023\/05\/ITL-1536x484.png 1536w, https:\/\/itlgmbh.de\/wp-content\/uploads\/2023\/05\/ITL-2048x646.png 2048w, https:\/\/itlgmbh.de\/wp-content\/uploads\/2023\/05\/ITL-18x6.png 18w\" sizes=\"auto, (max-width: 2721px) 100vw, 2721px\" \/><div class=\"wp-block-cover__inner-container is-layout-flow wp-block-cover-is-layout-flow\">\n<p class=\"has-text-align-center has-ast-global-color-7-color has-text-color\">Things we do for you<\/p>\n\n\n\n<h1 class=\"wp-block-heading has-text-align-center has-ast-global-color-7-color has-text-color\">Customized standard software<\/h1>\n\n\n\n<hr class=\"wp-block-separator has-text-color has-white-color has-alpha-channel-opacity has-white-background-color has-background aligncenter\"\/>\n<\/div><\/div>\n\n\n\n<div style=\"height:40px\" aria-hidden=\"true\" class=\"wp-block-spacer\"><\/div>\n\n\n\n<h2 class=\"wp-block-heading has-text-align-center\">Advantage: Saves time and protects the budget<\/h2>\n\n\n\n<p class=\"has-text-align-center\" style=\"font-size:18px\"><strong>Combination of the advantages of standard software with the advantages of individual software systems.<\/strong>.<\/p>\n\n\n\n<p class=\"has-text-align-center has-ast-global-color-4-background-color has-background\">The alternative to individual software is the combination of the advantages of standard software with the advantages of individual software systems. <br>Thanks to a high degree of customization, ITL software solutions can be integrated into existing business processes. <br>By adapting to the needs and requirements of our clients, the operational processes are optimally supported.<\/p>\n\n\n\n<div style=\"height:45px\" aria-hidden=\"true\" class=\"wp-block-spacer\"><\/div>\n\n\n\n<div class=\"wp-block-buttons is-content-justification-center is-layout-flex wp-container-core-buttons-is-layout-16018d1d wp-block-buttons-is-layout-flex\">\n<div class=\"wp-block-button\"><a class=\"wp-block-button__link wp-element-button\" href=\"https:\/\/itlgmbh.de\/en\/?page_id=1183\">Learn more about the standard solutions<\/a><\/div>\n<\/div>\n\n\n\n<div style=\"height:40px\" aria-hidden=\"true\" class=\"wp-block-spacer\"><\/div>","protected":false},"excerpt":{"rendered":"<p>Vorteil: Spart Zeit und schont das Budget Kombination der Vorteile einer Standardsoftware mit den Vorteilen individueller Softwaresysteme. Die Alternative zu einer Individualsoftware ist die Kombination der Vorteile einer Standardsoftware mit den Vorteilen individueller Softwaresysteme. Dank eines hohen Individualisierungsgrades lassen sich ITL-Softwarel\u00f6sungen in vorhandene Gesch\u00e4ftsprozesse eingliedern. Durch die Anpassung an die Bed\u00fcrfnisse und Anforderungen unserer Kunden &hellip;<\/p>\n<p class=\"read-more\"> <a class=\"\" href=\"https:\/\/itlgmbh.de\/en\/standardsoftware-individualisiert\/\"> <span class=\"screen-reader-text\">Customized standard software<\/span> Read More &raquo;<\/a><\/p>","protected":false},"author":2,"featured_media":0,"parent":0,"menu_order":0,"comment_status":"closed","ping_status":"closed","template":"","meta":{"_uag_custom_page_level_css":"","site-sidebar-layout":"default","site-content-layout":"plain-container","ast-main-header-display":"","ast-hfb-above-header-display":"","ast-hfb-below-header-display":"","ast-hfb-mobile-header-display":"","site-post-title":"disabled","ast-breadcrumbs-content":"","ast-featured-img":"","footer-sml-layout":"","theme-transparent-header-meta":"enabled","adv-header-id-meta":"","stick-header-meta":"","header-above-stick-meta":"","header-main-stick-meta":"","header-below-stick-meta":"","footnotes":""},"class_list":["post-676","page","type-page","status-publish","hentry"],"yoast_head":"<!-- This site is optimized with the Yoast SEO plugin v26.4 - https:\/\/yoast.com\/wordpress\/plugins\/seo\/ -->\n<title>Standardsoftware individualisiert - ITL GmbH<\/title>\n<meta name=\"description\" content=\"ITL GmbH - Standardsoftware individualisiert\" \/>\n<meta name=\"robots\" content=\"index, follow, max-snippet:-1, max-image-preview:large, max-video-preview:-1\" \/>\n<link rel=\"canonical\" href=\"https:\/\/itlgmbh.de\/en\/standardsoftware-individualisiert\/\" \/>\n<meta property=\"og:locale\" content=\"en_GB\" \/>\n<meta property=\"og:type\" content=\"article\" \/>\n<meta property=\"og:title\" content=\"Standardsoftware individualisiert - ITL GmbH\" \/>\n<meta property=\"og:description\" content=\"ITL GmbH - Standardsoftware individualisiert\" \/>\n<meta property=\"og:url\" content=\"https:\/\/itlgmbh.de\/en\/standardsoftware-individualisiert\/\" \/>\n<meta property=\"og:site_name\" content=\"ITL GmbH\" \/>\n<meta property=\"article:modified_time\" content=\"2023-08-31T13:59:26+00:00\" \/>\n<meta property=\"og:image\" content=\"https:\/\/itldarmstadt.de\/wp-content\/uploads\/2023\/05\/ITL.png\" \/>\n<meta name=\"twitter:card\" content=\"summary_large_image\" \/>\n<meta name=\"twitter:label1\" content=\"Estimated reading time\" \/>\n\t<meta name=\"twitter:data1\" content=\"1 minute\" \/>\n<script type=\"application\/ld+json\" class=\"yoast-schema-graph\">{\"@context\":\"https:\/\/schema.org\",\"@graph\":[{\"@type\":\"WebPage\",\"@id\":\"https:\/\/itlgmbh.de\/standardsoftware-individualisiert\/\",\"url\":\"https:\/\/itlgmbh.de\/standardsoftware-individualisiert\/\",\"name\":\"Standardsoftware individualisiert - ITL GmbH\",\"isPartOf\":{\"@id\":\"https:\/\/itlgmbh.de\/#website\"},\"primaryImageOfPage\":{\"@id\":\"https:\/\/itlgmbh.de\/standardsoftware-individualisiert\/#primaryimage\"},\"image\":{\"@id\":\"https:\/\/itlgmbh.de\/standardsoftware-individualisiert\/#primaryimage\"},\"thumbnailUrl\":\"https:\/\/itldarmstadt.de\/wp-content\/uploads\/2023\/05\/ITL.png\",\"datePublished\":\"2022-06-22T12:18:52+00:00\",\"dateModified\":\"2023-08-31T13:59:26+00:00\",\"description\":\"ITL GmbH - Standardsoftware individualisiert\",\"breadcrumb\":{\"@id\":\"https:\/\/itlgmbh.de\/standardsoftware-individualisiert\/#breadcrumb\"},\"inLanguage\":\"en-GB\",\"potentialAction\":[{\"@type\":\"ReadAction\",\"target\":[\"https:\/\/itlgmbh.de\/standardsoftware-individualisiert\/\"]}]},{\"@type\":\"ImageObject\",\"inLanguage\":\"en-GB\",\"@id\":\"https:\/\/itlgmbh.de\/standardsoftware-individualisiert\/#primaryimage\",\"url\":\"https:\/\/itldarmstadt.de\/wp-content\/uploads\/2023\/05\/ITL.png\",\"contentUrl\":\"https:\/\/itldarmstadt.de\/wp-content\/uploads\/2023\/05\/ITL.png\"},{\"@type\":\"BreadcrumbList\",\"@id\":\"https:\/\/itlgmbh.de\/standardsoftware-individualisiert\/#breadcrumb\",\"itemListElement\":[{\"@type\":\"ListItem\",\"position\":1,\"name\":\"Startseite\",\"item\":\"https:\/\/itlgmbh.de\/\"},{\"@type\":\"ListItem\",\"position\":2,\"name\":\"Standardsoftware individualisiert\"}]},{\"@type\":\"WebSite\",\"@id\":\"https:\/\/itlgmbh.de\/#website\",\"url\":\"https:\/\/itlgmbh.de\/\",\"name\":\"ITL GmbH\",\"description\":\"Eine weitere WordPress-Website\",\"publisher\":{\"@id\":\"https:\/\/itlgmbh.de\/#organization\"},\"potentialAction\":[{\"@type\":\"SearchAction\",\"target\":{\"@type\":\"EntryPoint\",\"urlTemplate\":\"https:\/\/itlgmbh.de\/?s={search_term_string}\"},\"query-input\":{\"@type\":\"PropertyValueSpecification\",\"valueRequired\":true,\"valueName\":\"search_term_string\"}}],\"inLanguage\":\"en-GB\"},{\"@type\":\"Organization\",\"@id\":\"https:\/\/itlgmbh.de\/#organization\",\"name\":\"ITL GmbH\",\"url\":\"https:\/\/itlgmbh.de\/\",\"logo\":{\"@type\":\"ImageObject\",\"inLanguage\":\"en-GB\",\"@id\":\"https:\/\/itlgmbh.de\/#\/schema\/logo\/image\/\",\"url\":\"https:\/\/itlgmbh.de\/wp-content\/uploads\/2022\/06\/cropped-Logo.gif\",\"contentUrl\":\"https:\/\/itlgmbh.de\/wp-content\/uploads\/2022\/06\/cropped-Logo.gif\",\"width\":496,\"height\":289,\"caption\":\" ITL GmbH\"},\"image\":{\"@id\":\"https:\/\/itlgmbh.de\/#\/schema\/logo\/image\/\"}}]}<\/script>\n<!-- \/ Yoast SEO plugin. -->","yoast_head_json":{"title":"Standardsoftware individualisiert - ITL GmbH","description":"ITL GmbH - Standardsoftware individualisiert","robots":{"index":"index","follow":"follow","max-snippet":"max-snippet:-1","max-image-preview":"max-image-preview:large","max-video-preview":"max-video-preview:-1"},"canonical":"https:\/\/itlgmbh.de\/en\/standardsoftware-individualisiert\/","og_locale":"en_GB","og_type":"article","og_title":"Standardsoftware individualisiert - ITL GmbH","og_description":"ITL GmbH - Standardsoftware individualisiert","og_url":"https:\/\/itlgmbh.de\/en\/standardsoftware-individualisiert\/","og_site_name":"ITL GmbH","article_modified_time":"2023-08-31T13:59:26+00:00","og_image":[{"url":"https:\/\/itldarmstadt.de\/wp-content\/uploads\/2023\/05\/ITL.png","type":"","width":"","height":""}],"twitter_card":"summary_large_image","twitter_misc":{"Estimated reading time":"1 minute"},"schema":{"@context":"https:\/\/schema.org","@graph":[{"@type":"WebPage","@id":"https:\/\/itlgmbh.de\/standardsoftware-individualisiert\/","url":"https:\/\/itlgmbh.de\/standardsoftware-individualisiert\/","name":"Standardsoftware individualisiert - ITL GmbH","isPartOf":{"@id":"https:\/\/itlgmbh.de\/#website"},"primaryImageOfPage":{"@id":"https:\/\/itlgmbh.de\/standardsoftware-individualisiert\/#primaryimage"},"image":{"@id":"https:\/\/itlgmbh.de\/standardsoftware-individualisiert\/#primaryimage"},"thumbnailUrl":"https:\/\/itldarmstadt.de\/wp-content\/uploads\/2023\/05\/ITL.png","datePublished":"2022-06-22T12:18:52+00:00","dateModified":"2023-08-31T13:59:26+00:00","description":"ITL GmbH - Standardsoftware individualisiert","breadcrumb":{"@id":"https:\/\/itlgmbh.de\/standardsoftware-individualisiert\/#breadcrumb"},"inLanguage":"en-GB","potentialAction":[{"@type":"ReadAction","target":["https:\/\/itlgmbh.de\/standardsoftware-individualisiert\/"]}]},{"@type":"ImageObject","inLanguage":"en-GB","@id":"https:\/\/itlgmbh.de\/standardsoftware-individualisiert\/#primaryimage","url":"https:\/\/itldarmstadt.de\/wp-content\/uploads\/2023\/05\/ITL.png","contentUrl":"https:\/\/itldarmstadt.de\/wp-content\/uploads\/2023\/05\/ITL.png"},{"@type":"BreadcrumbList","@id":"https:\/\/itlgmbh.de\/standardsoftware-individualisiert\/#breadcrumb","itemListElement":[{"@type":"ListItem","position":1,"name":"Startseite","item":"https:\/\/itlgmbh.de\/"},{"@type":"ListItem","position":2,"name":"Standardsoftware individualisiert"}]},{"@type":"WebSite","@id":"https:\/\/itlgmbh.de\/#website","url":"https:\/\/itlgmbh.de\/","name":"ITL GmbH","description":"Eine weitere WordPress-Website","publisher":{"@id":"https:\/\/itlgmbh.de\/#organization"},"potentialAction":[{"@type":"SearchAction","target":{"@type":"EntryPoint","urlTemplate":"https:\/\/itlgmbh.de\/?s={search_term_string}"},"query-input":{"@type":"PropertyValueSpecification","valueRequired":true,"valueName":"search_term_string"}}],"inLanguage":"en-GB"},{"@type":"Organization","@id":"https:\/\/itlgmbh.de\/#organization","name":"ITL GmbH","url":"https:\/\/itlgmbh.de\/","logo":{"@type":"ImageObject","inLanguage":"en-GB","@id":"https:\/\/itlgmbh.de\/#\/schema\/logo\/image\/","url":"https:\/\/itlgmbh.de\/wp-content\/uploads\/2022\/06\/cropped-Logo.gif","contentUrl":"https:\/\/itlgmbh.de\/wp-content\/uploads\/2022\/06\/cropped-Logo.gif","width":496,"height":289,"caption":" ITL GmbH"},"image":{"@id":"https:\/\/itlgmbh.de\/#\/schema\/logo\/image\/"}}]}},"uagb_featured_image_src":{"full":false,"thumbnail":false,"medium":false,"medium_large":false,"large":false,"1536x1536":false,"2048x2048":false,"trp-custom-language-flag":false},"uagb_author_info":{"display_name":"Nina Tomini","author_link":"https:\/\/itlgmbh.de\/en\/author\/tominnina1\/"},"uagb_comment_info":0,"uagb_excerpt":"Vorteil: Spart Zeit und schont das Budget Kombination der Vorteile einer Standardsoftware mit den Vorteilen individueller Softwaresysteme. Die Alternative zu einer Individualsoftware ist die Kombination der Vorteile einer Standardsoftware mit den Vorteilen individueller Softwaresysteme. Dank eines hohen Individualisierungsgrades lassen sich ITL-Softwarel\u00f6sungen in vorhandene Gesch\u00e4ftsprozesse eingliedern. Durch die Anpassung an die Bed\u00fcrfnisse und Anforderungen unserer Kunden&hellip;","_links":{"self":[{"href":"https:\/\/itlgmbh.de\/en\/wp-json\/wp\/v2\/pages\/676","targetHints":{"allow":["GET"]}}],"collection":[{"href":"https:\/\/itlgmbh.de\/en\/wp-json\/wp\/v2\/pages"}],"about":[{"href":"https:\/\/itlgmbh.de\/en\/wp-json\/wp\/v2\/types\/page"}],"author":[{"embeddable":true,"href":"https:\/\/itlgmbh.de\/en\/wp-json\/wp\/v2\/users\/2"}],"replies":[{"embeddable":true,"href":"https:\/\/itlgmbh.de\/en\/wp-json\/wp\/v2\/comments?post=676"}],"version-history":[{"count":26,"href":"https:\/\/itlgmbh.de\/en\/wp-json\/wp\/v2\/pages\/676\/revisions"}],"predecessor-version":[{"id":1637,"href":"https:\/\/itlgmbh.de\/en\/wp-json\/wp\/v2\/pages\/676\/revisions\/1637"}],"wp:attachment":[{"href":"https:\/\/itlgmbh.de\/en\/wp-json\/wp\/v2\/media?parent=676"}],"curies":[{"name":"wp","href":"https:\/\/api.w.org\/{rel}","templated":true}]}}