{"id":688,"date":"2022-06-22T14:27:29","date_gmt":"2022-06-22T12:27:29","guid":{"rendered":"https:\/\/itldarmstadt.de\/?page_id=688"},"modified":"2023-08-31T15:58:20","modified_gmt":"2023-08-31T13:58:20","slug":"individualsoftware","status":"publish","type":"page","link":"https:\/\/itlgmbh.de\/en\/individualsoftware\/","title":{"rendered":"Customized software"},"content":{"rendered":"<div class=\"wp-block-cover alignfull is-light\" style=\"min-height:550px;aspect-ratio:unset;\"><span aria-hidden=\"true\" class=\"wp-block-cover__background has-ast-global-color-6-background-color has-background-dim\"><\/span><img loading=\"lazy\" decoding=\"async\" width=\"2721\" height=\"858\" class=\"wp-block-cover__image-background wp-image-1051\" alt=\"\" src=\"https:\/\/itldarmstadt.de\/wp-content\/uploads\/2023\/05\/ITL.png\" data-object-fit=\"cover\" srcset=\"https:\/\/itlgmbh.de\/wp-content\/uploads\/2023\/05\/ITL.png 2721w, https:\/\/itlgmbh.de\/wp-content\/uploads\/2023\/05\/ITL-300x95.png 300w, https:\/\/itlgmbh.de\/wp-content\/uploads\/2023\/05\/ITL-1024x323.png 1024w, https:\/\/itlgmbh.de\/wp-content\/uploads\/2023\/05\/ITL-768x242.png 768w, https:\/\/itlgmbh.de\/wp-content\/uploads\/2023\/05\/ITL-1536x484.png 1536w, https:\/\/itlgmbh.de\/wp-content\/uploads\/2023\/05\/ITL-2048x646.png 2048w, https:\/\/itlgmbh.de\/wp-content\/uploads\/2023\/05\/ITL-18x6.png 18w\" sizes=\"auto, (max-width: 2721px) 100vw, 2721px\" \/><div class=\"wp-block-cover__inner-container is-layout-flow wp-block-cover-is-layout-flow\">\n<p class=\"has-text-align-center has-ast-global-color-7-color has-text-color\">Things we do for you<\/p>\n\n\n\n<h1 class=\"wp-block-heading has-text-align-center has-ast-global-color-7-color has-text-color\">Customized software<\/h1>\n\n\n\n<hr class=\"wp-block-separator has-text-color has-white-color has-alpha-channel-opacity has-white-background-color has-background aligncenter\"\/>\n<\/div><\/div>\n\n\n\n<div style=\"height:40px\" aria-hidden=\"true\" class=\"wp-block-spacer\"><\/div>\n\n\n\n<h2 class=\"wp-block-heading has-text-align-center\"><strong>Customized software as a real factor for success!<\/strong><\/h2>\n\n\n\n<p class=\"has-text-align-center\" style=\"font-size:18px\">Customized software - precisely tailored to customer-specific requirements and needs.<\/p>\n\n\n\n<div class=\"wp-block-columns alignwide is-layout-flex wp-container-core-columns-is-layout-9d6595d7 wp-block-columns-is-layout-flex\">\n<div class=\"wp-block-column has-ast-global-color-4-background-color has-background is-layout-flow wp-block-column-is-layout-flow\">\n<div style=\"height:20px\" aria-hidden=\"true\" class=\"wp-block-spacer\"><\/div>\n\n\n\n<h3 class=\"wp-block-heading has-text-align-center has-ast-global-color-2-color has-text-color has-medium-font-size translation-block\">Special requirements. <br>Individual solutions.<\/h3>\n\n\n\n<p class=\"has-text-align-center has-ast-global-color-3-color has-text-color translation-block\">No two companies are the same. Special requirements often call for individual solutions. But it does not have to be!<br><br>ITL offers a more efficient and in many cases also more cost-effective alternative to standard products - the individual solution.<br><br>Customized solutions are highly efficient: They provide optimum support for in-house processes, free up resources and reduce costs.<br><br><\/p>\n\n\n\n<hr class=\"wp-block-separator has-alpha-channel-opacity is-style-dots\"\/>\n\n\n\n<p class=\"has-text-align-center has-ast-global-color-3-color has-text-color\"><strong>Our goal: <br>Software solutions with real added value!<\/strong><\/p>\n<\/div>\n\n\n\n<div class=\"wp-block-column has-ast-global-color-4-background-color has-background is-layout-flow wp-block-column-is-layout-flow\">\n<div style=\"height:20px\" aria-hidden=\"true\" class=\"wp-block-spacer\"><\/div>\n\n\n\n<h3 class=\"wp-block-heading has-text-align-center has-ast-global-color-2-color has-text-color has-medium-font-size translation-block\">Our experience.<br>Your advantage.<\/h3>\n\n\n\n<p class=\"has-text-align-center has-ast-global-color-3-color has-text-color\" style=\"font-size:16px\">With a lot of passion and joy we work for and with our customers on custom-fit software solutions. <br><br>Our know-how after more than 20 years of close cooperation with pharmaceutical companies as well as the intensive analysis of customer needs form the basis for our consulting services and the development of efficient software solutions.<br><br>We take a very close look: The focus of our work is on an exact problem analysis together with our customers. An important factor is the consideration of all influencing factors, such as operational processes, existing IT environment, third-party specifications.<\/p>\n\n\n\n<hr class=\"wp-block-separator has-alpha-channel-opacity is-style-dots\"\/>\n\n\n\n<p class=\"has-text-align-center has-ast-global-color-3-color has-text-color\"><strong>Our promise: <\/strong><br><strong>We work until our clients are satisfied!<\/strong>!<\/p>\n<\/div>\n<\/div>\n\n\n\n<div style=\"height:40px\" aria-hidden=\"true\" class=\"wp-block-spacer\"><\/div>","protected":false},"excerpt":{"rendered":"<p>Individualsoftware als wirklicher Erfolgsfaktor! Ma\u00dfgeschneiderte Software &#8211; exakt zugeschnitten auf kundenspezifische Anforderungen und Bed\u00fcrfnisse. Spezielle Anforderungen. Individuelle L\u00f6sungen. Kein Unternehmen ist wie das andere. Spezielle Anforderungen erfordern oftmals individuelle L\u00f6sungen. Viele Unternehmen finden auf dem Markt oftmals nicht die optimale L\u00f6sungen, sie gehen Kompromisse ein. Aber das muss nicht sein! ITL bietet eine effizientere und &hellip;<\/p>\n<p class=\"read-more\"> <a class=\"\" href=\"https:\/\/itlgmbh.de\/en\/individualsoftware\/\"> <span class=\"screen-reader-text\">Customized software<\/span> Read More &raquo;<\/a><\/p>","protected":false},"author":2,"featured_media":0,"parent":0,"menu_order":0,"comment_status":"closed","ping_status":"closed","template":"","meta":{"_uag_custom_page_level_css":"","site-sidebar-layout":"default","site-content-layout":"plain-container","ast-main-header-display":"","ast-hfb-above-header-display":"","ast-hfb-below-header-display":"","ast-hfb-mobile-header-display":"","site-post-title":"disabled","ast-breadcrumbs-content":"","ast-featured-img":"","footer-sml-layout":"","theme-transparent-header-meta":"enabled","adv-header-id-meta":"","stick-header-meta":"","header-above-stick-meta":"","header-main-stick-meta":"","header-below-stick-meta":"","footnotes":""},"class_list":["post-688","page","type-page","status-publish","hentry"],"yoast_head":"<!-- This site is optimized with the Yoast SEO plugin v26.4 - https:\/\/yoast.com\/wordpress\/plugins\/seo\/ -->\n<title>Individualsoftware - ITL GmbH<\/title>\n<meta name=\"robots\" content=\"index, follow, max-snippet:-1, max-image-preview:large, max-video-preview:-1\" \/>\n<link rel=\"canonical\" href=\"https:\/\/itlgmbh.de\/en\/individualsoftware\/\" \/>\n<meta property=\"og:locale\" content=\"en_GB\" \/>\n<meta property=\"og:type\" content=\"article\" \/>\n<meta property=\"og:title\" content=\"Individualsoftware - ITL GmbH\" \/>\n<meta property=\"og:description\" content=\"Individualsoftware als wirklicher Erfolgsfaktor! Ma\u00dfgeschneiderte Software &#8211; exakt zugeschnitten auf kundenspezifische Anforderungen und Bed\u00fcrfnisse. Spezielle Anforderungen. Individuelle L\u00f6sungen. Kein Unternehmen ist wie das andere. Spezielle Anforderungen erfordern oftmals individuelle L\u00f6sungen. Viele Unternehmen finden auf dem Markt oftmals nicht die optimale L\u00f6sungen, sie gehen Kompromisse ein. Aber das muss nicht sein! ITL bietet eine effizientere und &hellip; Individualsoftware Read More &raquo;\" \/>\n<meta property=\"og:url\" content=\"https:\/\/itlgmbh.de\/en\/individualsoftware\/\" \/>\n<meta property=\"og:site_name\" content=\"ITL GmbH\" \/>\n<meta property=\"article:modified_time\" content=\"2023-08-31T13:58:20+00:00\" \/>\n<meta property=\"og:image\" content=\"https:\/\/itldarmstadt.de\/wp-content\/uploads\/2023\/05\/ITL.png\" \/>\n<meta name=\"twitter:card\" content=\"summary_large_image\" \/>\n<meta name=\"twitter:label1\" content=\"Estimated reading time\" \/>\n\t<meta name=\"twitter:data1\" content=\"2 minutes\" \/>\n<script type=\"application\/ld+json\" class=\"yoast-schema-graph\">{\"@context\":\"https:\/\/schema.org\",\"@graph\":[{\"@type\":\"WebPage\",\"@id\":\"https:\/\/itlgmbh.de\/individualsoftware\/\",\"url\":\"https:\/\/itlgmbh.de\/individualsoftware\/\",\"name\":\"Individualsoftware - ITL GmbH\",\"isPartOf\":{\"@id\":\"https:\/\/itlgmbh.de\/#website\"},\"primaryImageOfPage\":{\"@id\":\"https:\/\/itlgmbh.de\/individualsoftware\/#primaryimage\"},\"image\":{\"@id\":\"https:\/\/itlgmbh.de\/individualsoftware\/#primaryimage\"},\"thumbnailUrl\":\"https:\/\/itldarmstadt.de\/wp-content\/uploads\/2023\/05\/ITL.png\",\"datePublished\":\"2022-06-22T12:27:29+00:00\",\"dateModified\":\"2023-08-31T13:58:20+00:00\",\"breadcrumb\":{\"@id\":\"https:\/\/itlgmbh.de\/individualsoftware\/#breadcrumb\"},\"inLanguage\":\"en-GB\",\"potentialAction\":[{\"@type\":\"ReadAction\",\"target\":[\"https:\/\/itlgmbh.de\/individualsoftware\/\"]}]},{\"@type\":\"ImageObject\",\"inLanguage\":\"en-GB\",\"@id\":\"https:\/\/itlgmbh.de\/individualsoftware\/#primaryimage\",\"url\":\"https:\/\/itldarmstadt.de\/wp-content\/uploads\/2023\/05\/ITL.png\",\"contentUrl\":\"https:\/\/itldarmstadt.de\/wp-content\/uploads\/2023\/05\/ITL.png\"},{\"@type\":\"BreadcrumbList\",\"@id\":\"https:\/\/itlgmbh.de\/individualsoftware\/#breadcrumb\",\"itemListElement\":[{\"@type\":\"ListItem\",\"position\":1,\"name\":\"Startseite\",\"item\":\"https:\/\/itlgmbh.de\/\"},{\"@type\":\"ListItem\",\"position\":2,\"name\":\"Individualsoftware\"}]},{\"@type\":\"WebSite\",\"@id\":\"https:\/\/itlgmbh.de\/#website\",\"url\":\"https:\/\/itlgmbh.de\/\",\"name\":\"ITL GmbH\",\"description\":\"Eine weitere WordPress-Website\",\"publisher\":{\"@id\":\"https:\/\/itlgmbh.de\/#organization\"},\"potentialAction\":[{\"@type\":\"SearchAction\",\"target\":{\"@type\":\"EntryPoint\",\"urlTemplate\":\"https:\/\/itlgmbh.de\/?s={search_term_string}\"},\"query-input\":{\"@type\":\"PropertyValueSpecification\",\"valueRequired\":true,\"valueName\":\"search_term_string\"}}],\"inLanguage\":\"en-GB\"},{\"@type\":\"Organization\",\"@id\":\"https:\/\/itlgmbh.de\/#organization\",\"name\":\"ITL GmbH\",\"url\":\"https:\/\/itlgmbh.de\/\",\"logo\":{\"@type\":\"ImageObject\",\"inLanguage\":\"en-GB\",\"@id\":\"https:\/\/itlgmbh.de\/#\/schema\/logo\/image\/\",\"url\":\"https:\/\/itlgmbh.de\/wp-content\/uploads\/2022\/06\/cropped-Logo.gif\",\"contentUrl\":\"https:\/\/itlgmbh.de\/wp-content\/uploads\/2022\/06\/cropped-Logo.gif\",\"width\":496,\"height\":289,\"caption\":\" ITL GmbH\"},\"image\":{\"@id\":\"https:\/\/itlgmbh.de\/#\/schema\/logo\/image\/\"}}]}<\/script>\n<!-- \/ Yoast SEO plugin. -->","yoast_head_json":{"title":"Individualsoftware - ITL GmbH","robots":{"index":"index","follow":"follow","max-snippet":"max-snippet:-1","max-image-preview":"max-image-preview:large","max-video-preview":"max-video-preview:-1"},"canonical":"https:\/\/itlgmbh.de\/en\/individualsoftware\/","og_locale":"en_GB","og_type":"article","og_title":"Individualsoftware - ITL GmbH","og_description":"Individualsoftware als wirklicher Erfolgsfaktor! Ma\u00dfgeschneiderte Software &#8211; exakt zugeschnitten auf kundenspezifische Anforderungen und Bed\u00fcrfnisse. Spezielle Anforderungen. Individuelle L\u00f6sungen. Kein Unternehmen ist wie das andere. Spezielle Anforderungen erfordern oftmals individuelle L\u00f6sungen. Viele Unternehmen finden auf dem Markt oftmals nicht die optimale L\u00f6sungen, sie gehen Kompromisse ein. Aber das muss nicht sein! ITL bietet eine effizientere und &hellip; Individualsoftware Read More &raquo;","og_url":"https:\/\/itlgmbh.de\/en\/individualsoftware\/","og_site_name":"ITL GmbH","article_modified_time":"2023-08-31T13:58:20+00:00","og_image":[{"url":"https:\/\/itldarmstadt.de\/wp-content\/uploads\/2023\/05\/ITL.png","type":"","width":"","height":""}],"twitter_card":"summary_large_image","twitter_misc":{"Estimated reading time":"2 minutes"},"schema":{"@context":"https:\/\/schema.org","@graph":[{"@type":"WebPage","@id":"https:\/\/itlgmbh.de\/individualsoftware\/","url":"https:\/\/itlgmbh.de\/individualsoftware\/","name":"Individualsoftware - ITL GmbH","isPartOf":{"@id":"https:\/\/itlgmbh.de\/#website"},"primaryImageOfPage":{"@id":"https:\/\/itlgmbh.de\/individualsoftware\/#primaryimage"},"image":{"@id":"https:\/\/itlgmbh.de\/individualsoftware\/#primaryimage"},"thumbnailUrl":"https:\/\/itldarmstadt.de\/wp-content\/uploads\/2023\/05\/ITL.png","datePublished":"2022-06-22T12:27:29+00:00","dateModified":"2023-08-31T13:58:20+00:00","breadcrumb":{"@id":"https:\/\/itlgmbh.de\/individualsoftware\/#breadcrumb"},"inLanguage":"en-GB","potentialAction":[{"@type":"ReadAction","target":["https:\/\/itlgmbh.de\/individualsoftware\/"]}]},{"@type":"ImageObject","inLanguage":"en-GB","@id":"https:\/\/itlgmbh.de\/individualsoftware\/#primaryimage","url":"https:\/\/itldarmstadt.de\/wp-content\/uploads\/2023\/05\/ITL.png","contentUrl":"https:\/\/itldarmstadt.de\/wp-content\/uploads\/2023\/05\/ITL.png"},{"@type":"BreadcrumbList","@id":"https:\/\/itlgmbh.de\/individualsoftware\/#breadcrumb","itemListElement":[{"@type":"ListItem","position":1,"name":"Startseite","item":"https:\/\/itlgmbh.de\/"},{"@type":"ListItem","position":2,"name":"Individualsoftware"}]},{"@type":"WebSite","@id":"https:\/\/itlgmbh.de\/#website","url":"https:\/\/itlgmbh.de\/","name":"ITL GmbH","description":"Eine weitere WordPress-Website","publisher":{"@id":"https:\/\/itlgmbh.de\/#organization"},"potentialAction":[{"@type":"SearchAction","target":{"@type":"EntryPoint","urlTemplate":"https:\/\/itlgmbh.de\/?s={search_term_string}"},"query-input":{"@type":"PropertyValueSpecification","valueRequired":true,"valueName":"search_term_string"}}],"inLanguage":"en-GB"},{"@type":"Organization","@id":"https:\/\/itlgmbh.de\/#organization","name":"ITL GmbH","url":"https:\/\/itlgmbh.de\/","logo":{"@type":"ImageObject","inLanguage":"en-GB","@id":"https:\/\/itlgmbh.de\/#\/schema\/logo\/image\/","url":"https:\/\/itlgmbh.de\/wp-content\/uploads\/2022\/06\/cropped-Logo.gif","contentUrl":"https:\/\/itlgmbh.de\/wp-content\/uploads\/2022\/06\/cropped-Logo.gif","width":496,"height":289,"caption":" ITL GmbH"},"image":{"@id":"https:\/\/itlgmbh.de\/#\/schema\/logo\/image\/"}}]}},"uagb_featured_image_src":{"full":false,"thumbnail":false,"medium":false,"medium_large":false,"large":false,"1536x1536":false,"2048x2048":false,"trp-custom-language-flag":false},"uagb_author_info":{"display_name":"Nina Tomini","author_link":"https:\/\/itlgmbh.de\/en\/author\/tominnina1\/"},"uagb_comment_info":0,"uagb_excerpt":"Individualsoftware als wirklicher Erfolgsfaktor! Ma\u00dfgeschneiderte Software &#8211; exakt zugeschnitten auf kundenspezifische Anforderungen und Bed\u00fcrfnisse. Spezielle Anforderungen. Individuelle L\u00f6sungen. Kein Unternehmen ist wie das andere. Spezielle Anforderungen erfordern oftmals individuelle L\u00f6sungen. Viele Unternehmen finden auf dem Markt oftmals nicht die optimale L\u00f6sungen, sie gehen Kompromisse ein. Aber das muss nicht sein! ITL bietet eine effizientere und&hellip;","_links":{"self":[{"href":"https:\/\/itlgmbh.de\/en\/wp-json\/wp\/v2\/pages\/688","targetHints":{"allow":["GET"]}}],"collection":[{"href":"https:\/\/itlgmbh.de\/en\/wp-json\/wp\/v2\/pages"}],"about":[{"href":"https:\/\/itlgmbh.de\/en\/wp-json\/wp\/v2\/types\/page"}],"author":[{"embeddable":true,"href":"https:\/\/itlgmbh.de\/en\/wp-json\/wp\/v2\/users\/2"}],"replies":[{"embeddable":true,"href":"https:\/\/itlgmbh.de\/en\/wp-json\/wp\/v2\/comments?post=688"}],"version-history":[{"count":22,"href":"https:\/\/itlgmbh.de\/en\/wp-json\/wp\/v2\/pages\/688\/revisions"}],"predecessor-version":[{"id":1635,"href":"https:\/\/itlgmbh.de\/en\/wp-json\/wp\/v2\/pages\/688\/revisions\/1635"}],"wp:attachment":[{"href":"https:\/\/itlgmbh.de\/en\/wp-json\/wp\/v2\/media?parent=688"}],"curies":[{"name":"wp","href":"https:\/\/api.w.org\/{rel}","templated":true}]}}